{"id":5923,"date":"2019-02-05T09:24:11","date_gmt":"2019-02-05T09:24:11","guid":{"rendered":"https:\/\/www.divingtangier.com\/product\/montre-ordinateur-de-plongee-au-poignet\/"},"modified":"2024-10-17T16:01:50","modified_gmt":"2024-10-17T16:01:50","slug":"montre-ordinateur-de-plongee-au-poignet","status":"publish","type":"product","link":"https:\/\/www.divingtangier.com\/fr\/product\/montre-ordinateur-de-plongee-au-poignet\/","title":{"rendered":"Montre ordinateur de plong\u00e9e au poignet"},"content":{"rendered":"<h3>Caract\u00e9ristiques principales :<\/h3>\n<ul>\n<li><strong>Modes de plong\u00e9e personnalisables<\/strong>: Choisissez entre les modes air, nitrox et apn\u00e9e pour vous adapter \u00e0 votre style de plong\u00e9e.<\/li>\n<li><strong>Donn\u00e9es en temps r\u00e9el<\/strong>: Suivez instantan\u00e9ment votre profondeur, votre temps de plong\u00e9e, votre vitesse de remont\u00e9e et la temp\u00e9rature de l&rsquo;eau sur un \u00e9cran clair et facile \u00e0 lire.<\/li>\n<li><strong>Plusieurs gaz<\/strong>: Prise en charge de m\u00e9langes gazeux multiples avec jusqu&rsquo;\u00e0 3 r\u00e9glages nitrox pour la plong\u00e9e technique.<\/li>\n<li><strong>Informations sur la d\u00e9compression<\/strong>: Restez en s\u00e9curit\u00e9 gr\u00e2ce aux alertes visuelles et aux calculs de d\u00e9compression pour \u00e9viter les accidents.<\/li>\n<li><strong>Durable et \u00e9tanche<\/strong>: Con\u00e7u pour r\u00e9sister aux conditions sous-marines les plus difficiles, avec une r\u00e9sistance \u00e0 l&rsquo;eau allant jusqu&rsquo;\u00e0 100 m\u00e8tres (330 pieds).<\/li>\n<li><strong>Connectivit\u00e9 sans fil<\/strong>: Synchronisez vos plong\u00e9es sans fil avec l&rsquo;application Suunto pour consulter les donn\u00e9es de plong\u00e9e et partager vos exp\u00e9riences.<\/li>\n<li><strong>Longue dur\u00e9e de vie de la batterie<\/strong>: Plongez plus longtemps gr\u00e2ce \u00e0 l&rsquo;autonomie impressionnante de la batterie, qui garantit la fiabilit\u00e9 lors des voyages prolong\u00e9s.<\/li>\n<\/ul>\n","protected":false},"excerpt":{"rendered":"<p><strong>Suunto Wrist Dive Computer Watch &#8211; Votre compagnon de plong\u00e9e ultime<\/strong><\/p>\n<p>Faites passer votre exp\u00e9rience de plong\u00e9e au niveau sup\u00e9rieur avec la <strong>montre ordinateur de plong\u00e9e Suunto Wrist<\/strong>. Con\u00e7u pour les plongeurs d\u00e9butants et exp\u00e9riment\u00e9s, cet ordinateur de plong\u00e9e avanc\u00e9 associe une technologie de pointe \u00e0 des fonctions conviviales pour vous garantir une aventure sous-marine s\u00fbre et agr\u00e9able. <\/p>\n<h3><\/h3>\n","protected":false},"featured_media":4944,"comment_status":"open","ping_status":"closed","template":"","meta":{"_joinchat":[]},"product_brand":[],"product_cat":[352],"product_tag":[347,345,344],"class_list":{"0":"post-5923","1":"product","2":"type-product","3":"status-publish","4":"has-post-thumbnail","6":"product_cat-engrenages","7":"product_tag-engrenage","8":"product_tag-plongee","9":"product_tag-plonger","11":"first","12":"instock","13":"shipping-taxable","14":"product-type-simple"},"yoast_head":"<!-- This site is optimized with the Yoast SEO plugin v25.3.1 - https:\/\/yoast.com\/wordpress\/plugins\/seo\/ -->\n<title>Montre ordinateur de plong\u00e9e au poignet |<\/title>\n<meta name=\"robots\" content=\"index, follow, max-snippet:-1, max-image-preview:large, max-video-preview:-1\" \/>\n<link rel=\"canonical\" href=\"https:\/\/www.divingtangier.com\/fr\/product\/montre-ordinateur-de-plongee-au-poignet\/\" \/>\n<meta property=\"og:locale\" content=\"fr_FR\" \/>\n<meta property=\"og:type\" content=\"article\" \/>\n<meta property=\"og:title\" content=\"Montre ordinateur de plong\u00e9e au poignet |\" \/>\n<meta property=\"og:description\" content=\"Suunto Wrist Dive Computer Watch - Votre compagnon de plong\u00e9e ultime Faites passer votre exp\u00e9rience de plong\u00e9e au niveau sup\u00e9rieur avec la montre ordinateur de plong\u00e9e Suunto Wrist. Con\u00e7u pour les plongeurs d\u00e9butants et exp\u00e9riment\u00e9s, cet ordinateur de plong\u00e9e avanc\u00e9 associe une technologie de pointe \u00e0 des fonctions conviviales pour vous garantir une aventure sous-marine s\u00fbre et agr\u00e9able.\" \/>\n<meta property=\"og:url\" content=\"https:\/\/www.divingtangier.com\/fr\/product\/montre-ordinateur-de-plongee-au-poignet\/\" \/>\n<meta property=\"article:publisher\" content=\"https:\/\/www.facebook.com\/TMDCenter\" \/>\n<meta property=\"article:modified_time\" content=\"2024-10-17T16:01:50+00:00\" \/>\n<meta property=\"og:image\" content=\"https:\/\/www.divingtangier.com\/wp-content\/uploads\/2019\/02\/Wrist-Dive-Computer-Watch-SUNTO-Morroco-diving-equitment-for-sale-.jpg\" \/>\n\t<meta property=\"og:image:width\" content=\"1000\" \/>\n\t<meta property=\"og:image:height\" content=\"1000\" \/>\n\t<meta property=\"og:image:type\" content=\"image\/jpeg\" \/>\n<meta name=\"twitter:card\" content=\"summary_large_image\" \/>\n<meta name=\"twitter:label1\" content=\"Dur\u00e9e de lecture estim\u00e9e\" \/>\n\t<meta name=\"twitter:data1\" content=\"1 minute\" \/>\n<script type=\"application\/ld+json\" class=\"yoast-schema-graph\">{\"@context\":\"https:\/\/schema.org\",\"@graph\":[{\"@type\":\"WebPage\",\"@id\":\"https:\/\/www.divingtangier.com\/fr\/product\/montre-ordinateur-de-plongee-au-poignet\/\",\"url\":\"https:\/\/www.divingtangier.com\/fr\/product\/montre-ordinateur-de-plongee-au-poignet\/\",\"name\":\"Montre ordinateur de plong\u00e9e au poignet |\",\"isPartOf\":{\"@id\":\"https:\/\/www.divingtangier.com\/fr\/#website\"},\"primaryImageOfPage\":{\"@id\":\"https:\/\/www.divingtangier.com\/fr\/product\/montre-ordinateur-de-plongee-au-poignet\/#primaryimage\"},\"image\":{\"@id\":\"https:\/\/www.divingtangier.com\/fr\/product\/montre-ordinateur-de-plongee-au-poignet\/#primaryimage\"},\"thumbnailUrl\":\"https:\/\/www.divingtangier.com\/wp-content\/uploads\/2019\/02\/Wrist-Dive-Computer-Watch-SUNTO-Morroco-diving-equitment-for-sale-.jpg\",\"datePublished\":\"2019-02-05T09:24:11+00:00\",\"dateModified\":\"2024-10-17T16:01:50+00:00\",\"breadcrumb\":{\"@id\":\"https:\/\/www.divingtangier.com\/fr\/product\/montre-ordinateur-de-plongee-au-poignet\/#breadcrumb\"},\"inLanguage\":\"fr-FR\",\"potentialAction\":[{\"@type\":\"ReadAction\",\"target\":[\"https:\/\/www.divingtangier.com\/fr\/product\/montre-ordinateur-de-plongee-au-poignet\/\"]}]},{\"@type\":\"ImageObject\",\"inLanguage\":\"fr-FR\",\"@id\":\"https:\/\/www.divingtangier.com\/fr\/product\/montre-ordinateur-de-plongee-au-poignet\/#primaryimage\",\"url\":\"https:\/\/www.divingtangier.com\/wp-content\/uploads\/2019\/02\/Wrist-Dive-Computer-Watch-SUNTO-Morroco-diving-equitment-for-sale-.jpg\",\"contentUrl\":\"https:\/\/www.divingtangier.com\/wp-content\/uploads\/2019\/02\/Wrist-Dive-Computer-Watch-SUNTO-Morroco-diving-equitment-for-sale-.jpg\",\"width\":1000,\"height\":1000},{\"@type\":\"BreadcrumbList\",\"@id\":\"https:\/\/www.divingtangier.com\/fr\/product\/montre-ordinateur-de-plongee-au-poignet\/#breadcrumb\",\"itemListElement\":[{\"@type\":\"ListItem\",\"position\":1,\"name\":\"Home\",\"item\":\"https:\/\/www.divingtangier.com\/fr\/\"},{\"@type\":\"ListItem\",\"position\":2,\"name\":\"Shop\",\"item\":\"https:\/\/www.divingtangier.com\/shop\/\"},{\"@type\":\"ListItem\",\"position\":3,\"name\":\"Montre ordinateur de plong\u00e9e au poignet\"}]},{\"@type\":\"WebSite\",\"@id\":\"https:\/\/www.divingtangier.com\/fr\/#website\",\"url\":\"https:\/\/www.divingtangier.com\/fr\/\",\"name\":\"https:\/\/www.divingtangier.com\",\"description\":\"\",\"publisher\":{\"@id\":\"https:\/\/www.divingtangier.com\/fr\/#organization\"},\"alternateName\":\"www.divingtangier.com\",\"potentialAction\":[{\"@type\":\"SearchAction\",\"target\":{\"@type\":\"EntryPoint\",\"urlTemplate\":\"https:\/\/www.divingtangier.com\/fr\/?s={search_term_string}\"},\"query-input\":{\"@type\":\"PropertyValueSpecification\",\"valueRequired\":true,\"valueName\":\"search_term_string\"}}],\"inLanguage\":\"fr-FR\"},{\"@type\":\"Organization\",\"@id\":\"https:\/\/www.divingtangier.com\/fr\/#organization\",\"name\":\"Tanger Med Diving Center\",\"url\":\"https:\/\/www.divingtangier.com\/fr\/\",\"logo\":{\"@type\":\"ImageObject\",\"inLanguage\":\"fr-FR\",\"@id\":\"https:\/\/www.divingtangier.com\/fr\/#\/schema\/logo\/image\/\",\"url\":\"https:\/\/www.divingtangier.com\/wp-content\/uploads\/2024\/10\/logo-Morroco-Diving-center-responsive.png\",\"contentUrl\":\"https:\/\/www.divingtangier.com\/wp-content\/uploads\/2024\/10\/logo-Morroco-Diving-center-responsive.png\",\"width\":640,\"height\":640,\"caption\":\"Tanger Med Diving Center\"},\"image\":{\"@id\":\"https:\/\/www.divingtangier.com\/fr\/#\/schema\/logo\/image\/\"},\"sameAs\":[\"https:\/\/www.facebook.com\/TMDCenter\"]}]}<\/script>\n<!-- \/ Yoast SEO plugin. -->","yoast_head_json":{"title":"Montre ordinateur de plong\u00e9e au poignet |","robots":{"index":"index","follow":"follow","max-snippet":"max-snippet:-1","max-image-preview":"max-image-preview:large","max-video-preview":"max-video-preview:-1"},"canonical":"https:\/\/www.divingtangier.com\/fr\/product\/montre-ordinateur-de-plongee-au-poignet\/","og_locale":"fr_FR","og_type":"article","og_title":"Montre ordinateur de plong\u00e9e au poignet |","og_description":"Suunto Wrist Dive Computer Watch - Votre compagnon de plong\u00e9e ultime Faites passer votre exp\u00e9rience de plong\u00e9e au niveau sup\u00e9rieur avec la montre ordinateur de plong\u00e9e Suunto Wrist. Con\u00e7u pour les plongeurs d\u00e9butants et exp\u00e9riment\u00e9s, cet ordinateur de plong\u00e9e avanc\u00e9 associe une technologie de pointe \u00e0 des fonctions conviviales pour vous garantir une aventure sous-marine s\u00fbre et agr\u00e9able.","og_url":"https:\/\/www.divingtangier.com\/fr\/product\/montre-ordinateur-de-plongee-au-poignet\/","article_publisher":"https:\/\/www.facebook.com\/TMDCenter","article_modified_time":"2024-10-17T16:01:50+00:00","og_image":[{"width":1000,"height":1000,"url":"https:\/\/www.divingtangier.com\/wp-content\/uploads\/2019\/02\/Wrist-Dive-Computer-Watch-SUNTO-Morroco-diving-equitment-for-sale-.jpg","type":"image\/jpeg"}],"twitter_card":"summary_large_image","twitter_misc":{"Dur\u00e9e de lecture estim\u00e9e":"1 minute"},"schema":{"@context":"https:\/\/schema.org","@graph":[{"@type":"WebPage","@id":"https:\/\/www.divingtangier.com\/fr\/product\/montre-ordinateur-de-plongee-au-poignet\/","url":"https:\/\/www.divingtangier.com\/fr\/product\/montre-ordinateur-de-plongee-au-poignet\/","name":"Montre ordinateur de plong\u00e9e au poignet |","isPartOf":{"@id":"https:\/\/www.divingtangier.com\/fr\/#website"},"primaryImageOfPage":{"@id":"https:\/\/www.divingtangier.com\/fr\/product\/montre-ordinateur-de-plongee-au-poignet\/#primaryimage"},"image":{"@id":"https:\/\/www.divingtangier.com\/fr\/product\/montre-ordinateur-de-plongee-au-poignet\/#primaryimage"},"thumbnailUrl":"https:\/\/www.divingtangier.com\/wp-content\/uploads\/2019\/02\/Wrist-Dive-Computer-Watch-SUNTO-Morroco-diving-equitment-for-sale-.jpg","datePublished":"2019-02-05T09:24:11+00:00","dateModified":"2024-10-17T16:01:50+00:00","breadcrumb":{"@id":"https:\/\/www.divingtangier.com\/fr\/product\/montre-ordinateur-de-plongee-au-poignet\/#breadcrumb"},"inLanguage":"fr-FR","potentialAction":[{"@type":"ReadAction","target":["https:\/\/www.divingtangier.com\/fr\/product\/montre-ordinateur-de-plongee-au-poignet\/"]}]},{"@type":"ImageObject","inLanguage":"fr-FR","@id":"https:\/\/www.divingtangier.com\/fr\/product\/montre-ordinateur-de-plongee-au-poignet\/#primaryimage","url":"https:\/\/www.divingtangier.com\/wp-content\/uploads\/2019\/02\/Wrist-Dive-Computer-Watch-SUNTO-Morroco-diving-equitment-for-sale-.jpg","contentUrl":"https:\/\/www.divingtangier.com\/wp-content\/uploads\/2019\/02\/Wrist-Dive-Computer-Watch-SUNTO-Morroco-diving-equitment-for-sale-.jpg","width":1000,"height":1000},{"@type":"BreadcrumbList","@id":"https:\/\/www.divingtangier.com\/fr\/product\/montre-ordinateur-de-plongee-au-poignet\/#breadcrumb","itemListElement":[{"@type":"ListItem","position":1,"name":"Home","item":"https:\/\/www.divingtangier.com\/fr\/"},{"@type":"ListItem","position":2,"name":"Shop","item":"https:\/\/www.divingtangier.com\/shop\/"},{"@type":"ListItem","position":3,"name":"Montre ordinateur de plong\u00e9e au poignet"}]},{"@type":"WebSite","@id":"https:\/\/www.divingtangier.com\/fr\/#website","url":"https:\/\/www.divingtangier.com\/fr\/","name":"https:\/\/www.divingtangier.com","description":"","publisher":{"@id":"https:\/\/www.divingtangier.com\/fr\/#organization"},"alternateName":"www.divingtangier.com","potentialAction":[{"@type":"SearchAction","target":{"@type":"EntryPoint","urlTemplate":"https:\/\/www.divingtangier.com\/fr\/?s={search_term_string}"},"query-input":{"@type":"PropertyValueSpecification","valueRequired":true,"valueName":"search_term_string"}}],"inLanguage":"fr-FR"},{"@type":"Organization","@id":"https:\/\/www.divingtangier.com\/fr\/#organization","name":"Tanger Med Diving Center","url":"https:\/\/www.divingtangier.com\/fr\/","logo":{"@type":"ImageObject","inLanguage":"fr-FR","@id":"https:\/\/www.divingtangier.com\/fr\/#\/schema\/logo\/image\/","url":"https:\/\/www.divingtangier.com\/wp-content\/uploads\/2024\/10\/logo-Morroco-Diving-center-responsive.png","contentUrl":"https:\/\/www.divingtangier.com\/wp-content\/uploads\/2024\/10\/logo-Morroco-Diving-center-responsive.png","width":640,"height":640,"caption":"Tanger Med Diving Center"},"image":{"@id":"https:\/\/www.divingtangier.com\/fr\/#\/schema\/logo\/image\/"},"sameAs":["https:\/\/www.facebook.com\/TMDCenter"]}]}},"_links":{"self":[{"href":"https:\/\/www.divingtangier.com\/fr\/wp-json\/wp\/v2\/product\/5923","targetHints":{"allow":["GET"]}}],"collection":[{"href":"https:\/\/www.divingtangier.com\/fr\/wp-json\/wp\/v2\/product"}],"about":[{"href":"https:\/\/www.divingtangier.com\/fr\/wp-json\/wp\/v2\/types\/product"}],"replies":[{"embeddable":true,"href":"https:\/\/www.divingtangier.com\/fr\/wp-json\/wp\/v2\/comments?post=5923"}],"wp:featuredmedia":[{"embeddable":true,"href":"https:\/\/www.divingtangier.com\/fr\/wp-json\/wp\/v2\/media\/4944"}],"wp:attachment":[{"href":"https:\/\/www.divingtangier.com\/fr\/wp-json\/wp\/v2\/media?parent=5923"}],"wp:term":[{"taxonomy":"product_brand","embeddable":true,"href":"https:\/\/www.divingtangier.com\/fr\/wp-json\/wp\/v2\/product_brand?post=5923"},{"taxonomy":"product_cat","embeddable":true,"href":"https:\/\/www.divingtangier.com\/fr\/wp-json\/wp\/v2\/product_cat?post=5923"},{"taxonomy":"product_tag","embeddable":true,"href":"https:\/\/www.divingtangier.com\/fr\/wp-json\/wp\/v2\/product_tag?post=5923"}],"curies":[{"name":"wp","href":"https:\/\/api.w.org\/{rel}","templated":true}]}}