{"id":5915,"date":"2019-02-05T10:15:24","date_gmt":"2019-02-05T10:15:24","guid":{"rendered":"https:\/\/www.divingtangier.com\/product\/masque-de-plongee-avec-tuba\/"},"modified":"2024-10-17T16:02:43","modified_gmt":"2024-10-17T16:02:43","slug":"masque-de-plongee-avec-tuba","status":"publish","type":"product","link":"https:\/\/www.divingtangier.com\/fr\/product\/masque-de-plongee-avec-tuba\/","title":{"rendered":"Masque de plong\u00e9e avec tuba"},"content":{"rendered":"<p>Profitez d&rsquo;une vue sous-marine d&rsquo;une clart\u00e9 cristalline gr\u00e2ce \u00e0 notre <strong>masque de plong\u00e9e avec tuba<\/strong>. La large lentille en verre tremp\u00e9 offre un champ de vision panoramique, tandis que la jupe en silicone souple et hypoallerg\u00e9nique assure un port confortable et \u00e9tanche. Con\u00e7u pour durer et \u00eatre confortable, ce masque est parfait pour les amateurs de snorkeling et de plong\u00e9e sous-marine.  <\/p>\n<h3><strong>Caract\u00e9ristiques principales :<\/strong><\/h3>\n<ul>\n<li><strong>Lentille \u00e0 large champ de vision<\/strong>: verre tremp\u00e9 pour plus de clart\u00e9 et de s\u00e9curit\u00e9.<\/li>\n<li><strong>Ajustement confortable<\/strong>: La sangle en silicone souple et r\u00e9glable assure une bonne \u00e9tanch\u00e9it\u00e9.<\/li>\n<li><strong>Conception durable<\/strong>: Con\u00e7u pour r\u00e9sister aux \u00e9l\u00e9ments, il est id\u00e9al pour toutes vos aventures sous-marines.<\/li>\n<\/ul>\n<p>Parfait pour tous les niveaux de plong\u00e9e, ce masque vous permet d&rsquo;explorer avec facilit\u00e9 et confort.<\/p>\n","protected":false},"excerpt":{"rendered":"<p>Explorez les fonds sous-marins avec une vision claire et un port confortable. Notre <strong>masque de plong\u00e9e avec tuba<\/strong> est dot\u00e9 d&rsquo;une large lentille en verre tremp\u00e9 pour une vision panoramique et d&rsquo;une sangle en silicone souple et r\u00e9glable pour une \u00e9tanch\u00e9it\u00e9 parfaite. Parfait pour le snorkeling et la plong\u00e9e sous-marine.  <\/p>\n","protected":false},"featured_media":5052,"comment_status":"open","ping_status":"closed","template":"","meta":{"_joinchat":[]},"product_brand":[],"product_cat":[336],"product_tag":[347,345,344],"class_list":{"0":"post-5915","1":"product","2":"type-product","3":"status-publish","4":"has-post-thumbnail","6":"product_cat-masques","7":"product_tag-engrenage","8":"product_tag-plongee","9":"product_tag-plonger","11":"first","12":"instock","13":"shipping-taxable","14":"product-type-simple"},"yoast_head":"<!-- This site is optimized with the Yoast SEO plugin v25.3.1 - https:\/\/yoast.com\/wordpress\/plugins\/seo\/ -->\n<title>Masque de plong\u00e9e avec tuba |<\/title>\n<meta name=\"robots\" content=\"index, follow, max-snippet:-1, max-image-preview:large, max-video-preview:-1\" \/>\n<link rel=\"canonical\" href=\"https:\/\/www.divingtangier.com\/fr\/product\/masque-de-plongee-avec-tuba\/\" \/>\n<meta property=\"og:locale\" content=\"fr_FR\" \/>\n<meta property=\"og:type\" content=\"article\" \/>\n<meta property=\"og:title\" content=\"Masque de plong\u00e9e avec tuba |\" \/>\n<meta property=\"og:description\" content=\"Explorez les fonds sous-marins avec une vision claire et un port confortable. Notre masque de plong\u00e9e avec tuba est dot\u00e9 d&#039;une large lentille en verre tremp\u00e9 pour une vision panoramique et d&#039;une sangle en silicone souple et r\u00e9glable pour une \u00e9tanch\u00e9it\u00e9 parfaite. Parfait pour le snorkeling et la plong\u00e9e sous-marine.\" \/>\n<meta property=\"og:url\" content=\"https:\/\/www.divingtangier.com\/fr\/product\/masque-de-plongee-avec-tuba\/\" \/>\n<meta property=\"article:publisher\" content=\"https:\/\/www.facebook.com\/TMDCenter\" \/>\n<meta property=\"article:modified_time\" content=\"2024-10-17T16:02:43+00:00\" \/>\n<meta property=\"og:image\" content=\"https:\/\/www.divingtangier.com\/wp-content\/uploads\/2019\/02\/Snorkeling-Scuba-Diving-Mask.jpg\" \/>\n\t<meta property=\"og:image:width\" content=\"1000\" \/>\n\t<meta property=\"og:image:height\" content=\"1000\" \/>\n\t<meta property=\"og:image:type\" content=\"image\/jpeg\" \/>\n<meta name=\"twitter:card\" content=\"summary_large_image\" \/>\n<meta name=\"twitter:label1\" content=\"Dur\u00e9e de lecture estim\u00e9e\" \/>\n\t<meta name=\"twitter:data1\" content=\"1 minute\" \/>\n<script type=\"application\/ld+json\" class=\"yoast-schema-graph\">{\"@context\":\"https:\/\/schema.org\",\"@graph\":[{\"@type\":\"WebPage\",\"@id\":\"https:\/\/www.divingtangier.com\/fr\/product\/masque-de-plongee-avec-tuba\/\",\"url\":\"https:\/\/www.divingtangier.com\/fr\/product\/masque-de-plongee-avec-tuba\/\",\"name\":\"Masque de plong\u00e9e avec tuba |\",\"isPartOf\":{\"@id\":\"https:\/\/www.divingtangier.com\/fr\/#website\"},\"primaryImageOfPage\":{\"@id\":\"https:\/\/www.divingtangier.com\/fr\/product\/masque-de-plongee-avec-tuba\/#primaryimage\"},\"image\":{\"@id\":\"https:\/\/www.divingtangier.com\/fr\/product\/masque-de-plongee-avec-tuba\/#primaryimage\"},\"thumbnailUrl\":\"https:\/\/www.divingtangier.com\/wp-content\/uploads\/2019\/02\/Snorkeling-Scuba-Diving-Mask.jpg\",\"datePublished\":\"2019-02-05T10:15:24+00:00\",\"dateModified\":\"2024-10-17T16:02:43+00:00\",\"breadcrumb\":{\"@id\":\"https:\/\/www.divingtangier.com\/fr\/product\/masque-de-plongee-avec-tuba\/#breadcrumb\"},\"inLanguage\":\"fr-FR\",\"potentialAction\":[{\"@type\":\"ReadAction\",\"target\":[\"https:\/\/www.divingtangier.com\/fr\/product\/masque-de-plongee-avec-tuba\/\"]}]},{\"@type\":\"ImageObject\",\"inLanguage\":\"fr-FR\",\"@id\":\"https:\/\/www.divingtangier.com\/fr\/product\/masque-de-plongee-avec-tuba\/#primaryimage\",\"url\":\"https:\/\/www.divingtangier.com\/wp-content\/uploads\/2019\/02\/Snorkeling-Scuba-Diving-Mask.jpg\",\"contentUrl\":\"https:\/\/www.divingtangier.com\/wp-content\/uploads\/2019\/02\/Snorkeling-Scuba-Diving-Mask.jpg\",\"width\":1000,\"height\":1000},{\"@type\":\"BreadcrumbList\",\"@id\":\"https:\/\/www.divingtangier.com\/fr\/product\/masque-de-plongee-avec-tuba\/#breadcrumb\",\"itemListElement\":[{\"@type\":\"ListItem\",\"position\":1,\"name\":\"Home\",\"item\":\"https:\/\/www.divingtangier.com\/fr\/\"},{\"@type\":\"ListItem\",\"position\":2,\"name\":\"Shop\",\"item\":\"https:\/\/www.divingtangier.com\/shop\/\"},{\"@type\":\"ListItem\",\"position\":3,\"name\":\"Masque de plong\u00e9e avec tuba\"}]},{\"@type\":\"WebSite\",\"@id\":\"https:\/\/www.divingtangier.com\/fr\/#website\",\"url\":\"https:\/\/www.divingtangier.com\/fr\/\",\"name\":\"https:\/\/www.divingtangier.com\",\"description\":\"\",\"publisher\":{\"@id\":\"https:\/\/www.divingtangier.com\/fr\/#organization\"},\"alternateName\":\"www.divingtangier.com\",\"potentialAction\":[{\"@type\":\"SearchAction\",\"target\":{\"@type\":\"EntryPoint\",\"urlTemplate\":\"https:\/\/www.divingtangier.com\/fr\/?s={search_term_string}\"},\"query-input\":{\"@type\":\"PropertyValueSpecification\",\"valueRequired\":true,\"valueName\":\"search_term_string\"}}],\"inLanguage\":\"fr-FR\"},{\"@type\":\"Organization\",\"@id\":\"https:\/\/www.divingtangier.com\/fr\/#organization\",\"name\":\"Tanger Med Diving Center\",\"url\":\"https:\/\/www.divingtangier.com\/fr\/\",\"logo\":{\"@type\":\"ImageObject\",\"inLanguage\":\"fr-FR\",\"@id\":\"https:\/\/www.divingtangier.com\/fr\/#\/schema\/logo\/image\/\",\"url\":\"https:\/\/www.divingtangier.com\/wp-content\/uploads\/2024\/10\/logo-Morroco-Diving-center-responsive.png\",\"contentUrl\":\"https:\/\/www.divingtangier.com\/wp-content\/uploads\/2024\/10\/logo-Morroco-Diving-center-responsive.png\",\"width\":640,\"height\":640,\"caption\":\"Tanger Med Diving Center\"},\"image\":{\"@id\":\"https:\/\/www.divingtangier.com\/fr\/#\/schema\/logo\/image\/\"},\"sameAs\":[\"https:\/\/www.facebook.com\/TMDCenter\"]}]}<\/script>\n<!-- \/ Yoast SEO plugin. -->","yoast_head_json":{"title":"Masque de plong\u00e9e avec tuba |","robots":{"index":"index","follow":"follow","max-snippet":"max-snippet:-1","max-image-preview":"max-image-preview:large","max-video-preview":"max-video-preview:-1"},"canonical":"https:\/\/www.divingtangier.com\/fr\/product\/masque-de-plongee-avec-tuba\/","og_locale":"fr_FR","og_type":"article","og_title":"Masque de plong\u00e9e avec tuba |","og_description":"Explorez les fonds sous-marins avec une vision claire et un port confortable. Notre masque de plong\u00e9e avec tuba est dot\u00e9 d'une large lentille en verre tremp\u00e9 pour une vision panoramique et d'une sangle en silicone souple et r\u00e9glable pour une \u00e9tanch\u00e9it\u00e9 parfaite. Parfait pour le snorkeling et la plong\u00e9e sous-marine.","og_url":"https:\/\/www.divingtangier.com\/fr\/product\/masque-de-plongee-avec-tuba\/","article_publisher":"https:\/\/www.facebook.com\/TMDCenter","article_modified_time":"2024-10-17T16:02:43+00:00","og_image":[{"width":1000,"height":1000,"url":"https:\/\/www.divingtangier.com\/wp-content\/uploads\/2019\/02\/Snorkeling-Scuba-Diving-Mask.jpg","type":"image\/jpeg"}],"twitter_card":"summary_large_image","twitter_misc":{"Dur\u00e9e de lecture estim\u00e9e":"1 minute"},"schema":{"@context":"https:\/\/schema.org","@graph":[{"@type":"WebPage","@id":"https:\/\/www.divingtangier.com\/fr\/product\/masque-de-plongee-avec-tuba\/","url":"https:\/\/www.divingtangier.com\/fr\/product\/masque-de-plongee-avec-tuba\/","name":"Masque de plong\u00e9e avec tuba |","isPartOf":{"@id":"https:\/\/www.divingtangier.com\/fr\/#website"},"primaryImageOfPage":{"@id":"https:\/\/www.divingtangier.com\/fr\/product\/masque-de-plongee-avec-tuba\/#primaryimage"},"image":{"@id":"https:\/\/www.divingtangier.com\/fr\/product\/masque-de-plongee-avec-tuba\/#primaryimage"},"thumbnailUrl":"https:\/\/www.divingtangier.com\/wp-content\/uploads\/2019\/02\/Snorkeling-Scuba-Diving-Mask.jpg","datePublished":"2019-02-05T10:15:24+00:00","dateModified":"2024-10-17T16:02:43+00:00","breadcrumb":{"@id":"https:\/\/www.divingtangier.com\/fr\/product\/masque-de-plongee-avec-tuba\/#breadcrumb"},"inLanguage":"fr-FR","potentialAction":[{"@type":"ReadAction","target":["https:\/\/www.divingtangier.com\/fr\/product\/masque-de-plongee-avec-tuba\/"]}]},{"@type":"ImageObject","inLanguage":"fr-FR","@id":"https:\/\/www.divingtangier.com\/fr\/product\/masque-de-plongee-avec-tuba\/#primaryimage","url":"https:\/\/www.divingtangier.com\/wp-content\/uploads\/2019\/02\/Snorkeling-Scuba-Diving-Mask.jpg","contentUrl":"https:\/\/www.divingtangier.com\/wp-content\/uploads\/2019\/02\/Snorkeling-Scuba-Diving-Mask.jpg","width":1000,"height":1000},{"@type":"BreadcrumbList","@id":"https:\/\/www.divingtangier.com\/fr\/product\/masque-de-plongee-avec-tuba\/#breadcrumb","itemListElement":[{"@type":"ListItem","position":1,"name":"Home","item":"https:\/\/www.divingtangier.com\/fr\/"},{"@type":"ListItem","position":2,"name":"Shop","item":"https:\/\/www.divingtangier.com\/shop\/"},{"@type":"ListItem","position":3,"name":"Masque de plong\u00e9e avec tuba"}]},{"@type":"WebSite","@id":"https:\/\/www.divingtangier.com\/fr\/#website","url":"https:\/\/www.divingtangier.com\/fr\/","name":"https:\/\/www.divingtangier.com","description":"","publisher":{"@id":"https:\/\/www.divingtangier.com\/fr\/#organization"},"alternateName":"www.divingtangier.com","potentialAction":[{"@type":"SearchAction","target":{"@type":"EntryPoint","urlTemplate":"https:\/\/www.divingtangier.com\/fr\/?s={search_term_string}"},"query-input":{"@type":"PropertyValueSpecification","valueRequired":true,"valueName":"search_term_string"}}],"inLanguage":"fr-FR"},{"@type":"Organization","@id":"https:\/\/www.divingtangier.com\/fr\/#organization","name":"Tanger Med Diving Center","url":"https:\/\/www.divingtangier.com\/fr\/","logo":{"@type":"ImageObject","inLanguage":"fr-FR","@id":"https:\/\/www.divingtangier.com\/fr\/#\/schema\/logo\/image\/","url":"https:\/\/www.divingtangier.com\/wp-content\/uploads\/2024\/10\/logo-Morroco-Diving-center-responsive.png","contentUrl":"https:\/\/www.divingtangier.com\/wp-content\/uploads\/2024\/10\/logo-Morroco-Diving-center-responsive.png","width":640,"height":640,"caption":"Tanger Med Diving Center"},"image":{"@id":"https:\/\/www.divingtangier.com\/fr\/#\/schema\/logo\/image\/"},"sameAs":["https:\/\/www.facebook.com\/TMDCenter"]}]}},"_links":{"self":[{"href":"https:\/\/www.divingtangier.com\/fr\/wp-json\/wp\/v2\/product\/5915","targetHints":{"allow":["GET"]}}],"collection":[{"href":"https:\/\/www.divingtangier.com\/fr\/wp-json\/wp\/v2\/product"}],"about":[{"href":"https:\/\/www.divingtangier.com\/fr\/wp-json\/wp\/v2\/types\/product"}],"replies":[{"embeddable":true,"href":"https:\/\/www.divingtangier.com\/fr\/wp-json\/wp\/v2\/comments?post=5915"}],"wp:featuredmedia":[{"embeddable":true,"href":"https:\/\/www.divingtangier.com\/fr\/wp-json\/wp\/v2\/media\/5052"}],"wp:attachment":[{"href":"https:\/\/www.divingtangier.com\/fr\/wp-json\/wp\/v2\/media?parent=5915"}],"wp:term":[{"taxonomy":"product_brand","embeddable":true,"href":"https:\/\/www.divingtangier.com\/fr\/wp-json\/wp\/v2\/product_brand?post=5915"},{"taxonomy":"product_cat","embeddable":true,"href":"https:\/\/www.divingtangier.com\/fr\/wp-json\/wp\/v2\/product_cat?post=5915"},{"taxonomy":"product_tag","embeddable":true,"href":"https:\/\/www.divingtangier.com\/fr\/wp-json\/wp\/v2\/product_tag?post=5915"}],"curies":[{"name":"wp","href":"https:\/\/api.w.org\/{rel}","templated":true}]}}