{"id":5912,"date":"2019-02-05T10:21:18","date_gmt":"2019-02-05T10:21:18","guid":{"rendered":"https:\/\/www.divingtangier.com\/product\/set-de-masque-de-plongee-et-de-tuba\/"},"modified":"2024-10-17T16:02:33","modified_gmt":"2024-10-17T16:02:33","slug":"set-de-masque-de-plongee-et-de-tuba","status":"publish","type":"product","link":"https:\/\/www.divingtangier.com\/fr\/product\/set-de-masque-de-plongee-et-de-tuba\/","title":{"rendered":"Set de masque de plong\u00e9e et de tuba"},"content":{"rendered":"<p>D\u00e9couvrez la beaut\u00e9 du monde sous-marin gr\u00e2ce \u00e0 notre <strong>ensemble masque de plong\u00e9e et tuba de<\/strong> haute qualit\u00e9. Con\u00e7u pour les d\u00e9butants comme pour les plongeurs exp\u00e9riment\u00e9s, cet ensemble offre un maximum de confort et de s\u00e9curit\u00e9, ainsi qu&rsquo;une vision claire de votre environnement. <\/p>\n<h3><strong>Caract\u00e9ristiques principales :<\/strong><\/h3>\n<ul>\n<li><strong>Vision claire comme du cristal<\/strong>: Le masque est dot\u00e9 d&rsquo;une large lentille en verre tremp\u00e9 qui garantit une vision panoramique et sans distorsion du paysage sous-marin.<\/li>\n<li><strong>Ajustement confortable<\/strong>: Fabriqu\u00e9e en silicone souple et hypoallerg\u00e9nique, la jupe du masque et la sangle r\u00e9glable assurent une \u00e9tanch\u00e9it\u00e9 s\u00fbre, sans pression ni inconfort.<\/li>\n<li><strong>Technologie Dry-Top<\/strong>: Le tuba est \u00e9quip\u00e9 d&rsquo;un syst\u00e8me dry-top qui emp\u00eache l&rsquo;eau de p\u00e9n\u00e9trer, m\u00eame lorsqu&rsquo;il est immerg\u00e9, ce qui vous permet de respirer facilement et en toute s\u00e9curit\u00e9.<\/li>\n<li><strong>Conception ergonomique<\/strong>: L&#8217;embout du tuba est fabriqu\u00e9 en silicone souple de qualit\u00e9 alimentaire, garantissant un port confortable pour une utilisation prolong\u00e9e.<\/li>\n<li><strong>Facile \u00e0 utiliser<\/strong>: L\u00e9ger et facile \u00e0 ajuster, cet ensemble est parfait pour les d\u00e9butants et les plongeurs confirm\u00e9s, offrant des ajustements rapides et s\u00fbrs en cours de route.<\/li>\n<\/ul>\n<h3><strong>Pourquoi choisir cet ensemble ?<\/strong><\/h3>\n<p>Notre <strong>ensemble masque de plong\u00e9e et tuba<\/strong> est con\u00e7u pour l&rsquo;aventure. Que vous fassiez du snorkeling en eaux peu profondes ou de la plong\u00e9e en eaux profondes, vous pouvez faire confiance \u00e0 cet ensemble pour obtenir des performances exceptionnelles. La technologie avanc\u00e9e dry-top garde votre tuba \u00e0 l&rsquo;abri de l&rsquo;eau, et la lentille anti-bu\u00e9e vous permet de profiter d&rsquo;une vision cristalline sans interruption. Il est durable, facile \u00e0 transporter et convient \u00e0 tous les niveaux de comp\u00e9tence.   <\/p>\n","protected":false},"excerpt":{"rendered":"<p>Plongez dans le confort et la clart\u00e9 avec notre ensemble masque de plong\u00e9e et tuba. Dot\u00e9 d&rsquo;un masque en verre tremp\u00e9 \u00e0 large vision, d&rsquo;une sangle en silicone r\u00e9glable et d&rsquo;un tuba \u00e0 couvercle sec qui emp\u00eache l&rsquo;eau de p\u00e9n\u00e9trer, cet ensemble est parfait pour tous les niveaux de comp\u00e9tence. Profitez d&rsquo;un ajustement sans fuite et d&rsquo;une respiration facile pour une aventure sous-marine s\u00fbre et agr\u00e9able.  <\/p>\n","protected":false},"featured_media":5048,"comment_status":"open","ping_status":"closed","template":"","meta":{"_joinchat":[]},"product_brand":[],"product_cat":[336],"product_tag":[301,303,302],"class_list":{"0":"post-5912","1":"product","2":"type-product","3":"status-publish","4":"has-post-thumbnail","6":"product_cat-masques","7":"product_tag-article","8":"product_tag-natation","9":"product_tag-sport-fr","11":"first","12":"outofstock","13":"shipping-taxable","14":"product-type-variable"},"yoast_head":"<!-- This site is optimized with the Yoast SEO plugin v25.3.1 - https:\/\/yoast.com\/wordpress\/plugins\/seo\/ -->\n<title>Set de masque de plong\u00e9e et de tuba |<\/title>\n<meta name=\"robots\" content=\"index, follow, max-snippet:-1, max-image-preview:large, max-video-preview:-1\" \/>\n<link rel=\"canonical\" href=\"https:\/\/www.divingtangier.com\/fr\/product\/set-de-masque-de-plongee-et-de-tuba\/\" \/>\n<meta property=\"og:locale\" content=\"fr_FR\" \/>\n<meta property=\"og:type\" content=\"article\" \/>\n<meta property=\"og:title\" content=\"Set de masque de plong\u00e9e et de tuba |\" \/>\n<meta property=\"og:description\" content=\"Plongez dans le confort et la clart\u00e9 avec notre ensemble masque de plong\u00e9e et tuba. Dot\u00e9 d&#039;un masque en verre tremp\u00e9 \u00e0 large vision, d&#039;une sangle en silicone r\u00e9glable et d&#039;un tuba \u00e0 couvercle sec qui emp\u00eache l&#039;eau de p\u00e9n\u00e9trer, cet ensemble est parfait pour tous les niveaux de comp\u00e9tence. Profitez d&#039;un ajustement sans fuite et d&#039;une respiration facile pour une aventure sous-marine s\u00fbre et agr\u00e9able.\" \/>\n<meta property=\"og:url\" content=\"https:\/\/www.divingtangier.com\/fr\/product\/set-de-masque-de-plongee-et-de-tuba\/\" \/>\n<meta property=\"article:publisher\" content=\"https:\/\/www.facebook.com\/TMDCenter\" \/>\n<meta property=\"article:modified_time\" content=\"2024-10-17T16:02:33+00:00\" \/>\n<meta property=\"og:image\" content=\"https:\/\/www.divingtangier.com\/wp-content\/uploads\/2019\/02\/Scuba-Diving-Mask-Snorkel-Set.jpg\" \/>\n\t<meta property=\"og:image:width\" content=\"1000\" \/>\n\t<meta property=\"og:image:height\" content=\"1000\" \/>\n\t<meta property=\"og:image:type\" content=\"image\/jpeg\" \/>\n<meta name=\"twitter:card\" content=\"summary_large_image\" \/>\n<meta name=\"twitter:label1\" content=\"Dur\u00e9e de lecture estim\u00e9e\" \/>\n\t<meta name=\"twitter:data1\" content=\"1 minute\" \/>\n<script type=\"application\/ld+json\" class=\"yoast-schema-graph\">{\"@context\":\"https:\/\/schema.org\",\"@graph\":[{\"@type\":\"WebPage\",\"@id\":\"https:\/\/www.divingtangier.com\/fr\/product\/set-de-masque-de-plongee-et-de-tuba\/\",\"url\":\"https:\/\/www.divingtangier.com\/fr\/product\/set-de-masque-de-plongee-et-de-tuba\/\",\"name\":\"Set de masque de plong\u00e9e et de tuba |\",\"isPartOf\":{\"@id\":\"https:\/\/www.divingtangier.com\/fr\/#website\"},\"primaryImageOfPage\":{\"@id\":\"https:\/\/www.divingtangier.com\/fr\/product\/set-de-masque-de-plongee-et-de-tuba\/#primaryimage\"},\"image\":{\"@id\":\"https:\/\/www.divingtangier.com\/fr\/product\/set-de-masque-de-plongee-et-de-tuba\/#primaryimage\"},\"thumbnailUrl\":\"https:\/\/www.divingtangier.com\/wp-content\/uploads\/2019\/02\/Scuba-Diving-Mask-Snorkel-Set.jpg\",\"datePublished\":\"2019-02-05T10:21:18+00:00\",\"dateModified\":\"2024-10-17T16:02:33+00:00\",\"breadcrumb\":{\"@id\":\"https:\/\/www.divingtangier.com\/fr\/product\/set-de-masque-de-plongee-et-de-tuba\/#breadcrumb\"},\"inLanguage\":\"fr-FR\",\"potentialAction\":[{\"@type\":\"ReadAction\",\"target\":[\"https:\/\/www.divingtangier.com\/fr\/product\/set-de-masque-de-plongee-et-de-tuba\/\"]}]},{\"@type\":\"ImageObject\",\"inLanguage\":\"fr-FR\",\"@id\":\"https:\/\/www.divingtangier.com\/fr\/product\/set-de-masque-de-plongee-et-de-tuba\/#primaryimage\",\"url\":\"https:\/\/www.divingtangier.com\/wp-content\/uploads\/2019\/02\/Scuba-Diving-Mask-Snorkel-Set.jpg\",\"contentUrl\":\"https:\/\/www.divingtangier.com\/wp-content\/uploads\/2019\/02\/Scuba-Diving-Mask-Snorkel-Set.jpg\",\"width\":1000,\"height\":1000},{\"@type\":\"BreadcrumbList\",\"@id\":\"https:\/\/www.divingtangier.com\/fr\/product\/set-de-masque-de-plongee-et-de-tuba\/#breadcrumb\",\"itemListElement\":[{\"@type\":\"ListItem\",\"position\":1,\"name\":\"Home\",\"item\":\"https:\/\/www.divingtangier.com\/fr\/\"},{\"@type\":\"ListItem\",\"position\":2,\"name\":\"Shop\",\"item\":\"https:\/\/www.divingtangier.com\/shop\/\"},{\"@type\":\"ListItem\",\"position\":3,\"name\":\"Set de masque de plong\u00e9e et de tuba\"}]},{\"@type\":\"WebSite\",\"@id\":\"https:\/\/www.divingtangier.com\/fr\/#website\",\"url\":\"https:\/\/www.divingtangier.com\/fr\/\",\"name\":\"https:\/\/www.divingtangier.com\",\"description\":\"\",\"publisher\":{\"@id\":\"https:\/\/www.divingtangier.com\/fr\/#organization\"},\"alternateName\":\"www.divingtangier.com\",\"potentialAction\":[{\"@type\":\"SearchAction\",\"target\":{\"@type\":\"EntryPoint\",\"urlTemplate\":\"https:\/\/www.divingtangier.com\/fr\/?s={search_term_string}\"},\"query-input\":{\"@type\":\"PropertyValueSpecification\",\"valueRequired\":true,\"valueName\":\"search_term_string\"}}],\"inLanguage\":\"fr-FR\"},{\"@type\":\"Organization\",\"@id\":\"https:\/\/www.divingtangier.com\/fr\/#organization\",\"name\":\"Tanger Med Diving Center\",\"url\":\"https:\/\/www.divingtangier.com\/fr\/\",\"logo\":{\"@type\":\"ImageObject\",\"inLanguage\":\"fr-FR\",\"@id\":\"https:\/\/www.divingtangier.com\/fr\/#\/schema\/logo\/image\/\",\"url\":\"https:\/\/www.divingtangier.com\/wp-content\/uploads\/2024\/10\/logo-Morroco-Diving-center-responsive.png\",\"contentUrl\":\"https:\/\/www.divingtangier.com\/wp-content\/uploads\/2024\/10\/logo-Morroco-Diving-center-responsive.png\",\"width\":640,\"height\":640,\"caption\":\"Tanger Med Diving Center\"},\"image\":{\"@id\":\"https:\/\/www.divingtangier.com\/fr\/#\/schema\/logo\/image\/\"},\"sameAs\":[\"https:\/\/www.facebook.com\/TMDCenter\"]}]}<\/script>\n<!-- \/ Yoast SEO plugin. -->","yoast_head_json":{"title":"Set de masque de plong\u00e9e et de tuba |","robots":{"index":"index","follow":"follow","max-snippet":"max-snippet:-1","max-image-preview":"max-image-preview:large","max-video-preview":"max-video-preview:-1"},"canonical":"https:\/\/www.divingtangier.com\/fr\/product\/set-de-masque-de-plongee-et-de-tuba\/","og_locale":"fr_FR","og_type":"article","og_title":"Set de masque de plong\u00e9e et de tuba |","og_description":"Plongez dans le confort et la clart\u00e9 avec notre ensemble masque de plong\u00e9e et tuba. Dot\u00e9 d'un masque en verre tremp\u00e9 \u00e0 large vision, d'une sangle en silicone r\u00e9glable et d'un tuba \u00e0 couvercle sec qui emp\u00eache l'eau de p\u00e9n\u00e9trer, cet ensemble est parfait pour tous les niveaux de comp\u00e9tence. Profitez d'un ajustement sans fuite et d'une respiration facile pour une aventure sous-marine s\u00fbre et agr\u00e9able.","og_url":"https:\/\/www.divingtangier.com\/fr\/product\/set-de-masque-de-plongee-et-de-tuba\/","article_publisher":"https:\/\/www.facebook.com\/TMDCenter","article_modified_time":"2024-10-17T16:02:33+00:00","og_image":[{"width":1000,"height":1000,"url":"https:\/\/www.divingtangier.com\/wp-content\/uploads\/2019\/02\/Scuba-Diving-Mask-Snorkel-Set.jpg","type":"image\/jpeg"}],"twitter_card":"summary_large_image","twitter_misc":{"Dur\u00e9e de lecture estim\u00e9e":"1 minute"},"schema":{"@context":"https:\/\/schema.org","@graph":[{"@type":"WebPage","@id":"https:\/\/www.divingtangier.com\/fr\/product\/set-de-masque-de-plongee-et-de-tuba\/","url":"https:\/\/www.divingtangier.com\/fr\/product\/set-de-masque-de-plongee-et-de-tuba\/","name":"Set de masque de plong\u00e9e et de tuba |","isPartOf":{"@id":"https:\/\/www.divingtangier.com\/fr\/#website"},"primaryImageOfPage":{"@id":"https:\/\/www.divingtangier.com\/fr\/product\/set-de-masque-de-plongee-et-de-tuba\/#primaryimage"},"image":{"@id":"https:\/\/www.divingtangier.com\/fr\/product\/set-de-masque-de-plongee-et-de-tuba\/#primaryimage"},"thumbnailUrl":"https:\/\/www.divingtangier.com\/wp-content\/uploads\/2019\/02\/Scuba-Diving-Mask-Snorkel-Set.jpg","datePublished":"2019-02-05T10:21:18+00:00","dateModified":"2024-10-17T16:02:33+00:00","breadcrumb":{"@id":"https:\/\/www.divingtangier.com\/fr\/product\/set-de-masque-de-plongee-et-de-tuba\/#breadcrumb"},"inLanguage":"fr-FR","potentialAction":[{"@type":"ReadAction","target":["https:\/\/www.divingtangier.com\/fr\/product\/set-de-masque-de-plongee-et-de-tuba\/"]}]},{"@type":"ImageObject","inLanguage":"fr-FR","@id":"https:\/\/www.divingtangier.com\/fr\/product\/set-de-masque-de-plongee-et-de-tuba\/#primaryimage","url":"https:\/\/www.divingtangier.com\/wp-content\/uploads\/2019\/02\/Scuba-Diving-Mask-Snorkel-Set.jpg","contentUrl":"https:\/\/www.divingtangier.com\/wp-content\/uploads\/2019\/02\/Scuba-Diving-Mask-Snorkel-Set.jpg","width":1000,"height":1000},{"@type":"BreadcrumbList","@id":"https:\/\/www.divingtangier.com\/fr\/product\/set-de-masque-de-plongee-et-de-tuba\/#breadcrumb","itemListElement":[{"@type":"ListItem","position":1,"name":"Home","item":"https:\/\/www.divingtangier.com\/fr\/"},{"@type":"ListItem","position":2,"name":"Shop","item":"https:\/\/www.divingtangier.com\/shop\/"},{"@type":"ListItem","position":3,"name":"Set de masque de plong\u00e9e et de tuba"}]},{"@type":"WebSite","@id":"https:\/\/www.divingtangier.com\/fr\/#website","url":"https:\/\/www.divingtangier.com\/fr\/","name":"https:\/\/www.divingtangier.com","description":"","publisher":{"@id":"https:\/\/www.divingtangier.com\/fr\/#organization"},"alternateName":"www.divingtangier.com","potentialAction":[{"@type":"SearchAction","target":{"@type":"EntryPoint","urlTemplate":"https:\/\/www.divingtangier.com\/fr\/?s={search_term_string}"},"query-input":{"@type":"PropertyValueSpecification","valueRequired":true,"valueName":"search_term_string"}}],"inLanguage":"fr-FR"},{"@type":"Organization","@id":"https:\/\/www.divingtangier.com\/fr\/#organization","name":"Tanger Med Diving Center","url":"https:\/\/www.divingtangier.com\/fr\/","logo":{"@type":"ImageObject","inLanguage":"fr-FR","@id":"https:\/\/www.divingtangier.com\/fr\/#\/schema\/logo\/image\/","url":"https:\/\/www.divingtangier.com\/wp-content\/uploads\/2024\/10\/logo-Morroco-Diving-center-responsive.png","contentUrl":"https:\/\/www.divingtangier.com\/wp-content\/uploads\/2024\/10\/logo-Morroco-Diving-center-responsive.png","width":640,"height":640,"caption":"Tanger Med Diving Center"},"image":{"@id":"https:\/\/www.divingtangier.com\/fr\/#\/schema\/logo\/image\/"},"sameAs":["https:\/\/www.facebook.com\/TMDCenter"]}]}},"_links":{"self":[{"href":"https:\/\/www.divingtangier.com\/fr\/wp-json\/wp\/v2\/product\/5912","targetHints":{"allow":["GET"]}}],"collection":[{"href":"https:\/\/www.divingtangier.com\/fr\/wp-json\/wp\/v2\/product"}],"about":[{"href":"https:\/\/www.divingtangier.com\/fr\/wp-json\/wp\/v2\/types\/product"}],"replies":[{"embeddable":true,"href":"https:\/\/www.divingtangier.com\/fr\/wp-json\/wp\/v2\/comments?post=5912"}],"wp:featuredmedia":[{"embeddable":true,"href":"https:\/\/www.divingtangier.com\/fr\/wp-json\/wp\/v2\/media\/5048"}],"wp:attachment":[{"href":"https:\/\/www.divingtangier.com\/fr\/wp-json\/wp\/v2\/media?parent=5912"}],"wp:term":[{"taxonomy":"product_brand","embeddable":true,"href":"https:\/\/www.divingtangier.com\/fr\/wp-json\/wp\/v2\/product_brand?post=5912"},{"taxonomy":"product_cat","embeddable":true,"href":"https:\/\/www.divingtangier.com\/fr\/wp-json\/wp\/v2\/product_cat?post=5912"},{"taxonomy":"product_tag","embeddable":true,"href":"https:\/\/www.divingtangier.com\/fr\/wp-json\/wp\/v2\/product_tag?post=5912"}],"curies":[{"name":"wp","href":"https:\/\/api.w.org\/{rel}","templated":true}]}}