{"id":5909,"date":"2019-02-05T10:09:26","date_gmt":"2019-02-05T10:09:26","guid":{"rendered":"https:\/\/www.divingtangier.com\/product\/masque-de-plongee-gopro-hero5-et-session\/"},"modified":"2024-10-17T16:02:26","modified_gmt":"2024-10-17T16:02:26","slug":"masque-de-plongee-gopro-hero5-et-session","status":"publish","type":"product","link":"https:\/\/www.divingtangier.com\/fr\/product\/masque-de-plongee-gopro-hero5-et-session\/","title":{"rendered":"Masque de plong\u00e9e GoPro Hero5 et Session"},"content":{"rendered":"<p>Immortalisez vos aventures sous-marines en toute simplicit\u00e9 gr\u00e2ce au <strong>masque de plong\u00e9e GoPro Hero5<\/strong>. Ce masque sp\u00e9cialement con\u00e7u fixe solidement votre cam\u00e9ra GoPro Hero5, ce qui vous permet de filmer les mains libres pendant la plong\u00e9e ou l&rsquo;apn\u00e9e. La lentille en verre tremp\u00e9 garantit une vision claire et la jupe en silicone confortable assure un ajustement parfait et \u00e9tanche.  <\/p>\n<h4><strong>Caract\u00e9ristiques principales :<\/strong><\/h4>\n<ul>\n<li><strong>Compatible avec la cam\u00e9ra GoPro Hero5<\/strong>: Support int\u00e9gr\u00e9 pour une fixation facile.<\/li>\n<li><strong>Lentille \u00e0 large champ de vision<\/strong>: verre tremp\u00e9 pour plus de clart\u00e9 et de durabilit\u00e9.<\/li>\n<li><strong>Ajustement \u00e9tanche<\/strong>: La sangle en silicone souple et r\u00e9glable assure confort et s\u00e9curit\u00e9.<\/li>\n<li><strong>Filmez les mains libres<\/strong>: Parfait pour filmer sous l&rsquo;eau sans \u00eatre distrait.<\/li>\n<\/ul>\n","protected":false},"excerpt":{"rendered":"<p>Le <strong>masque de plong\u00e9e GoPro Hero5<\/strong> permet de filmer les mains libres pendant la plong\u00e9e ou l&rsquo;apn\u00e9e. Dot\u00e9 d&rsquo;une fixation int\u00e9gr\u00e9e pour votre GoPro Hero5, d&rsquo;un verre tremp\u00e9 pour une vision claire et d&rsquo;un ajustement en silicone confortable et \u00e9tanche, ce masque est parfait pour immortaliser vos exp\u00e9riences sous-marines. <\/p>\n","protected":false},"featured_media":5060,"comment_status":"open","ping_status":"closed","template":"","meta":{"_joinchat":[]},"product_brand":[],"product_cat":[329],"product_tag":[301,303,302],"class_list":{"0":"post-5909","1":"product","2":"type-product","3":"status-publish","4":"has-post-thumbnail","6":"product_cat-photo-video-fr","7":"product_tag-article","8":"product_tag-natation","9":"product_tag-sport-fr","11":"first","12":"instock","13":"shipping-taxable","14":"product-type-simple"},"yoast_head":"<!-- This site is optimized with the Yoast SEO plugin v25.3.1 - https:\/\/yoast.com\/wordpress\/plugins\/seo\/ -->\n<title>Masque de plong\u00e9e GoPro Hero5 et Session |<\/title>\n<meta name=\"robots\" content=\"index, follow, max-snippet:-1, max-image-preview:large, max-video-preview:-1\" \/>\n<link rel=\"canonical\" href=\"https:\/\/www.divingtangier.com\/fr\/product\/masque-de-plongee-gopro-hero5-et-session\/\" \/>\n<meta property=\"og:locale\" content=\"fr_FR\" \/>\n<meta property=\"og:type\" content=\"article\" \/>\n<meta property=\"og:title\" content=\"Masque de plong\u00e9e GoPro Hero5 et Session |\" \/>\n<meta property=\"og:description\" content=\"Le masque de plong\u00e9e GoPro Hero5 permet de filmer les mains libres pendant la plong\u00e9e ou l&#039;apn\u00e9e. Dot\u00e9 d&#039;une fixation int\u00e9gr\u00e9e pour votre GoPro Hero5, d&#039;un verre tremp\u00e9 pour une vision claire et d&#039;un ajustement en silicone confortable et \u00e9tanche, ce masque est parfait pour immortaliser vos exp\u00e9riences sous-marines.\" \/>\n<meta property=\"og:url\" content=\"https:\/\/www.divingtangier.com\/fr\/product\/masque-de-plongee-gopro-hero5-et-session\/\" \/>\n<meta property=\"article:publisher\" content=\"https:\/\/www.facebook.com\/TMDCenter\" \/>\n<meta property=\"article:modified_time\" content=\"2024-10-17T16:02:26+00:00\" \/>\n<meta property=\"og:image\" content=\"https:\/\/www.divingtangier.com\/wp-content\/uploads\/2019\/02\/GoPro-Hero5-and-Session-Dive-Mask.jpg\" \/>\n\t<meta property=\"og:image:width\" content=\"1000\" \/>\n\t<meta property=\"og:image:height\" content=\"1000\" \/>\n\t<meta property=\"og:image:type\" content=\"image\/jpeg\" \/>\n<meta name=\"twitter:card\" content=\"summary_large_image\" \/>\n<meta name=\"twitter:label1\" content=\"Dur\u00e9e de lecture estim\u00e9e\" \/>\n\t<meta name=\"twitter:data1\" content=\"1 minute\" \/>\n<script type=\"application\/ld+json\" class=\"yoast-schema-graph\">{\"@context\":\"https:\/\/schema.org\",\"@graph\":[{\"@type\":\"WebPage\",\"@id\":\"https:\/\/www.divingtangier.com\/fr\/product\/masque-de-plongee-gopro-hero5-et-session\/\",\"url\":\"https:\/\/www.divingtangier.com\/fr\/product\/masque-de-plongee-gopro-hero5-et-session\/\",\"name\":\"Masque de plong\u00e9e GoPro Hero5 et Session |\",\"isPartOf\":{\"@id\":\"https:\/\/www.divingtangier.com\/fr\/#website\"},\"primaryImageOfPage\":{\"@id\":\"https:\/\/www.divingtangier.com\/fr\/product\/masque-de-plongee-gopro-hero5-et-session\/#primaryimage\"},\"image\":{\"@id\":\"https:\/\/www.divingtangier.com\/fr\/product\/masque-de-plongee-gopro-hero5-et-session\/#primaryimage\"},\"thumbnailUrl\":\"https:\/\/www.divingtangier.com\/wp-content\/uploads\/2019\/02\/GoPro-Hero5-and-Session-Dive-Mask.jpg\",\"datePublished\":\"2019-02-05T10:09:26+00:00\",\"dateModified\":\"2024-10-17T16:02:26+00:00\",\"breadcrumb\":{\"@id\":\"https:\/\/www.divingtangier.com\/fr\/product\/masque-de-plongee-gopro-hero5-et-session\/#breadcrumb\"},\"inLanguage\":\"fr-FR\",\"potentialAction\":[{\"@type\":\"ReadAction\",\"target\":[\"https:\/\/www.divingtangier.com\/fr\/product\/masque-de-plongee-gopro-hero5-et-session\/\"]}]},{\"@type\":\"ImageObject\",\"inLanguage\":\"fr-FR\",\"@id\":\"https:\/\/www.divingtangier.com\/fr\/product\/masque-de-plongee-gopro-hero5-et-session\/#primaryimage\",\"url\":\"https:\/\/www.divingtangier.com\/wp-content\/uploads\/2019\/02\/GoPro-Hero5-and-Session-Dive-Mask.jpg\",\"contentUrl\":\"https:\/\/www.divingtangier.com\/wp-content\/uploads\/2019\/02\/GoPro-Hero5-and-Session-Dive-Mask.jpg\",\"width\":1000,\"height\":1000},{\"@type\":\"BreadcrumbList\",\"@id\":\"https:\/\/www.divingtangier.com\/fr\/product\/masque-de-plongee-gopro-hero5-et-session\/#breadcrumb\",\"itemListElement\":[{\"@type\":\"ListItem\",\"position\":1,\"name\":\"Home\",\"item\":\"https:\/\/www.divingtangier.com\/fr\/\"},{\"@type\":\"ListItem\",\"position\":2,\"name\":\"Shop\",\"item\":\"https:\/\/www.divingtangier.com\/shop\/\"},{\"@type\":\"ListItem\",\"position\":3,\"name\":\"Masque de plong\u00e9e GoPro Hero5 et Session\"}]},{\"@type\":\"WebSite\",\"@id\":\"https:\/\/www.divingtangier.com\/fr\/#website\",\"url\":\"https:\/\/www.divingtangier.com\/fr\/\",\"name\":\"https:\/\/www.divingtangier.com\",\"description\":\"\",\"publisher\":{\"@id\":\"https:\/\/www.divingtangier.com\/fr\/#organization\"},\"alternateName\":\"www.divingtangier.com\",\"potentialAction\":[{\"@type\":\"SearchAction\",\"target\":{\"@type\":\"EntryPoint\",\"urlTemplate\":\"https:\/\/www.divingtangier.com\/fr\/?s={search_term_string}\"},\"query-input\":{\"@type\":\"PropertyValueSpecification\",\"valueRequired\":true,\"valueName\":\"search_term_string\"}}],\"inLanguage\":\"fr-FR\"},{\"@type\":\"Organization\",\"@id\":\"https:\/\/www.divingtangier.com\/fr\/#organization\",\"name\":\"Tanger Med Diving Center\",\"url\":\"https:\/\/www.divingtangier.com\/fr\/\",\"logo\":{\"@type\":\"ImageObject\",\"inLanguage\":\"fr-FR\",\"@id\":\"https:\/\/www.divingtangier.com\/fr\/#\/schema\/logo\/image\/\",\"url\":\"https:\/\/www.divingtangier.com\/wp-content\/uploads\/2024\/10\/logo-Morroco-Diving-center-responsive.png\",\"contentUrl\":\"https:\/\/www.divingtangier.com\/wp-content\/uploads\/2024\/10\/logo-Morroco-Diving-center-responsive.png\",\"width\":640,\"height\":640,\"caption\":\"Tanger Med Diving Center\"},\"image\":{\"@id\":\"https:\/\/www.divingtangier.com\/fr\/#\/schema\/logo\/image\/\"},\"sameAs\":[\"https:\/\/www.facebook.com\/TMDCenter\"]}]}<\/script>\n<!-- \/ Yoast SEO plugin. -->","yoast_head_json":{"title":"Masque de plong\u00e9e GoPro Hero5 et Session |","robots":{"index":"index","follow":"follow","max-snippet":"max-snippet:-1","max-image-preview":"max-image-preview:large","max-video-preview":"max-video-preview:-1"},"canonical":"https:\/\/www.divingtangier.com\/fr\/product\/masque-de-plongee-gopro-hero5-et-session\/","og_locale":"fr_FR","og_type":"article","og_title":"Masque de plong\u00e9e GoPro Hero5 et Session |","og_description":"Le masque de plong\u00e9e GoPro Hero5 permet de filmer les mains libres pendant la plong\u00e9e ou l'apn\u00e9e. Dot\u00e9 d'une fixation int\u00e9gr\u00e9e pour votre GoPro Hero5, d'un verre tremp\u00e9 pour une vision claire et d'un ajustement en silicone confortable et \u00e9tanche, ce masque est parfait pour immortaliser vos exp\u00e9riences sous-marines.","og_url":"https:\/\/www.divingtangier.com\/fr\/product\/masque-de-plongee-gopro-hero5-et-session\/","article_publisher":"https:\/\/www.facebook.com\/TMDCenter","article_modified_time":"2024-10-17T16:02:26+00:00","og_image":[{"width":1000,"height":1000,"url":"https:\/\/www.divingtangier.com\/wp-content\/uploads\/2019\/02\/GoPro-Hero5-and-Session-Dive-Mask.jpg","type":"image\/jpeg"}],"twitter_card":"summary_large_image","twitter_misc":{"Dur\u00e9e de lecture estim\u00e9e":"1 minute"},"schema":{"@context":"https:\/\/schema.org","@graph":[{"@type":"WebPage","@id":"https:\/\/www.divingtangier.com\/fr\/product\/masque-de-plongee-gopro-hero5-et-session\/","url":"https:\/\/www.divingtangier.com\/fr\/product\/masque-de-plongee-gopro-hero5-et-session\/","name":"Masque de plong\u00e9e GoPro Hero5 et Session |","isPartOf":{"@id":"https:\/\/www.divingtangier.com\/fr\/#website"},"primaryImageOfPage":{"@id":"https:\/\/www.divingtangier.com\/fr\/product\/masque-de-plongee-gopro-hero5-et-session\/#primaryimage"},"image":{"@id":"https:\/\/www.divingtangier.com\/fr\/product\/masque-de-plongee-gopro-hero5-et-session\/#primaryimage"},"thumbnailUrl":"https:\/\/www.divingtangier.com\/wp-content\/uploads\/2019\/02\/GoPro-Hero5-and-Session-Dive-Mask.jpg","datePublished":"2019-02-05T10:09:26+00:00","dateModified":"2024-10-17T16:02:26+00:00","breadcrumb":{"@id":"https:\/\/www.divingtangier.com\/fr\/product\/masque-de-plongee-gopro-hero5-et-session\/#breadcrumb"},"inLanguage":"fr-FR","potentialAction":[{"@type":"ReadAction","target":["https:\/\/www.divingtangier.com\/fr\/product\/masque-de-plongee-gopro-hero5-et-session\/"]}]},{"@type":"ImageObject","inLanguage":"fr-FR","@id":"https:\/\/www.divingtangier.com\/fr\/product\/masque-de-plongee-gopro-hero5-et-session\/#primaryimage","url":"https:\/\/www.divingtangier.com\/wp-content\/uploads\/2019\/02\/GoPro-Hero5-and-Session-Dive-Mask.jpg","contentUrl":"https:\/\/www.divingtangier.com\/wp-content\/uploads\/2019\/02\/GoPro-Hero5-and-Session-Dive-Mask.jpg","width":1000,"height":1000},{"@type":"BreadcrumbList","@id":"https:\/\/www.divingtangier.com\/fr\/product\/masque-de-plongee-gopro-hero5-et-session\/#breadcrumb","itemListElement":[{"@type":"ListItem","position":1,"name":"Home","item":"https:\/\/www.divingtangier.com\/fr\/"},{"@type":"ListItem","position":2,"name":"Shop","item":"https:\/\/www.divingtangier.com\/shop\/"},{"@type":"ListItem","position":3,"name":"Masque de plong\u00e9e GoPro Hero5 et Session"}]},{"@type":"WebSite","@id":"https:\/\/www.divingtangier.com\/fr\/#website","url":"https:\/\/www.divingtangier.com\/fr\/","name":"https:\/\/www.divingtangier.com","description":"","publisher":{"@id":"https:\/\/www.divingtangier.com\/fr\/#organization"},"alternateName":"www.divingtangier.com","potentialAction":[{"@type":"SearchAction","target":{"@type":"EntryPoint","urlTemplate":"https:\/\/www.divingtangier.com\/fr\/?s={search_term_string}"},"query-input":{"@type":"PropertyValueSpecification","valueRequired":true,"valueName":"search_term_string"}}],"inLanguage":"fr-FR"},{"@type":"Organization","@id":"https:\/\/www.divingtangier.com\/fr\/#organization","name":"Tanger Med Diving Center","url":"https:\/\/www.divingtangier.com\/fr\/","logo":{"@type":"ImageObject","inLanguage":"fr-FR","@id":"https:\/\/www.divingtangier.com\/fr\/#\/schema\/logo\/image\/","url":"https:\/\/www.divingtangier.com\/wp-content\/uploads\/2024\/10\/logo-Morroco-Diving-center-responsive.png","contentUrl":"https:\/\/www.divingtangier.com\/wp-content\/uploads\/2024\/10\/logo-Morroco-Diving-center-responsive.png","width":640,"height":640,"caption":"Tanger Med Diving Center"},"image":{"@id":"https:\/\/www.divingtangier.com\/fr\/#\/schema\/logo\/image\/"},"sameAs":["https:\/\/www.facebook.com\/TMDCenter"]}]}},"_links":{"self":[{"href":"https:\/\/www.divingtangier.com\/fr\/wp-json\/wp\/v2\/product\/5909","targetHints":{"allow":["GET"]}}],"collection":[{"href":"https:\/\/www.divingtangier.com\/fr\/wp-json\/wp\/v2\/product"}],"about":[{"href":"https:\/\/www.divingtangier.com\/fr\/wp-json\/wp\/v2\/types\/product"}],"replies":[{"embeddable":true,"href":"https:\/\/www.divingtangier.com\/fr\/wp-json\/wp\/v2\/comments?post=5909"}],"wp:featuredmedia":[{"embeddable":true,"href":"https:\/\/www.divingtangier.com\/fr\/wp-json\/wp\/v2\/media\/5060"}],"wp:attachment":[{"href":"https:\/\/www.divingtangier.com\/fr\/wp-json\/wp\/v2\/media?parent=5909"}],"wp:term":[{"taxonomy":"product_brand","embeddable":true,"href":"https:\/\/www.divingtangier.com\/fr\/wp-json\/wp\/v2\/product_brand?post=5909"},{"taxonomy":"product_cat","embeddable":true,"href":"https:\/\/www.divingtangier.com\/fr\/wp-json\/wp\/v2\/product_cat?post=5909"},{"taxonomy":"product_tag","embeddable":true,"href":"https:\/\/www.divingtangier.com\/fr\/wp-json\/wp\/v2\/product_tag?post=5909"}],"curies":[{"name":"wp","href":"https:\/\/api.w.org\/{rel}","templated":true}]}}