{"id":5653,"date":"2019-02-06T13:41:10","date_gmt":"2019-02-06T13:41:10","guid":{"rendered":"https:\/\/www.divingtangier.com\/nos-services\/"},"modified":"2024-10-17T13:09:36","modified_gmt":"2024-10-17T13:09:36","slug":"nos-services","status":"publish","type":"page","link":"https:\/\/www.divingtangier.com\/fr\/nos-services\/","title":{"rendered":"Nos services"},"content":{"rendered":"\t\t<div data-elementor-type=\"wp-post\" data-elementor-id=\"5653\" class=\"elementor elementor-5653 elementor-379\">\n\t\t\t\t\t\t<section class=\"elementor-section elementor-top-section elementor-element elementor-element-ea3735a elementor-section-stretched elementor-section-boxed elementor-section-height-default elementor-section-height-default\" data-id=\"ea3735a\" data-element_type=\"section\" data-settings=\"{&quot;stretch_section&quot;:&quot;section-stretched&quot;,&quot;background_background&quot;:&quot;classic&quot;}\">\n\t\t\t\t\t\t<div class=\"elementor-container elementor-column-gap-extended\">\n\t\t\t\t\t<div class=\"elementor-column elementor-col-100 elementor-top-column elementor-element elementor-element-6f780ea sc_inner_width_none sc_layouts_column_icons_position_left\" data-id=\"6f780ea\" data-element_type=\"column\">\n\t\t\t<div class=\"elementor-widget-wrap elementor-element-populated\">\n\t\t\t\t\t\t<div class=\"elementor-element elementor-element-f3f6f5b sc_fly_static elementor-widget elementor-widget-trx_sc_services\" data-id=\"f3f6f5b\" data-element_type=\"widget\" data-widget_type=\"trx_sc_services.default\">\n\t\t\t\t<div class=\"elementor-widget-container\">\n\t\t\t<div id=\"trx_sc_services_1841030073\" class=\"sc_services sc_services_chess sc_services_featured_top\"><div class=\"sc_services_content sc_item_content sc_item_posts_container sc_item_columns_1\"><div data-post-id=\"5283\" class=\"sc_services_item no_links with_content post-5283 cpt_services type-cpt_services status-publish has-post-thumbnail hentry cpt_services_group-principaux-services-fr-2\"><div class=\"post_featured with_thumb hover_dots sc_services_item_header post_featured_bg briny_inline_1298179639\">\t\t\t\t\t\t<div class=\"mask\"><\/div>\n\t\t\t\t\t\t\t\t\t<a href=\"https:\/\/www.divingtangier.com\/fr\/services\/le-bapteme\/\"  aria-hidden=\"true\" class=\"icons\"><span><\/span><span><\/span><span><\/span><\/a>\n\t\t\t<\/div>\t<div class=\"sc_services_item_content\">\n\t\t\t\t<h4 class=\"sc_services_item_title\">\n        <span id=\"trx_sc_services_1841030073__1\"\n              class=\"sc_services_item_icon sc_icon_type_icons \"\n                    ><\/span>\n        <a href=\"https:\/\/www.divingtangier.com\/fr\/services\/le-bapteme\/\">Le bapt\u00eame<\/a><\/h4>\n\t\t\t\t\t\t\t<div class=\"sc_services_item_text\"><p>Vous \u00eates curieux de savoir ce que c&rsquo;est que de respirer sous&hellip;<\/p>\n<\/div>\n\t\t<div class=\"link_more\"><a href=\"https:\/\/www.divingtangier.com\/fr\/services\/le-bapteme\/\" class=\"sc_services\">Read more<\/a><\/div>\t\t\t<\/div>\n<\/div>\n<div data-post-id=\"5271\" class=\"sc_services_item no_links with_content post-5271 cpt_services type-cpt_services status-publish has-post-thumbnail hentry cpt_services_group-principaux-services-fr-2\"><div class=\"post_featured with_thumb hover_dots sc_services_item_header post_featured_bg briny_inline_1381570193\">\t\t\t\t\t\t<div class=\"mask\"><\/div>\n\t\t\t\t\t\t\t\t\t<a href=\"https:\/\/www.divingtangier.com\/fr\/services\/reservoirs-de-remplissage-dair\/\"  aria-hidden=\"true\" class=\"icons\"><span><\/span><span><\/span><span><\/span><\/a>\n\t\t\t<\/div>\t<div class=\"sc_services_item_content\">\n\t\t\t\t<h4 class=\"sc_services_item_title\">\n        <span id=\"trx_sc_services_1841030073__2\"\n              class=\"sc_services_item_icon sc_icon_type_icons \"\n                    ><\/span>\n        <a href=\"https:\/\/www.divingtangier.com\/fr\/services\/reservoirs-de-remplissage-dair\/\">R\u00e9servoirs de remplissage d&rsquo;air<\/a><\/h4>\n\t\t\t\t\t\t\t<div class=\"sc_services_item_text\"><p>Au centre de plong\u00e9e Tanger Med, nous proposons des remplissages d&rsquo;air de&hellip;<\/p>\n<\/div>\n\t\t<div class=\"link_more\"><a href=\"https:\/\/www.divingtangier.com\/fr\/services\/reservoirs-de-remplissage-dair\/\" class=\"sc_services\">Read more<\/a><\/div>\t\t\t<\/div>\n<\/div>\n<div data-post-id=\"5263\" class=\"sc_services_item no_links with_content post-5263 cpt_services type-cpt_services status-publish has-post-thumbnail hentry cpt_services_group-principaux-services-fr-2 post_emotion_main_cool post_emotion_cool\"><div class=\"post_featured with_thumb hover_dots sc_services_item_header post_featured_bg briny_inline_1891770313\">\t\t\t\t\t\t<div class=\"mask\"><\/div>\n\t\t\t\t\t\t\t\t\t<a href=\"https:\/\/www.divingtangier.com\/fr\/services\/location-de-materiel\/\"  aria-hidden=\"true\" class=\"icons\"><span><\/span><span><\/span><span><\/span><\/a>\n\t\t\t<\/div>\t<div class=\"sc_services_item_content\">\n\t\t\t\t<h4 class=\"sc_services_item_title\">\n        <span id=\"trx_sc_services_1841030073__3\"\n              class=\"sc_services_item_icon sc_icon_type_icons \"\n                    ><\/span>\n        <a href=\"https:\/\/www.divingtangier.com\/fr\/services\/location-de-materiel\/\">Location de mat\u00e9riel<\/a><\/h4>\n\t\t\t\t\t\t\t<div class=\"sc_services_item_text\"><p>Au centre de plong\u00e9e Tanger Med, nous proposons \u00e0 la location du&hellip;<\/p>\n<\/div>\n\t\t<div class=\"link_more\"><a href=\"https:\/\/www.divingtangier.com\/fr\/services\/location-de-materiel\/\" class=\"sc_services\">Read more<\/a><\/div>\t\t\t<\/div>\n<\/div>\n<\/div><\/div><!-- \/.sc_services -->\t\t<\/div>\n\t\t\t\t<\/div>\n\t\t\t\t\t<\/div>\n\t\t<\/div>\n\t\t\t\t\t<\/div>\n\t\t<\/section>\n\t\t\t\t<section class=\"elementor-section elementor-top-section elementor-element elementor-element-5ce73b70 elementor-section-stretched scheme_default elementor-section-boxed elementor-section-height-default elementor-section-height-default\" data-id=\"5ce73b70\" data-element_type=\"section\" data-settings=\"{&quot;stretch_section&quot;:&quot;section-stretched&quot;,&quot;background_background&quot;:&quot;classic&quot;}\">\n\t\t\t\t\t\t<div class=\"elementor-container elementor-column-gap-extended\">\n\t\t\t\t\t<div class=\"elementor-column elementor-col-100 elementor-top-column elementor-element elementor-element-45865ae sc_inner_width_none sc_layouts_column_icons_position_left\" data-id=\"45865ae\" data-element_type=\"column\">\n\t\t\t<div class=\"elementor-widget-wrap elementor-element-populated\">\n\t\t\t\t\t\t<div class=\"elementor-element elementor-element-1e232ecc sc_fly_static elementor-widget elementor-widget-trx_sc_title\" data-id=\"1e232ecc\" data-element_type=\"widget\" data-widget_type=\"trx_sc_title.default\">\n\t\t\t\t<div class=\"elementor-widget-container\">\n\t\t\t<div id=\"trx_sc_title_1896111339\"\n\t\tclass=\"sc_title sc_title_decoration\"><h2 class=\"sc_item_title sc_title_title sc_align_center sc_item_title_style_decoration\"><span class=\"sc_item_title_text\">Dive Packages<\/span><\/h2><\/div><!-- \/.sc_title -->\t\t<\/div>\n\t\t\t\t<\/div>\n\t\t\t\t<div class=\"elementor-element elementor-element-9ad3bc1 sc_fly_static elementor-widget elementor-widget-spacer\" data-id=\"9ad3bc1\" data-element_type=\"widget\" data-widget_type=\"spacer.default\">\n\t\t\t\t<div class=\"elementor-widget-container\">\n\t\t\t\t\t<div class=\"elementor-spacer\">\n\t\t\t<div class=\"elementor-spacer-inner\"><\/div>\n\t\t<\/div>\n\t\t\t\t<\/div>\n\t\t\t\t<\/div>\n\t\t\t\t<div class=\"elementor-element elementor-element-487c0a25 scheme_default sc_fly_static elementor-widget elementor-widget-trx_sc_price\" data-id=\"487c0a25\" data-element_type=\"widget\" data-widget_type=\"trx_sc_price.default\">\n\t\t\t\t<div class=\"elementor-widget-container\">\n\t\t\t<div  id=\"trx_sc_price_2024761762\" \n\tclass=\"sc_price scheme_default sc_price_default\"><div class=\"sc_price_columns_wrap sc_item_columns trx_addons_columns_wrap columns_padding_bottom\"><div class=\"trx_addons_column-1_4\"><div class=\"sc_price_item sc_price_item_default\">\n\t\t\t<div class=\"sc_price_item_info\"><h3 class=\"sc_price_item_title\"><span>Surface Water <\/span><span> Experiences<\/span><\/h3><div class=\"sc_price_item_price\"><span class=\"sc_price_item_price_before\">From <\/span><span class=\"sc_price_item_price_value\">55<\/span><span class=\"sc_price_item_price_after\">\u20ac\/per pax<\/span><\/div><div class=\"sc_price_item_details\"><p>This program provides for activities on the surface of the water throughout the trip (the ocean or a lake).<\/p><\/div><a href=\"https:\/\/www.divingtangier.com\/book-appointments\/\" class=\"sc_price_item_link sc_button\">Book Now<\/a><\/div><!-- \/.sc_price_item_info --><\/div><\/div><div class=\"trx_addons_column-1_4\"><div class=\"sc_price_item sc_price_item_default\">\n\t\t\t<div class=\"sc_price_item_info\"><h3 class=\"sc_price_item_title\"><span>Shallow <\/span><span> Reef Dives<\/span><\/h3><div class=\"sc_price_item_price\"><span class=\"sc_price_item_price_before\">From <\/span><span class=\"sc_price_item_price_value\">99<\/span><span class=\"sc_price_item_price_after\">\u20ac\/per pax<\/span><\/div><div class=\"sc_price_item_details\"><p>For certified or non-certified divers! Venture out into the deep blue waters and see\u00a0all the great marine life.<\/p><\/div><a href=\"https:\/\/www.divingtangier.com\/book-appointments\/\" class=\"sc_price_item_link sc_button\">Book Now<\/a><\/div><!-- \/.sc_price_item_info --><\/div><\/div><div class=\"trx_addons_column-1_4\"><div class=\"sc_price_item sc_price_item_default\">\n\t\t\t<div class=\"sc_price_item_info\"><h3 class=\"sc_price_item_title\"><span>Deep Water <\/span><span> Wreck<\/span><\/h3><div class=\"sc_price_item_price\"><span class=\"sc_price_item_price_before\">From<\/span><span class=\"sc_price_item_price_value\">120<\/span><span class=\"sc_price_item_price_after\">\u20ac\/per pax<\/span><\/div><div class=\"sc_price_item_details\"><p>Become a treasure hunter and dive into the blue to discover mysterious shipwrecks and take amazing photos!<\/p><\/div><a href=\"https:\/\/www.divingtangier.com\/book-appointments\/\" class=\"sc_price_item_link sc_button\">Book Now<\/a><\/div><!-- \/.sc_price_item_info --><\/div><\/div><div class=\"trx_addons_column-1_4\"><div class=\"sc_price_item sc_price_item_default\">\n\t\t\t<div class=\"sc_price_item_info\"><h3 class=\"sc_price_item_title\"><span>Evening <\/span><span>Tours<\/span><\/h3><div class=\"sc_price_item_price\"><span class=\"sc_price_item_price_before\">From<\/span><span class=\"sc_price_item_price_value\">150<\/span><span class=\"sc_price_item_price_after\">\u20ac\/per pax<\/span><\/div><div class=\"sc_price_item_details\"><p>Evening tours showcase the beautiful nature and include romantic dinners on a yacht or a boat.<\/p><\/div><a href=\"https:\/\/www.divingtangier.com\/book-appointments\/\" class=\"sc_price_item_link sc_button\">Book Now<\/a><\/div><!-- \/.sc_price_item_info --><\/div><\/div><\/div><\/div><!-- \/.sc_price -->\t\t<\/div>\n\t\t\t\t<\/div>\n\t\t\t\t\t<\/div>\n\t\t<\/div>\n\t\t\t\t\t<\/div>\n\t\t<\/section>\n\t\t\t\t<section class=\"elementor-section elementor-top-section elementor-element elementor-element-508f6f18 elementor-section-stretched scheme_dark elementor-section-boxed elementor-section-height-default elementor-section-height-default\" data-id=\"508f6f18\" data-element_type=\"section\" data-settings=\"{&quot;stretch_section&quot;:&quot;section-stretched&quot;,&quot;background_background&quot;:&quot;classic&quot;}\">\n\t\t\t\t\t\t<div class=\"elementor-container elementor-column-gap-extended\">\n\t\t\t\t\t<div class=\"elementor-column elementor-col-100 elementor-top-column elementor-element elementor-element-3bdcb42 sc_inner_width_none sc_layouts_column_icons_position_left\" data-id=\"3bdcb42\" data-element_type=\"column\">\n\t\t\t<div class=\"elementor-widget-wrap elementor-element-populated\">\n\t\t\t\t\t\t<div class=\"elementor-element elementor-element-5918e89 sc_fly_static elementor-widget elementor-widget-trx_sc_title\" data-id=\"5918e89\" data-element_type=\"widget\" data-widget_type=\"trx_sc_title.default\">\n\t\t\t\t<div class=\"elementor-widget-container\">\n\t\t\t<div id=\"trx_sc_title_922745665\"\n\t\tclass=\"sc_title sc_title_decoration\"><h2 class=\"sc_item_title sc_title_title sc_align_center sc_item_title_style_decoration\"><span class=\"sc_item_title_text\">What Our Customers Say<\/span><\/h2><\/div><!-- \/.sc_title -->\t\t<\/div>\n\t\t\t\t<\/div>\n\t\t\t\t<div class=\"elementor-element elementor-element-5b1f566 sc_fly_static elementor-widget elementor-widget-spacer\" data-id=\"5b1f566\" data-element_type=\"widget\" data-widget_type=\"spacer.default\">\n\t\t\t\t<div class=\"elementor-widget-container\">\n\t\t\t\t\t<div class=\"elementor-spacer\">\n\t\t\t<div class=\"elementor-spacer-inner\"><\/div>\n\t\t<\/div>\n\t\t\t\t<\/div>\n\t\t\t\t<\/div>\n\t\t\t\t<div class=\"elementor-element elementor-element-37de415b sc_fly_static elementor-widget elementor-widget-trx_sc_testimonials\" data-id=\"37de415b\" data-element_type=\"widget\" data-widget_type=\"trx_sc_testimonials.default\">\n\t\t\t\t<div class=\"elementor-widget-container\">\n\t\t\t<div  id=\"trx_sc_testimonials_327910220\"\t\tclass=\"sc_testimonials sc_testimonials_simple\"><div id=\"trx_sc_testimonials_327910220_outer\" class=\"sc_testimonials_slider sc_item_slider slider_swiper_outer slider_outer slider_outer_controls slider_outer_controls_side slider_outer_nopagination slider_outer_nocentered slider_outer_overflow_hidden slider_outer_one\">\n\t<div id=\"trx_sc_testimonials_327910220_swiper\" class=\"slider_container swiper-slider-container slider_swiper slider_noresize slider_controls slider_controls_side slider_nopagination slider_nocentered slider_overflow_hidden slider_one\" data-slides-min-width=\"290\" data-pagination=\"bullets\" data-mouse-wheel=\"0\" data-autoplay=\"1\" data-slides-centered=\"0\" data-slides-overflow=\"0\">\n\t\t<div class=\"slides slider-wrapper swiper-wrapper sc_item_columns_1\"><div class=\"slider-slide swiper-slide\"><div data-post-id=\"5230\" class=\"sc_testimonials_item\">\n    <div class=\"sc_testimonials_item_content\"><p>\u00ab\u00a0Chaque fois que je visite Belyounech, la plong\u00e9e est la meilleure chose \u00e0 faire l\u00e0-bas. Mon premier choix est toujours le Diving Center Tangier, o\u00f9 vous pouvez trouver des personnes aimables comme Ridouane et son \u00e9quipe, qui sont tr\u00e8s serviables. Lorsque j&rsquo;ai d\u00e9couvert ce nouveau monde, j&rsquo;ai commenc\u00e9 avec eux pour obtenir ma certification Open Water, puis j&rsquo;ai obtenu la certification Advanced. Actuellement, je travaille sur la certification PADI Rescue, et bien s\u00fbr, je continuerai avec cette charmante \u00e9quipe pour les certifications suivantes. Merci pour cette belle exp\u00e9rience !\u00a0\u00bb<\/p>\n<\/div>\n    <div class=\"sc_testimonials_item_author\">\n        <div class=\"sc_testimonials_item_author_data\">\n            <h4 class=\"sc_testimonials_item_author_title\">laaraich e<\/h4>\n            <div class=\"sc_testimonials_item_author_subtitle\"><\/div>\n        <\/div>\n    <\/div>\n<\/div>\n<\/div><div class=\"slider-slide swiper-slide\"><div data-post-id=\"5238\" class=\"sc_testimonials_item\">\n    <div class=\"sc_testimonials_item_content\"><p>\u00ab\u00a0C&rsquo;\u00e9tait ma toute premi\u00e8re plong\u00e9e, j&rsquo;ai donc fait ce que nous appelons en fran\u00e7ais un \u00ab\u00a0bapt\u00eame de plong\u00e9e\u00a0\u00bb. Le personnel \u00e9tait absolument g\u00e9nial, tr\u00e8s comp\u00e9tent et m&rsquo;a permis de me sentir en s\u00e9curit\u00e9 \u00e0 100 %. J&rsquo;ai h\u00e2te de plonger \u00e0 nouveau. <\/p>\n<\/div>\n    <div class=\"sc_testimonials_item_author\">\n        <div class=\"sc_testimonials_item_author_data\">\n            <h4 class=\"sc_testimonials_item_author_title\">Fr\u00e9d\u00e9ric S<\/h4>\n            <div class=\"sc_testimonials_item_author_subtitle\"><\/div>\n        <\/div>\n    <\/div>\n<\/div>\n<\/div><div class=\"slider-slide swiper-slide\"><div data-post-id=\"5237\" class=\"sc_testimonials_item\">\n    <div class=\"sc_testimonials_item_content\"><p>\u00ab\u00a0<span style=\"font-size: 16px; letter-spacing: 0.38px;\">Tr\u00e8s belle exp\u00e9rience avec Achraf et Ismail sur un site de plong\u00e9e int\u00e9ressant pr\u00e8s de Tanger &#8211; Maroc. Merci les gars, j&rsquo;ai trouv\u00e9 mon compagnon de plong\u00e9e fiable et professionnel pour les futures plong\u00e9es \u00e0 Tanger ! <\/span><span style=\"font-size: 16px; letter-spacing: 0.38px;\">\u00ab\u00a0<\/span><\/p>\n\n<p><\/p>\n<\/div>\n    <div class=\"sc_testimonials_item_author\">\n        <div class=\"sc_testimonials_item_author_data\">\n            <h4 class=\"sc_testimonials_item_author_title\">vomarv<\/h4>\n            <div class=\"sc_testimonials_item_author_subtitle\"><\/div>\n        <\/div>\n    <\/div>\n<\/div>\n<\/div><\/div><div class=\"slider_controls_wrap\"><a class=\"slider_prev swiper-button-prev\" href=\"#\"><\/a><a class=\"slider_next swiper-button-next\" href=\"#\"><\/a><\/div><\/div><\/div><\/div><!-- \/.sc_testimonials -->\t\t<\/div>\n\t\t\t\t<\/div>\n\t\t\t\t\t<\/div>\n\t\t<\/div>\n\t\t\t\t\t<\/div>\n\t\t<\/section>\n\t\t\t\t<\/div>\n\t\t","protected":false},"excerpt":{"rendered":"<p>Baptism Curious about what it&#8217;s like to breathe underwater? Our Baptism Dive&hellip;<\/p>\n","protected":false},"author":3,"featured_media":0,"parent":0,"menu_order":0,"comment_status":"closed","ping_status":"closed","template":"","meta":{"_joinchat":[],"footnotes":""},"class_list":["post-5653","page","type-page","status-publish","hentry"],"yoast_head":"<!-- This site is optimized with the Yoast SEO plugin v25.3.1 - https:\/\/yoast.com\/wordpress\/plugins\/seo\/ -->\n<title>Nos services |<\/title>\n<meta name=\"robots\" content=\"index, follow, max-snippet:-1, max-image-preview:large, max-video-preview:-1\" \/>\n<link rel=\"canonical\" href=\"https:\/\/www.divingtangier.com\/fr\/nos-services\/\" \/>\n<meta property=\"og:locale\" content=\"fr_FR\" \/>\n<meta property=\"og:type\" content=\"article\" \/>\n<meta property=\"og:title\" content=\"Nos services |\" \/>\n<meta property=\"og:description\" content=\"Baptism Curious about what it&#8217;s like to breathe underwater? Our Baptism Dive&hellip;\" \/>\n<meta property=\"og:url\" content=\"https:\/\/www.divingtangier.com\/fr\/nos-services\/\" \/>\n<meta property=\"article:publisher\" content=\"https:\/\/www.facebook.com\/TMDCenter\" \/>\n<meta property=\"article:modified_time\" content=\"2024-10-17T13:09:36+00:00\" \/>\n<meta property=\"og:image\" content=\"https:\/\/www.divingtangier.com\/wp-content\/uploads\/2024\/10\/cropped-favicon-Morroco-Diving-center-.jpg\" \/>\n\t<meta property=\"og:image:width\" content=\"512\" \/>\n\t<meta property=\"og:image:height\" content=\"512\" \/>\n\t<meta property=\"og:image:type\" content=\"image\/jpeg\" \/>\n<meta name=\"twitter:card\" content=\"summary_large_image\" \/>\n<meta name=\"twitter:label1\" content=\"Dur\u00e9e de lecture estim\u00e9e\" \/>\n\t<meta name=\"twitter:data1\" content=\"3 minutes\" \/>\n<script type=\"application\/ld+json\" class=\"yoast-schema-graph\">{\"@context\":\"https:\/\/schema.org\",\"@graph\":[{\"@type\":\"WebPage\",\"@id\":\"https:\/\/www.divingtangier.com\/fr\/nos-services\/\",\"url\":\"https:\/\/www.divingtangier.com\/fr\/nos-services\/\",\"name\":\"Nos services |\",\"isPartOf\":{\"@id\":\"https:\/\/www.divingtangier.com\/fr\/#website\"},\"datePublished\":\"2019-02-06T13:41:10+00:00\",\"dateModified\":\"2024-10-17T13:09:36+00:00\",\"breadcrumb\":{\"@id\":\"https:\/\/www.divingtangier.com\/fr\/nos-services\/#breadcrumb\"},\"inLanguage\":\"fr-FR\",\"potentialAction\":[{\"@type\":\"ReadAction\",\"target\":[\"https:\/\/www.divingtangier.com\/fr\/nos-services\/\"]}]},{\"@type\":\"BreadcrumbList\",\"@id\":\"https:\/\/www.divingtangier.com\/fr\/nos-services\/#breadcrumb\",\"itemListElement\":[{\"@type\":\"ListItem\",\"position\":1,\"name\":\"Home\",\"item\":\"https:\/\/www.divingtangier.com\/fr\/\"},{\"@type\":\"ListItem\",\"position\":2,\"name\":\"Nos services\"}]},{\"@type\":\"WebSite\",\"@id\":\"https:\/\/www.divingtangier.com\/fr\/#website\",\"url\":\"https:\/\/www.divingtangier.com\/fr\/\",\"name\":\"https:\/\/www.divingtangier.com\",\"description\":\"\",\"publisher\":{\"@id\":\"https:\/\/www.divingtangier.com\/fr\/#organization\"},\"alternateName\":\"www.divingtangier.com\",\"potentialAction\":[{\"@type\":\"SearchAction\",\"target\":{\"@type\":\"EntryPoint\",\"urlTemplate\":\"https:\/\/www.divingtangier.com\/fr\/?s={search_term_string}\"},\"query-input\":{\"@type\":\"PropertyValueSpecification\",\"valueRequired\":true,\"valueName\":\"search_term_string\"}}],\"inLanguage\":\"fr-FR\"},{\"@type\":\"Organization\",\"@id\":\"https:\/\/www.divingtangier.com\/fr\/#organization\",\"name\":\"Tanger Med Diving Center\",\"url\":\"https:\/\/www.divingtangier.com\/fr\/\",\"logo\":{\"@type\":\"ImageObject\",\"inLanguage\":\"fr-FR\",\"@id\":\"https:\/\/www.divingtangier.com\/fr\/#\/schema\/logo\/image\/\",\"url\":\"https:\/\/www.divingtangier.com\/wp-content\/uploads\/2024\/10\/logo-Morroco-Diving-center-responsive.png\",\"contentUrl\":\"https:\/\/www.divingtangier.com\/wp-content\/uploads\/2024\/10\/logo-Morroco-Diving-center-responsive.png\",\"width\":640,\"height\":640,\"caption\":\"Tanger Med Diving Center\"},\"image\":{\"@id\":\"https:\/\/www.divingtangier.com\/fr\/#\/schema\/logo\/image\/\"},\"sameAs\":[\"https:\/\/www.facebook.com\/TMDCenter\"]}]}<\/script>\n<!-- \/ Yoast SEO plugin. -->","yoast_head_json":{"title":"Nos services |","robots":{"index":"index","follow":"follow","max-snippet":"max-snippet:-1","max-image-preview":"max-image-preview:large","max-video-preview":"max-video-preview:-1"},"canonical":"https:\/\/www.divingtangier.com\/fr\/nos-services\/","og_locale":"fr_FR","og_type":"article","og_title":"Nos services |","og_description":"Baptism Curious about what it&#8217;s like to breathe underwater? Our Baptism Dive&hellip;","og_url":"https:\/\/www.divingtangier.com\/fr\/nos-services\/","article_publisher":"https:\/\/www.facebook.com\/TMDCenter","article_modified_time":"2024-10-17T13:09:36+00:00","og_image":[{"width":512,"height":512,"url":"https:\/\/www.divingtangier.com\/wp-content\/uploads\/2024\/10\/cropped-favicon-Morroco-Diving-center-.jpg","type":"image\/jpeg"}],"twitter_card":"summary_large_image","twitter_misc":{"Dur\u00e9e de lecture estim\u00e9e":"3 minutes"},"schema":{"@context":"https:\/\/schema.org","@graph":[{"@type":"WebPage","@id":"https:\/\/www.divingtangier.com\/fr\/nos-services\/","url":"https:\/\/www.divingtangier.com\/fr\/nos-services\/","name":"Nos services |","isPartOf":{"@id":"https:\/\/www.divingtangier.com\/fr\/#website"},"datePublished":"2019-02-06T13:41:10+00:00","dateModified":"2024-10-17T13:09:36+00:00","breadcrumb":{"@id":"https:\/\/www.divingtangier.com\/fr\/nos-services\/#breadcrumb"},"inLanguage":"fr-FR","potentialAction":[{"@type":"ReadAction","target":["https:\/\/www.divingtangier.com\/fr\/nos-services\/"]}]},{"@type":"BreadcrumbList","@id":"https:\/\/www.divingtangier.com\/fr\/nos-services\/#breadcrumb","itemListElement":[{"@type":"ListItem","position":1,"name":"Home","item":"https:\/\/www.divingtangier.com\/fr\/"},{"@type":"ListItem","position":2,"name":"Nos services"}]},{"@type":"WebSite","@id":"https:\/\/www.divingtangier.com\/fr\/#website","url":"https:\/\/www.divingtangier.com\/fr\/","name":"https:\/\/www.divingtangier.com","description":"","publisher":{"@id":"https:\/\/www.divingtangier.com\/fr\/#organization"},"alternateName":"www.divingtangier.com","potentialAction":[{"@type":"SearchAction","target":{"@type":"EntryPoint","urlTemplate":"https:\/\/www.divingtangier.com\/fr\/?s={search_term_string}"},"query-input":{"@type":"PropertyValueSpecification","valueRequired":true,"valueName":"search_term_string"}}],"inLanguage":"fr-FR"},{"@type":"Organization","@id":"https:\/\/www.divingtangier.com\/fr\/#organization","name":"Tanger Med Diving Center","url":"https:\/\/www.divingtangier.com\/fr\/","logo":{"@type":"ImageObject","inLanguage":"fr-FR","@id":"https:\/\/www.divingtangier.com\/fr\/#\/schema\/logo\/image\/","url":"https:\/\/www.divingtangier.com\/wp-content\/uploads\/2024\/10\/logo-Morroco-Diving-center-responsive.png","contentUrl":"https:\/\/www.divingtangier.com\/wp-content\/uploads\/2024\/10\/logo-Morroco-Diving-center-responsive.png","width":640,"height":640,"caption":"Tanger Med Diving Center"},"image":{"@id":"https:\/\/www.divingtangier.com\/fr\/#\/schema\/logo\/image\/"},"sameAs":["https:\/\/www.facebook.com\/TMDCenter"]}]}},"_links":{"self":[{"href":"https:\/\/www.divingtangier.com\/fr\/wp-json\/wp\/v2\/pages\/5653","targetHints":{"allow":["GET"]}}],"collection":[{"href":"https:\/\/www.divingtangier.com\/fr\/wp-json\/wp\/v2\/pages"}],"about":[{"href":"https:\/\/www.divingtangier.com\/fr\/wp-json\/wp\/v2\/types\/page"}],"author":[{"embeddable":true,"href":"https:\/\/www.divingtangier.com\/fr\/wp-json\/wp\/v2\/users\/3"}],"replies":[{"embeddable":true,"href":"https:\/\/www.divingtangier.com\/fr\/wp-json\/wp\/v2\/comments?post=5653"}],"version-history":[{"count":2,"href":"https:\/\/www.divingtangier.com\/fr\/wp-json\/wp\/v2\/pages\/5653\/revisions"}],"predecessor-version":[{"id":5656,"href":"https:\/\/www.divingtangier.com\/fr\/wp-json\/wp\/v2\/pages\/5653\/revisions\/5656"}],"wp:attachment":[{"href":"https:\/\/www.divingtangier.com\/fr\/wp-json\/wp\/v2\/media?parent=5653"}],"curies":[{"name":"wp","href":"https:\/\/api.w.org\/{rel}","templated":true}]}}