{"id":5429,"date":"2019-01-25T11:11:03","date_gmt":"2019-01-25T11:11:03","guid":{"rendered":"https:\/\/www.divingtangier.com\/politique-de-confidentialite\/"},"modified":"2024-10-17T13:07:39","modified_gmt":"2024-10-17T13:07:39","slug":"politique-de-confidentialite","status":"publish","type":"page","link":"https:\/\/www.divingtangier.com\/fr\/politique-de-confidentialite\/","title":{"rendered":"Politique de confidentialit\u00e9"},"content":{"rendered":"\t\t<div data-elementor-type=\"wp-post\" data-elementor-id=\"5429\" class=\"elementor elementor-5429 elementor-69\">\n\t\t\t\t\t\t<section class=\"elementor-section elementor-top-section elementor-element elementor-element-19dac095 elementor-section-boxed elementor-section-height-default elementor-section-height-default\" data-id=\"19dac095\" data-element_type=\"section\" data-settings=\"{&quot;background_background&quot;:&quot;classic&quot;}\">\n\t\t\t\t\t\t<div class=\"elementor-container elementor-column-gap-wider\">\n\t\t\t\t\t<div class=\"elementor-column elementor-col-100 elementor-top-column elementor-element elementor-element-9e48320 sc_inner_width_none sc_layouts_column_icons_position_left\" data-id=\"9e48320\" data-element_type=\"column\">\n\t\t\t<div class=\"elementor-widget-wrap elementor-element-populated\">\n\t\t\t\t\t\t<div class=\"elementor-element elementor-element-197cb141 sc_fly_static elementor-widget elementor-widget-heading\" data-id=\"197cb141\" data-element_type=\"widget\" data-widget_type=\"heading.default\">\n\t\t\t\t<div class=\"elementor-widget-container\">\n\t\t\t<h5 class=\"elementor-heading-title elementor-size-default\">1. L'INTRODUCTION<\/h5>\t\t<\/div>\n\t\t\t\t<\/div>\n\t\t\t\t<div class=\"elementor-element elementor-element-11efeb81 sc_fly_static elementor-widget elementor-widget-text-editor\" data-id=\"11efeb81\" data-element_type=\"widget\" data-widget_type=\"text-editor.default\">\n\t\t\t\t<div class=\"elementor-widget-container\">\n\t\t\t\t\t\t\t<p>Date d&rsquo;entr\u00e9e en vigueur : octobre 2024<\/p>\n<p>Au <strong>centre de plong\u00e9e Tanger Med<\/strong>, accessible depuis <a href=\"https:\/\/www.divingtangier.com\/fr\/\" target=\"_new\" rel=\"noopener\">https:\/\/www.divingtangier.com,<\/a> nous nous engageons \u00e0 prot\u00e9ger votre vie priv\u00e9e. La pr\u00e9sente politique de confidentialit\u00e9 d\u00e9crit les types d&rsquo;informations que nous recueillons et enregistrons, ainsi que la mani\u00e8re dont nous les utilisons. <\/p>\n<p>Si vous avez des questions suppl\u00e9mentaires ou si vous souhaitez obtenir plus d&rsquo;informations sur notre politique de protection de la vie priv\u00e9e, n&rsquo;h\u00e9sitez pas \u00e0 nous contacter par courrier \u00e9lectronique \u00e0 l&rsquo;adresse suivante <strong><a rel=\"noopener\">info@divingtangier.com<\/a><\/strong> ou par t\u00e9l\u00e9phone au <strong>+212 615-821571<\/strong>.<\/p>\n\t\t\t\t\t\t<\/div>\n\t\t\t\t<\/div>\n\t\t\t\t\t<\/div>\n\t\t<\/div>\n\t\t\t\t\t<\/div>\n\t\t<\/section>\n\t\t\t\t<section class=\"elementor-section elementor-top-section elementor-element elementor-element-19fecaae elementor-section-boxed elementor-section-height-default elementor-section-height-default\" data-id=\"19fecaae\" data-element_type=\"section\">\n\t\t\t\t\t\t<div class=\"elementor-container elementor-column-gap-extended\">\n\t\t\t\t\t<div class=\"elementor-column elementor-col-100 elementor-top-column elementor-element elementor-element-57580bbc sc_inner_width_none sc_layouts_column_icons_position_left\" data-id=\"57580bbc\" data-element_type=\"column\">\n\t\t\t<div class=\"elementor-widget-wrap elementor-element-populated\">\n\t\t\t\t\t\t<div class=\"elementor-element elementor-element-4284bc9b sc_fly_static elementor-widget elementor-widget-spacer\" data-id=\"4284bc9b\" data-element_type=\"widget\" data-widget_type=\"spacer.default\">\n\t\t\t\t<div class=\"elementor-widget-container\">\n\t\t\t\t\t<div class=\"elementor-spacer\">\n\t\t\t<div class=\"elementor-spacer-inner\"><\/div>\n\t\t<\/div>\n\t\t\t\t<\/div>\n\t\t\t\t<\/div>\n\t\t\t\t\t<\/div>\n\t\t<\/div>\n\t\t\t\t\t<\/div>\n\t\t<\/section>\n\t\t\t\t<section class=\"elementor-section elementor-top-section elementor-element elementor-element-31bfd29e elementor-section-boxed elementor-section-height-default elementor-section-height-default\" data-id=\"31bfd29e\" data-element_type=\"section\" data-settings=\"{&quot;background_background&quot;:&quot;classic&quot;}\">\n\t\t\t\t\t\t<div class=\"elementor-container elementor-column-gap-wider\">\n\t\t\t\t\t<div class=\"elementor-column elementor-col-100 elementor-top-column elementor-element elementor-element-277cce3e sc_inner_width_none sc_layouts_column_icons_position_left\" data-id=\"277cce3e\" data-element_type=\"column\">\n\t\t\t<div class=\"elementor-widget-wrap elementor-element-populated\">\n\t\t\t\t\t\t<div class=\"elementor-element elementor-element-5b840aa0 sc_fly_static elementor-widget elementor-widget-spacer\" data-id=\"5b840aa0\" data-element_type=\"widget\" data-widget_type=\"spacer.default\">\n\t\t\t\t<div class=\"elementor-widget-container\">\n\t\t\t\t\t<div class=\"elementor-spacer\">\n\t\t\t<div class=\"elementor-spacer-inner\"><\/div>\n\t\t<\/div>\n\t\t\t\t<\/div>\n\t\t\t\t<\/div>\n\t\t\t\t<div class=\"elementor-element elementor-element-28ffd096 sc_fly_static elementor-widget elementor-widget-heading\" data-id=\"28ffd096\" data-element_type=\"widget\" data-widget_type=\"heading.default\">\n\t\t\t\t<div class=\"elementor-widget-container\">\n\t\t\t<h5 class=\"elementor-heading-title elementor-size-default\">2. les informations que nous recueillons<\/h5>\t\t<\/div>\n\t\t\t\t<\/div>\n\t\t\t\t<div class=\"elementor-element elementor-element-18ee7638 sc_fly_static elementor-widget elementor-widget-text-editor\" data-id=\"18ee7638\" data-element_type=\"widget\" data-widget_type=\"text-editor.default\">\n\t\t\t\t<div class=\"elementor-widget-container\">\n\t\t\t\t\t\t\t<h3>1. <strong>Les informations que nous collectons<\/strong><\/h3>\n<p>Lorsque vous utilisez notre site web, nous pouvons collecter les informations suivantes :<\/p>\n<ul>\n<li><strong>Informations d&rsquo;identification personnelle<\/strong> (nom, adresse \u00e9lectronique, num\u00e9ro de t\u00e9l\u00e9phone, etc.)<\/li>\n<li><strong>D\u00e9tails de la r\u00e9servation et de la transaction<\/strong> (pour des services tels que les forfaits de plong\u00e9e, la location d&rsquo;\u00e9quipement, etc.)<\/li>\n<li><strong>Donn\u00e9es collect\u00e9es automatiquement<\/strong>: Il s&rsquo;agit des adresses IP, des types de navigateurs et d&rsquo;autres informations recueillies par le biais de cookies.<\/li>\n<\/ul>\n<h3>2. <strong>Comment nous utilisons vos informations<\/strong><\/h3>\n<p>Les informations que nous recueillons sont utilis\u00e9es de diverses mani\u00e8res, notamment pour :<\/p>\n<ul>\n<li>Traiter les r\u00e9servations et fournir nos services.<\/li>\n<li>Communiquer avec vous, y compris le service client\u00e8le, les demandes de renseignements ou les mises \u00e0 jour relatives \u00e0 nos offres.<\/li>\n<li>Am\u00e9liorer notre site web, nos services et l&rsquo;exp\u00e9rience de nos clients.<\/li>\n<li>Envoyer des offres promotionnelles ou des mises \u00e0 jour, uniquement si vous avez choisi de recevoir de telles communications.<\/li>\n<\/ul>\n<h3>3. <strong>Partage de vos informations<\/strong><\/h3>\n<p>Nous ne vendons pas, n&rsquo;\u00e9changeons pas et ne transf\u00e9rons pas de quelque mani\u00e8re que ce soit \u00e0 des tiers vos informations personnelles identifiables. Toutefois, nous pouvons partager vos informations avec des partenaires de confiance qui nous aident \u00e0 exploiter notre site web et \u00e0 mener nos activit\u00e9s, \u00e0 condition que ces parties acceptent de garder ces informations confidentielles. <\/p>\n<h3>4. <strong>Cookies et technologies de suivi<\/strong><\/h3>\n<p>Nous utilisons des cookies pour am\u00e9liorer l&rsquo;exp\u00e9rience de l&rsquo;utilisateur sur notre site web. Les cookies sont de petits fichiers plac\u00e9s sur votre appareil qui nous permettent de suivre vos pr\u00e9f\u00e9rences et vos activit\u00e9s. Vous pouvez choisir de d\u00e9sactiver les cookies dans les param\u00e8tres de votre navigateur, mais cela peut affecter votre exp\u00e9rience sur notre site.  <\/p>\n<h3>5. <strong>S\u00e9curit\u00e9 des donn\u00e9es<\/strong><\/h3>\n<p>Nous mettons en \u0153uvre des mesures de s\u00e9curit\u00e9 techniques et organisationnelles appropri\u00e9es pour prot\u00e9ger vos donn\u00e9es contre l&rsquo;acc\u00e8s, la divulgation, l&rsquo;alt\u00e9ration ou la destruction non autoris\u00e9s.<\/p>\n<h3>6. <strong>Vos droits<\/strong><\/h3>\n<p>Vous disposez des droits suivants concernant vos donn\u00e9es personnelles :<\/p>\n<ul>\n<li>L&rsquo;<strong>acc\u00e8s<\/strong>: Vous pouvez demander des copies de vos donn\u00e9es personnelles.<\/li>\n<li><strong>Rectification<\/strong>: Vous pouvez demander la correction de toute donn\u00e9e inexacte que nous d\u00e9tenons.<\/li>\n<li><strong>Suppression<\/strong>: Vous pouvez demander la suppression de vos donn\u00e9es personnelles.<\/li>\n<li><strong>Opposition<\/strong>: Vous avez le droit de vous opposer \u00e0 certains types de traitement.<\/li>\n<\/ul>\n<p>Pour exercer l&rsquo;un de ces droits, contactez-nous \u00e0 l&rsquo;adresse suivante <strong><a rel=\"noopener\">info@divingtangier.com<\/a><\/strong> ou au <strong>+212 615-821571<\/strong>.<\/p>\n<h3>7. <strong>Liens avec des tiers<\/strong><\/h3>\n<p>Notre site web peut contenir des liens vers des sites web de tiers. Nous ne sommes pas responsables des pratiques des autres sites en mati\u00e8re de protection de la vie priv\u00e9e. Nous encourageons les utilisateurs \u00e0 consulter les politiques de confidentialit\u00e9 de ces sites tiers avant de fournir des donn\u00e9es personnelles.  <\/p>\n<h3>8. <strong>Modifications de la pr\u00e9sente politique<\/strong><\/h3>\n<p>Nous nous r\u00e9servons le droit de mettre \u00e0 jour la pr\u00e9sente politique de confidentialit\u00e9 \u00e0 tout moment. Toute modification sera publi\u00e9e sur cette page avec la date d&rsquo;entr\u00e9e en vigueur de la mise \u00e0 jour. <\/p>\n<hr>\n<p>Pour toute question ou pr\u00e9occupation concernant notre politique de confidentialit\u00e9, veuillez nous contacter :<\/p>\n<ul>\n<li><strong>T\u00e9l\u00e9phone<\/strong>: +212 615-821571<\/li>\n<li><strong>Courriel<\/strong>: <a rel=\"noopener\">info@divingtangier.com<\/a><\/li>\n<\/ul>\n\t\t\t\t\t\t<\/div>\n\t\t\t\t<\/div>\n\t\t\t\t<div class=\"elementor-element elementor-element-452c618 sc_fly_static elementor-widget elementor-widget-spacer\" data-id=\"452c618\" data-element_type=\"widget\" data-widget_type=\"spacer.default\">\n\t\t\t\t<div class=\"elementor-widget-container\">\n\t\t\t\t\t<div class=\"elementor-spacer\">\n\t\t\t<div class=\"elementor-spacer-inner\"><\/div>\n\t\t<\/div>\n\t\t\t\t<\/div>\n\t\t\t\t<\/div>\n\t\t\t\t\t<\/div>\n\t\t<\/div>\n\t\t\t\t\t<\/div>\n\t\t<\/section>\n\t\t\t\t<\/div>\n\t\t","protected":false},"excerpt":{"rendered":"<p>1. L&rsquo;INTRODUCTION Date d&rsquo;entr\u00e9e en vigueur : octobre 2024 Au centre de&hellip;<\/p>\n","protected":false},"author":3,"featured_media":0,"parent":0,"menu_order":0,"comment_status":"closed","ping_status":"closed","template":"","meta":{"_joinchat":[],"footnotes":""},"class_list":["post-5429","page","type-page","status-publish","hentry"],"yoast_head":"<!-- This site is optimized with the Yoast SEO plugin v25.3.1 - https:\/\/yoast.com\/wordpress\/plugins\/seo\/ -->\n<title>Politique de confidentialit\u00e9 |<\/title>\n<meta name=\"robots\" content=\"index, follow, max-snippet:-1, max-image-preview:large, max-video-preview:-1\" \/>\n<link rel=\"canonical\" href=\"https:\/\/www.divingtangier.com\/fr\/politique-de-confidentialite\/\" \/>\n<meta property=\"og:locale\" content=\"fr_FR\" \/>\n<meta property=\"og:type\" content=\"article\" \/>\n<meta property=\"og:title\" content=\"Politique de confidentialit\u00e9 |\" \/>\n<meta property=\"og:description\" content=\"1. L&rsquo;INTRODUCTION Date d&rsquo;entr\u00e9e en vigueur : octobre 2024 Au centre de&hellip;\" \/>\n<meta property=\"og:url\" content=\"https:\/\/www.divingtangier.com\/fr\/politique-de-confidentialite\/\" \/>\n<meta property=\"article:publisher\" content=\"https:\/\/www.facebook.com\/TMDCenter\" \/>\n<meta property=\"article:modified_time\" content=\"2024-10-17T13:07:39+00:00\" \/>\n<meta property=\"og:image\" content=\"https:\/\/www.divingtangier.com\/wp-content\/uploads\/2024\/10\/cropped-favicon-Morroco-Diving-center-.jpg\" \/>\n\t<meta property=\"og:image:width\" content=\"512\" \/>\n\t<meta property=\"og:image:height\" content=\"512\" \/>\n\t<meta property=\"og:image:type\" content=\"image\/jpeg\" \/>\n<meta name=\"twitter:card\" content=\"summary_large_image\" \/>\n<meta name=\"twitter:label1\" content=\"Dur\u00e9e de lecture estim\u00e9e\" \/>\n\t<meta name=\"twitter:data1\" content=\"3 minutes\" \/>\n<script type=\"application\/ld+json\" class=\"yoast-schema-graph\">{\"@context\":\"https:\/\/schema.org\",\"@graph\":[{\"@type\":\"WebPage\",\"@id\":\"https:\/\/www.divingtangier.com\/fr\/politique-de-confidentialite\/\",\"url\":\"https:\/\/www.divingtangier.com\/fr\/politique-de-confidentialite\/\",\"name\":\"Politique de confidentialit\u00e9 |\",\"isPartOf\":{\"@id\":\"https:\/\/www.divingtangier.com\/fr\/#website\"},\"datePublished\":\"2019-01-25T11:11:03+00:00\",\"dateModified\":\"2024-10-17T13:07:39+00:00\",\"breadcrumb\":{\"@id\":\"https:\/\/www.divingtangier.com\/fr\/politique-de-confidentialite\/#breadcrumb\"},\"inLanguage\":\"fr-FR\",\"potentialAction\":[{\"@type\":\"ReadAction\",\"target\":[\"https:\/\/www.divingtangier.com\/fr\/politique-de-confidentialite\/\"]}]},{\"@type\":\"BreadcrumbList\",\"@id\":\"https:\/\/www.divingtangier.com\/fr\/politique-de-confidentialite\/#breadcrumb\",\"itemListElement\":[{\"@type\":\"ListItem\",\"position\":1,\"name\":\"Home\",\"item\":\"https:\/\/www.divingtangier.com\/fr\/\"},{\"@type\":\"ListItem\",\"position\":2,\"name\":\"Politique de confidentialit\u00e9\"}]},{\"@type\":\"WebSite\",\"@id\":\"https:\/\/www.divingtangier.com\/fr\/#website\",\"url\":\"https:\/\/www.divingtangier.com\/fr\/\",\"name\":\"https:\/\/www.divingtangier.com\",\"description\":\"\",\"publisher\":{\"@id\":\"https:\/\/www.divingtangier.com\/fr\/#organization\"},\"alternateName\":\"www.divingtangier.com\",\"potentialAction\":[{\"@type\":\"SearchAction\",\"target\":{\"@type\":\"EntryPoint\",\"urlTemplate\":\"https:\/\/www.divingtangier.com\/fr\/?s={search_term_string}\"},\"query-input\":{\"@type\":\"PropertyValueSpecification\",\"valueRequired\":true,\"valueName\":\"search_term_string\"}}],\"inLanguage\":\"fr-FR\"},{\"@type\":\"Organization\",\"@id\":\"https:\/\/www.divingtangier.com\/fr\/#organization\",\"name\":\"Tanger Med Diving Center\",\"url\":\"https:\/\/www.divingtangier.com\/fr\/\",\"logo\":{\"@type\":\"ImageObject\",\"inLanguage\":\"fr-FR\",\"@id\":\"https:\/\/www.divingtangier.com\/fr\/#\/schema\/logo\/image\/\",\"url\":\"https:\/\/www.divingtangier.com\/wp-content\/uploads\/2024\/10\/logo-Morroco-Diving-center-responsive.png\",\"contentUrl\":\"https:\/\/www.divingtangier.com\/wp-content\/uploads\/2024\/10\/logo-Morroco-Diving-center-responsive.png\",\"width\":640,\"height\":640,\"caption\":\"Tanger Med Diving Center\"},\"image\":{\"@id\":\"https:\/\/www.divingtangier.com\/fr\/#\/schema\/logo\/image\/\"},\"sameAs\":[\"https:\/\/www.facebook.com\/TMDCenter\"]}]}<\/script>\n<!-- \/ Yoast SEO plugin. -->","yoast_head_json":{"title":"Politique de confidentialit\u00e9 |","robots":{"index":"index","follow":"follow","max-snippet":"max-snippet:-1","max-image-preview":"max-image-preview:large","max-video-preview":"max-video-preview:-1"},"canonical":"https:\/\/www.divingtangier.com\/fr\/politique-de-confidentialite\/","og_locale":"fr_FR","og_type":"article","og_title":"Politique de confidentialit\u00e9 |","og_description":"1. L&rsquo;INTRODUCTION Date d&rsquo;entr\u00e9e en vigueur : octobre 2024 Au centre de&hellip;","og_url":"https:\/\/www.divingtangier.com\/fr\/politique-de-confidentialite\/","article_publisher":"https:\/\/www.facebook.com\/TMDCenter","article_modified_time":"2024-10-17T13:07:39+00:00","og_image":[{"width":512,"height":512,"url":"https:\/\/www.divingtangier.com\/wp-content\/uploads\/2024\/10\/cropped-favicon-Morroco-Diving-center-.jpg","type":"image\/jpeg"}],"twitter_card":"summary_large_image","twitter_misc":{"Dur\u00e9e de lecture estim\u00e9e":"3 minutes"},"schema":{"@context":"https:\/\/schema.org","@graph":[{"@type":"WebPage","@id":"https:\/\/www.divingtangier.com\/fr\/politique-de-confidentialite\/","url":"https:\/\/www.divingtangier.com\/fr\/politique-de-confidentialite\/","name":"Politique de confidentialit\u00e9 |","isPartOf":{"@id":"https:\/\/www.divingtangier.com\/fr\/#website"},"datePublished":"2019-01-25T11:11:03+00:00","dateModified":"2024-10-17T13:07:39+00:00","breadcrumb":{"@id":"https:\/\/www.divingtangier.com\/fr\/politique-de-confidentialite\/#breadcrumb"},"inLanguage":"fr-FR","potentialAction":[{"@type":"ReadAction","target":["https:\/\/www.divingtangier.com\/fr\/politique-de-confidentialite\/"]}]},{"@type":"BreadcrumbList","@id":"https:\/\/www.divingtangier.com\/fr\/politique-de-confidentialite\/#breadcrumb","itemListElement":[{"@type":"ListItem","position":1,"name":"Home","item":"https:\/\/www.divingtangier.com\/fr\/"},{"@type":"ListItem","position":2,"name":"Politique de confidentialit\u00e9"}]},{"@type":"WebSite","@id":"https:\/\/www.divingtangier.com\/fr\/#website","url":"https:\/\/www.divingtangier.com\/fr\/","name":"https:\/\/www.divingtangier.com","description":"","publisher":{"@id":"https:\/\/www.divingtangier.com\/fr\/#organization"},"alternateName":"www.divingtangier.com","potentialAction":[{"@type":"SearchAction","target":{"@type":"EntryPoint","urlTemplate":"https:\/\/www.divingtangier.com\/fr\/?s={search_term_string}"},"query-input":{"@type":"PropertyValueSpecification","valueRequired":true,"valueName":"search_term_string"}}],"inLanguage":"fr-FR"},{"@type":"Organization","@id":"https:\/\/www.divingtangier.com\/fr\/#organization","name":"Tanger Med Diving Center","url":"https:\/\/www.divingtangier.com\/fr\/","logo":{"@type":"ImageObject","inLanguage":"fr-FR","@id":"https:\/\/www.divingtangier.com\/fr\/#\/schema\/logo\/image\/","url":"https:\/\/www.divingtangier.com\/wp-content\/uploads\/2024\/10\/logo-Morroco-Diving-center-responsive.png","contentUrl":"https:\/\/www.divingtangier.com\/wp-content\/uploads\/2024\/10\/logo-Morroco-Diving-center-responsive.png","width":640,"height":640,"caption":"Tanger Med Diving Center"},"image":{"@id":"https:\/\/www.divingtangier.com\/fr\/#\/schema\/logo\/image\/"},"sameAs":["https:\/\/www.facebook.com\/TMDCenter"]}]}},"_links":{"self":[{"href":"https:\/\/www.divingtangier.com\/fr\/wp-json\/wp\/v2\/pages\/5429","targetHints":{"allow":["GET"]}}],"collection":[{"href":"https:\/\/www.divingtangier.com\/fr\/wp-json\/wp\/v2\/pages"}],"about":[{"href":"https:\/\/www.divingtangier.com\/fr\/wp-json\/wp\/v2\/types\/page"}],"author":[{"embeddable":true,"href":"https:\/\/www.divingtangier.com\/fr\/wp-json\/wp\/v2\/users\/3"}],"replies":[{"embeddable":true,"href":"https:\/\/www.divingtangier.com\/fr\/wp-json\/wp\/v2\/comments?post=5429"}],"version-history":[{"count":2,"href":"https:\/\/www.divingtangier.com\/fr\/wp-json\/wp\/v2\/pages\/5429\/revisions"}],"predecessor-version":[{"id":5431,"href":"https:\/\/www.divingtangier.com\/fr\/wp-json\/wp\/v2\/pages\/5429\/revisions\/5431"}],"wp:attachment":[{"href":"https:\/\/www.divingtangier.com\/fr\/wp-json\/wp\/v2\/media?parent=5429"}],"curies":[{"name":"wp","href":"https:\/\/api.w.org\/{rel}","templated":true}]}}