{"id":5925,"date":"2019-02-05T09:24:11","date_gmt":"2019-02-05T09:24:11","guid":{"rendered":"https:\/\/www.divingtangier.com\/product\/reloj-de-pulsera-con-ordenador-de-buceo\/"},"modified":"2024-10-17T16:03:07","modified_gmt":"2024-10-17T16:03:07","slug":"reloj-de-pulsera-con-ordenador-de-buceo","status":"publish","type":"product","link":"https:\/\/www.divingtangier.com\/es\/product\/reloj-de-pulsera-con-ordenador-de-buceo\/","title":{"rendered":"Reloj de pulsera con ordenador de buceo"},"content":{"rendered":"<h3>Caracter\u00edsticas principales:<\/h3>\n<ul>\n<li><strong>Modos de inmersi\u00f3n personalizables<\/strong>: Elige entre los modos aire, n\u00edtrox y apnea para adaptarlos a tu estilo de inmersi\u00f3n.<\/li>\n<li><strong>Datos en tiempo real<\/strong>: Registra tu profundidad, tiempo de inmersi\u00f3n, velocidad de ascenso y temperatura del agua al instante en una pantalla clara y f\u00e1cil de leer.<\/li>\n<li><strong>M\u00faltiples gases<\/strong>: Admite m\u00faltiples mezclas de gases con hasta 3 ajustes de nitrox para el buceo t\u00e9cnico.<\/li>\n<li><strong>Informaci\u00f3n sobre descompresi\u00f3n<\/strong>: Mantente seguro con alertas visuales y c\u00e1lculos de descompresi\u00f3n para evitar accidentes.<\/li>\n<li><strong>Duradero y resistente al agua<\/strong>: Fabricado para soportar las condiciones subacu\u00e1ticas m\u00e1s duras, con una resistencia al agua de hasta 100 metros (330 pies).<\/li>\n<li><strong>Conectividad inal\u00e1mbrica<\/strong>: Sincroniza tus inmersiones de forma inal\u00e1mbrica con la Suunto App para revisar los datos de tus inmersiones y compartir tus experiencias.<\/li>\n<li><strong>Bater\u00eda de larga duraci\u00f3n<\/strong>: Bucea durante m\u00e1s tiempo con una impresionante duraci\u00f3n de la bater\u00eda, que garantiza la fiabilidad en viajes prolongados.<\/li>\n<\/ul>\n","protected":false},"excerpt":{"rendered":"<p><strong>Reloj ordenador de buceo de mu\u00f1eca Suunto &#8211; Tu compa\u00f1ero de buceo definitivo<\/strong><\/p>\n<p>Lleva tu experiencia de buceo al siguiente nivel con el <strong>Reloj ordenador de buceo de mu\u00f1eca Suunto<\/strong>. Dise\u00f1ado tanto para buceadores principiantes como experimentados, este avanzado ordenador de buceo combina tecnolog\u00eda punta con funciones f\u00e1ciles de usar para garantizar una aventura submarina segura y agradable. <\/p>\n<h3><\/h3>\n","protected":false},"featured_media":4946,"comment_status":"open","ping_status":"closed","template":"","meta":{"_joinchat":[]},"product_brand":[],"product_cat":[356],"product_tag":[349,351,350],"class_list":{"0":"post-5925","1":"product","2":"type-product","3":"status-publish","4":"has-post-thumbnail","6":"product_cat-engranaje","7":"product_tag-bucea","8":"product_tag-engranaje","9":"product_tag-submarinismo","11":"first","12":"instock","13":"shipping-taxable","14":"product-type-simple"},"yoast_head":"<!-- This site is optimized with the Yoast SEO plugin v25.3.1 - https:\/\/yoast.com\/wordpress\/plugins\/seo\/ -->\n<title>Reloj de pulsera con ordenador de buceo |<\/title>\n<meta name=\"robots\" content=\"index, follow, max-snippet:-1, max-image-preview:large, max-video-preview:-1\" \/>\n<link rel=\"canonical\" href=\"https:\/\/www.divingtangier.com\/es\/product\/reloj-de-pulsera-con-ordenador-de-buceo\/\" \/>\n<meta property=\"og:locale\" content=\"es_ES\" \/>\n<meta property=\"og:type\" content=\"article\" \/>\n<meta property=\"og:title\" content=\"Reloj de pulsera con ordenador de buceo |\" \/>\n<meta property=\"og:description\" content=\"Reloj ordenador de buceo de mu\u00f1eca Suunto - Tu compa\u00f1ero de buceo definitivo Lleva tu experiencia de buceo al siguiente nivel con el Reloj ordenador de buceo de mu\u00f1eca Suunto. Dise\u00f1ado tanto para buceadores principiantes como experimentados, este avanzado ordenador de buceo combina tecnolog\u00eda punta con funciones f\u00e1ciles de usar para garantizar una aventura submarina segura y agradable.\" \/>\n<meta property=\"og:url\" content=\"https:\/\/www.divingtangier.com\/es\/product\/reloj-de-pulsera-con-ordenador-de-buceo\/\" \/>\n<meta property=\"article:publisher\" content=\"https:\/\/www.facebook.com\/TMDCenter\" \/>\n<meta property=\"article:modified_time\" content=\"2024-10-17T16:03:07+00:00\" \/>\n<meta property=\"og:image\" content=\"https:\/\/www.divingtangier.com\/wp-content\/uploads\/2019\/02\/Wrist-Dive-Computer-Watch-SUNTO-Morroco-diving-equitment-for-sale-.jpg\" \/>\n\t<meta property=\"og:image:width\" content=\"1000\" \/>\n\t<meta property=\"og:image:height\" content=\"1000\" \/>\n\t<meta property=\"og:image:type\" content=\"image\/jpeg\" \/>\n<meta name=\"twitter:card\" content=\"summary_large_image\" \/>\n<meta name=\"twitter:label1\" content=\"Tiempo de lectura\" \/>\n\t<meta name=\"twitter:data1\" content=\"1 minuto\" \/>\n<script type=\"application\/ld+json\" class=\"yoast-schema-graph\">{\"@context\":\"https:\/\/schema.org\",\"@graph\":[{\"@type\":\"WebPage\",\"@id\":\"https:\/\/www.divingtangier.com\/es\/product\/reloj-de-pulsera-con-ordenador-de-buceo\/\",\"url\":\"https:\/\/www.divingtangier.com\/es\/product\/reloj-de-pulsera-con-ordenador-de-buceo\/\",\"name\":\"Reloj de pulsera con ordenador de buceo |\",\"isPartOf\":{\"@id\":\"https:\/\/www.divingtangier.com\/es\/#website\"},\"primaryImageOfPage\":{\"@id\":\"https:\/\/www.divingtangier.com\/es\/product\/reloj-de-pulsera-con-ordenador-de-buceo\/#primaryimage\"},\"image\":{\"@id\":\"https:\/\/www.divingtangier.com\/es\/product\/reloj-de-pulsera-con-ordenador-de-buceo\/#primaryimage\"},\"thumbnailUrl\":\"https:\/\/www.divingtangier.com\/wp-content\/uploads\/2019\/02\/Wrist-Dive-Computer-Watch-SUNTO-Morroco-diving-equitment-for-sale-.jpg\",\"datePublished\":\"2019-02-05T09:24:11+00:00\",\"dateModified\":\"2024-10-17T16:03:07+00:00\",\"breadcrumb\":{\"@id\":\"https:\/\/www.divingtangier.com\/es\/product\/reloj-de-pulsera-con-ordenador-de-buceo\/#breadcrumb\"},\"inLanguage\":\"es\",\"potentialAction\":[{\"@type\":\"ReadAction\",\"target\":[\"https:\/\/www.divingtangier.com\/es\/product\/reloj-de-pulsera-con-ordenador-de-buceo\/\"]}]},{\"@type\":\"ImageObject\",\"inLanguage\":\"es\",\"@id\":\"https:\/\/www.divingtangier.com\/es\/product\/reloj-de-pulsera-con-ordenador-de-buceo\/#primaryimage\",\"url\":\"https:\/\/www.divingtangier.com\/wp-content\/uploads\/2019\/02\/Wrist-Dive-Computer-Watch-SUNTO-Morroco-diving-equitment-for-sale-.jpg\",\"contentUrl\":\"https:\/\/www.divingtangier.com\/wp-content\/uploads\/2019\/02\/Wrist-Dive-Computer-Watch-SUNTO-Morroco-diving-equitment-for-sale-.jpg\",\"width\":1000,\"height\":1000},{\"@type\":\"BreadcrumbList\",\"@id\":\"https:\/\/www.divingtangier.com\/es\/product\/reloj-de-pulsera-con-ordenador-de-buceo\/#breadcrumb\",\"itemListElement\":[{\"@type\":\"ListItem\",\"position\":1,\"name\":\"Home\",\"item\":\"https:\/\/www.divingtangier.com\/es\/\"},{\"@type\":\"ListItem\",\"position\":2,\"name\":\"Shop\",\"item\":\"https:\/\/www.divingtangier.com\/shop\/\"},{\"@type\":\"ListItem\",\"position\":3,\"name\":\"Reloj de pulsera con ordenador de buceo\"}]},{\"@type\":\"WebSite\",\"@id\":\"https:\/\/www.divingtangier.com\/es\/#website\",\"url\":\"https:\/\/www.divingtangier.com\/es\/\",\"name\":\"https:\/\/www.divingtangier.com\",\"description\":\"\",\"publisher\":{\"@id\":\"https:\/\/www.divingtangier.com\/es\/#organization\"},\"alternateName\":\"www.divingtangier.com\",\"potentialAction\":[{\"@type\":\"SearchAction\",\"target\":{\"@type\":\"EntryPoint\",\"urlTemplate\":\"https:\/\/www.divingtangier.com\/es\/?s={search_term_string}\"},\"query-input\":{\"@type\":\"PropertyValueSpecification\",\"valueRequired\":true,\"valueName\":\"search_term_string\"}}],\"inLanguage\":\"es\"},{\"@type\":\"Organization\",\"@id\":\"https:\/\/www.divingtangier.com\/es\/#organization\",\"name\":\"Tanger Med Diving Center\",\"url\":\"https:\/\/www.divingtangier.com\/es\/\",\"logo\":{\"@type\":\"ImageObject\",\"inLanguage\":\"es\",\"@id\":\"https:\/\/www.divingtangier.com\/es\/#\/schema\/logo\/image\/\",\"url\":\"https:\/\/www.divingtangier.com\/wp-content\/uploads\/2024\/10\/logo-Morroco-Diving-center-responsive.png\",\"contentUrl\":\"https:\/\/www.divingtangier.com\/wp-content\/uploads\/2024\/10\/logo-Morroco-Diving-center-responsive.png\",\"width\":640,\"height\":640,\"caption\":\"Tanger Med Diving Center\"},\"image\":{\"@id\":\"https:\/\/www.divingtangier.com\/es\/#\/schema\/logo\/image\/\"},\"sameAs\":[\"https:\/\/www.facebook.com\/TMDCenter\"]}]}<\/script>\n<!-- \/ Yoast SEO plugin. -->","yoast_head_json":{"title":"Reloj de pulsera con ordenador de buceo |","robots":{"index":"index","follow":"follow","max-snippet":"max-snippet:-1","max-image-preview":"max-image-preview:large","max-video-preview":"max-video-preview:-1"},"canonical":"https:\/\/www.divingtangier.com\/es\/product\/reloj-de-pulsera-con-ordenador-de-buceo\/","og_locale":"es_ES","og_type":"article","og_title":"Reloj de pulsera con ordenador de buceo |","og_description":"Reloj ordenador de buceo de mu\u00f1eca Suunto - Tu compa\u00f1ero de buceo definitivo Lleva tu experiencia de buceo al siguiente nivel con el Reloj ordenador de buceo de mu\u00f1eca Suunto. Dise\u00f1ado tanto para buceadores principiantes como experimentados, este avanzado ordenador de buceo combina tecnolog\u00eda punta con funciones f\u00e1ciles de usar para garantizar una aventura submarina segura y agradable.","og_url":"https:\/\/www.divingtangier.com\/es\/product\/reloj-de-pulsera-con-ordenador-de-buceo\/","article_publisher":"https:\/\/www.facebook.com\/TMDCenter","article_modified_time":"2024-10-17T16:03:07+00:00","og_image":[{"width":1000,"height":1000,"url":"https:\/\/www.divingtangier.com\/wp-content\/uploads\/2019\/02\/Wrist-Dive-Computer-Watch-SUNTO-Morroco-diving-equitment-for-sale-.jpg","type":"image\/jpeg"}],"twitter_card":"summary_large_image","twitter_misc":{"Tiempo de lectura":"1 minuto"},"schema":{"@context":"https:\/\/schema.org","@graph":[{"@type":"WebPage","@id":"https:\/\/www.divingtangier.com\/es\/product\/reloj-de-pulsera-con-ordenador-de-buceo\/","url":"https:\/\/www.divingtangier.com\/es\/product\/reloj-de-pulsera-con-ordenador-de-buceo\/","name":"Reloj de pulsera con ordenador de buceo |","isPartOf":{"@id":"https:\/\/www.divingtangier.com\/es\/#website"},"primaryImageOfPage":{"@id":"https:\/\/www.divingtangier.com\/es\/product\/reloj-de-pulsera-con-ordenador-de-buceo\/#primaryimage"},"image":{"@id":"https:\/\/www.divingtangier.com\/es\/product\/reloj-de-pulsera-con-ordenador-de-buceo\/#primaryimage"},"thumbnailUrl":"https:\/\/www.divingtangier.com\/wp-content\/uploads\/2019\/02\/Wrist-Dive-Computer-Watch-SUNTO-Morroco-diving-equitment-for-sale-.jpg","datePublished":"2019-02-05T09:24:11+00:00","dateModified":"2024-10-17T16:03:07+00:00","breadcrumb":{"@id":"https:\/\/www.divingtangier.com\/es\/product\/reloj-de-pulsera-con-ordenador-de-buceo\/#breadcrumb"},"inLanguage":"es","potentialAction":[{"@type":"ReadAction","target":["https:\/\/www.divingtangier.com\/es\/product\/reloj-de-pulsera-con-ordenador-de-buceo\/"]}]},{"@type":"ImageObject","inLanguage":"es","@id":"https:\/\/www.divingtangier.com\/es\/product\/reloj-de-pulsera-con-ordenador-de-buceo\/#primaryimage","url":"https:\/\/www.divingtangier.com\/wp-content\/uploads\/2019\/02\/Wrist-Dive-Computer-Watch-SUNTO-Morroco-diving-equitment-for-sale-.jpg","contentUrl":"https:\/\/www.divingtangier.com\/wp-content\/uploads\/2019\/02\/Wrist-Dive-Computer-Watch-SUNTO-Morroco-diving-equitment-for-sale-.jpg","width":1000,"height":1000},{"@type":"BreadcrumbList","@id":"https:\/\/www.divingtangier.com\/es\/product\/reloj-de-pulsera-con-ordenador-de-buceo\/#breadcrumb","itemListElement":[{"@type":"ListItem","position":1,"name":"Home","item":"https:\/\/www.divingtangier.com\/es\/"},{"@type":"ListItem","position":2,"name":"Shop","item":"https:\/\/www.divingtangier.com\/shop\/"},{"@type":"ListItem","position":3,"name":"Reloj de pulsera con ordenador de buceo"}]},{"@type":"WebSite","@id":"https:\/\/www.divingtangier.com\/es\/#website","url":"https:\/\/www.divingtangier.com\/es\/","name":"https:\/\/www.divingtangier.com","description":"","publisher":{"@id":"https:\/\/www.divingtangier.com\/es\/#organization"},"alternateName":"www.divingtangier.com","potentialAction":[{"@type":"SearchAction","target":{"@type":"EntryPoint","urlTemplate":"https:\/\/www.divingtangier.com\/es\/?s={search_term_string}"},"query-input":{"@type":"PropertyValueSpecification","valueRequired":true,"valueName":"search_term_string"}}],"inLanguage":"es"},{"@type":"Organization","@id":"https:\/\/www.divingtangier.com\/es\/#organization","name":"Tanger Med Diving Center","url":"https:\/\/www.divingtangier.com\/es\/","logo":{"@type":"ImageObject","inLanguage":"es","@id":"https:\/\/www.divingtangier.com\/es\/#\/schema\/logo\/image\/","url":"https:\/\/www.divingtangier.com\/wp-content\/uploads\/2024\/10\/logo-Morroco-Diving-center-responsive.png","contentUrl":"https:\/\/www.divingtangier.com\/wp-content\/uploads\/2024\/10\/logo-Morroco-Diving-center-responsive.png","width":640,"height":640,"caption":"Tanger Med Diving Center"},"image":{"@id":"https:\/\/www.divingtangier.com\/es\/#\/schema\/logo\/image\/"},"sameAs":["https:\/\/www.facebook.com\/TMDCenter"]}]}},"_links":{"self":[{"href":"https:\/\/www.divingtangier.com\/es\/wp-json\/wp\/v2\/product\/5925","targetHints":{"allow":["GET"]}}],"collection":[{"href":"https:\/\/www.divingtangier.com\/es\/wp-json\/wp\/v2\/product"}],"about":[{"href":"https:\/\/www.divingtangier.com\/es\/wp-json\/wp\/v2\/types\/product"}],"replies":[{"embeddable":true,"href":"https:\/\/www.divingtangier.com\/es\/wp-json\/wp\/v2\/comments?post=5925"}],"wp:featuredmedia":[{"embeddable":true,"href":"https:\/\/www.divingtangier.com\/es\/wp-json\/wp\/v2\/media\/4946"}],"wp:attachment":[{"href":"https:\/\/www.divingtangier.com\/es\/wp-json\/wp\/v2\/media?parent=5925"}],"wp:term":[{"taxonomy":"product_brand","embeddable":true,"href":"https:\/\/www.divingtangier.com\/es\/wp-json\/wp\/v2\/product_brand?post=5925"},{"taxonomy":"product_cat","embeddable":true,"href":"https:\/\/www.divingtangier.com\/es\/wp-json\/wp\/v2\/product_cat?post=5925"},{"taxonomy":"product_tag","embeddable":true,"href":"https:\/\/www.divingtangier.com\/es\/wp-json\/wp\/v2\/product_tag?post=5925"}],"curies":[{"name":"wp","href":"https:\/\/api.w.org\/{rel}","templated":true}]}}