{"id":5920,"date":"2019-02-05T10:17:15","date_gmt":"2019-02-05T10:17:15","guid":{"rendered":"https:\/\/www.divingtangier.com\/product\/ensamblaje-de-la-banda-del-tanque-sin-envoltura\/"},"modified":"2024-10-17T16:04:00","modified_gmt":"2024-10-17T16:04:00","slug":"ensamblaje-de-la-banda-del-tanque-sin-envoltura","status":"publish","type":"product","link":"https:\/\/www.divingtangier.com\/es\/product\/ensamblaje-de-la-banda-del-tanque-sin-envoltura\/","title":{"rendered":"Ensamblaje de la Banda del Tanque sin Envoltura"},"content":{"rendered":"<p>Este duradero conjunto de banda para botellas sin envoltura est\u00e1 dise\u00f1ado para un ajuste seguro y estable de tu botella de buceo. Fabricado con materiales de alta calidad, garantiza la fiabilidad en cualquier entorno subacu\u00e1tico. El dise\u00f1o antideslizante garantiza que tu botella permanezca firmemente en su sitio, ofreciendo facilidad de uso y mayor seguridad durante tus inmersiones. Ideal tanto para buceadores profesionales como para principiantes, este conjunto es compatible con la mayor\u00eda de los tama\u00f1os de botella est\u00e1ndar.   <\/p>\n","protected":false},"excerpt":{"rendered":"<p>Un conjunto de bandas para botellas seguro y duradero, dise\u00f1ado para evitar el deslizamiento. Fabricado con materiales de alta calidad, garantiza estabilidad y facilidad de uso para los buceadores. Compatible con la mayor\u00eda de tama\u00f1os de botella est\u00e1ndar, es ideal tanto para principiantes como para profesionales.  <\/p>\n","protected":false},"featured_media":5066,"comment_status":"open","ping_status":"closed","template":"","meta":{"_joinchat":[]},"product_brand":[],"product_cat":[356],"product_tag":[310,312,314],"class_list":{"0":"post-5920","1":"product","2":"type-product","3":"status-publish","4":"has-post-thumbnail","6":"product_cat-engranaje","7":"product_tag-articulo","8":"product_tag-deporte","9":"product_tag-natacion","11":"first","12":"instock","13":"shipping-taxable","14":"product-type-simple"},"yoast_head":"<!-- This site is optimized with the Yoast SEO plugin v25.3.1 - https:\/\/yoast.com\/wordpress\/plugins\/seo\/ -->\n<title>Ensamblaje de la Banda del Tanque sin Envoltura |<\/title>\n<meta name=\"robots\" content=\"index, follow, max-snippet:-1, max-image-preview:large, max-video-preview:-1\" \/>\n<link rel=\"canonical\" href=\"https:\/\/www.divingtangier.com\/es\/product\/ensamblaje-de-la-banda-del-tanque-sin-envoltura\/\" \/>\n<meta property=\"og:locale\" content=\"es_ES\" \/>\n<meta property=\"og:type\" content=\"article\" \/>\n<meta property=\"og:title\" content=\"Ensamblaje de la Banda del Tanque sin Envoltura |\" \/>\n<meta property=\"og:description\" content=\"Un conjunto de bandas para botellas seguro y duradero, dise\u00f1ado para evitar el deslizamiento. Fabricado con materiales de alta calidad, garantiza estabilidad y facilidad de uso para los buceadores. Compatible con la mayor\u00eda de tama\u00f1os de botella est\u00e1ndar, es ideal tanto para principiantes como para profesionales.\" \/>\n<meta property=\"og:url\" content=\"https:\/\/www.divingtangier.com\/es\/product\/ensamblaje-de-la-banda-del-tanque-sin-envoltura\/\" \/>\n<meta property=\"article:publisher\" content=\"https:\/\/www.facebook.com\/TMDCenter\" \/>\n<meta property=\"article:modified_time\" content=\"2024-10-17T16:04:00+00:00\" \/>\n<meta property=\"og:image\" content=\"https:\/\/www.divingtangier.com\/wp-content\/uploads\/2019\/02\/Non-Wrapture-Tank-Band-Assembley.jpg\" \/>\n\t<meta property=\"og:image:width\" content=\"1000\" \/>\n\t<meta property=\"og:image:height\" content=\"1000\" \/>\n\t<meta property=\"og:image:type\" content=\"image\/jpeg\" \/>\n<meta name=\"twitter:card\" content=\"summary_large_image\" \/>\n<script type=\"application\/ld+json\" class=\"yoast-schema-graph\">{\"@context\":\"https:\/\/schema.org\",\"@graph\":[{\"@type\":\"WebPage\",\"@id\":\"https:\/\/www.divingtangier.com\/es\/product\/ensamblaje-de-la-banda-del-tanque-sin-envoltura\/\",\"url\":\"https:\/\/www.divingtangier.com\/es\/product\/ensamblaje-de-la-banda-del-tanque-sin-envoltura\/\",\"name\":\"Ensamblaje de la Banda del Tanque sin Envoltura |\",\"isPartOf\":{\"@id\":\"https:\/\/www.divingtangier.com\/es\/#website\"},\"primaryImageOfPage\":{\"@id\":\"https:\/\/www.divingtangier.com\/es\/product\/ensamblaje-de-la-banda-del-tanque-sin-envoltura\/#primaryimage\"},\"image\":{\"@id\":\"https:\/\/www.divingtangier.com\/es\/product\/ensamblaje-de-la-banda-del-tanque-sin-envoltura\/#primaryimage\"},\"thumbnailUrl\":\"https:\/\/www.divingtangier.com\/wp-content\/uploads\/2019\/02\/Non-Wrapture-Tank-Band-Assembley.jpg\",\"datePublished\":\"2019-02-05T10:17:15+00:00\",\"dateModified\":\"2024-10-17T16:04:00+00:00\",\"breadcrumb\":{\"@id\":\"https:\/\/www.divingtangier.com\/es\/product\/ensamblaje-de-la-banda-del-tanque-sin-envoltura\/#breadcrumb\"},\"inLanguage\":\"es\",\"potentialAction\":[{\"@type\":\"ReadAction\",\"target\":[\"https:\/\/www.divingtangier.com\/es\/product\/ensamblaje-de-la-banda-del-tanque-sin-envoltura\/\"]}]},{\"@type\":\"ImageObject\",\"inLanguage\":\"es\",\"@id\":\"https:\/\/www.divingtangier.com\/es\/product\/ensamblaje-de-la-banda-del-tanque-sin-envoltura\/#primaryimage\",\"url\":\"https:\/\/www.divingtangier.com\/wp-content\/uploads\/2019\/02\/Non-Wrapture-Tank-Band-Assembley.jpg\",\"contentUrl\":\"https:\/\/www.divingtangier.com\/wp-content\/uploads\/2019\/02\/Non-Wrapture-Tank-Band-Assembley.jpg\",\"width\":1000,\"height\":1000},{\"@type\":\"BreadcrumbList\",\"@id\":\"https:\/\/www.divingtangier.com\/es\/product\/ensamblaje-de-la-banda-del-tanque-sin-envoltura\/#breadcrumb\",\"itemListElement\":[{\"@type\":\"ListItem\",\"position\":1,\"name\":\"Home\",\"item\":\"https:\/\/www.divingtangier.com\/es\/\"},{\"@type\":\"ListItem\",\"position\":2,\"name\":\"Shop\",\"item\":\"https:\/\/www.divingtangier.com\/shop\/\"},{\"@type\":\"ListItem\",\"position\":3,\"name\":\"Ensamblaje de la Banda del Tanque sin Envoltura\"}]},{\"@type\":\"WebSite\",\"@id\":\"https:\/\/www.divingtangier.com\/es\/#website\",\"url\":\"https:\/\/www.divingtangier.com\/es\/\",\"name\":\"https:\/\/www.divingtangier.com\",\"description\":\"\",\"publisher\":{\"@id\":\"https:\/\/www.divingtangier.com\/es\/#organization\"},\"alternateName\":\"www.divingtangier.com\",\"potentialAction\":[{\"@type\":\"SearchAction\",\"target\":{\"@type\":\"EntryPoint\",\"urlTemplate\":\"https:\/\/www.divingtangier.com\/es\/?s={search_term_string}\"},\"query-input\":{\"@type\":\"PropertyValueSpecification\",\"valueRequired\":true,\"valueName\":\"search_term_string\"}}],\"inLanguage\":\"es\"},{\"@type\":\"Organization\",\"@id\":\"https:\/\/www.divingtangier.com\/es\/#organization\",\"name\":\"Tanger Med Diving Center\",\"url\":\"https:\/\/www.divingtangier.com\/es\/\",\"logo\":{\"@type\":\"ImageObject\",\"inLanguage\":\"es\",\"@id\":\"https:\/\/www.divingtangier.com\/es\/#\/schema\/logo\/image\/\",\"url\":\"https:\/\/www.divingtangier.com\/wp-content\/uploads\/2024\/10\/logo-Morroco-Diving-center-responsive.png\",\"contentUrl\":\"https:\/\/www.divingtangier.com\/wp-content\/uploads\/2024\/10\/logo-Morroco-Diving-center-responsive.png\",\"width\":640,\"height\":640,\"caption\":\"Tanger Med Diving Center\"},\"image\":{\"@id\":\"https:\/\/www.divingtangier.com\/es\/#\/schema\/logo\/image\/\"},\"sameAs\":[\"https:\/\/www.facebook.com\/TMDCenter\"]}]}<\/script>\n<!-- \/ Yoast SEO plugin. -->","yoast_head_json":{"title":"Ensamblaje de la Banda del Tanque sin Envoltura |","robots":{"index":"index","follow":"follow","max-snippet":"max-snippet:-1","max-image-preview":"max-image-preview:large","max-video-preview":"max-video-preview:-1"},"canonical":"https:\/\/www.divingtangier.com\/es\/product\/ensamblaje-de-la-banda-del-tanque-sin-envoltura\/","og_locale":"es_ES","og_type":"article","og_title":"Ensamblaje de la Banda del Tanque sin Envoltura |","og_description":"Un conjunto de bandas para botellas seguro y duradero, dise\u00f1ado para evitar el deslizamiento. Fabricado con materiales de alta calidad, garantiza estabilidad y facilidad de uso para los buceadores. Compatible con la mayor\u00eda de tama\u00f1os de botella est\u00e1ndar, es ideal tanto para principiantes como para profesionales.","og_url":"https:\/\/www.divingtangier.com\/es\/product\/ensamblaje-de-la-banda-del-tanque-sin-envoltura\/","article_publisher":"https:\/\/www.facebook.com\/TMDCenter","article_modified_time":"2024-10-17T16:04:00+00:00","og_image":[{"width":1000,"height":1000,"url":"https:\/\/www.divingtangier.com\/wp-content\/uploads\/2019\/02\/Non-Wrapture-Tank-Band-Assembley.jpg","type":"image\/jpeg"}],"twitter_card":"summary_large_image","schema":{"@context":"https:\/\/schema.org","@graph":[{"@type":"WebPage","@id":"https:\/\/www.divingtangier.com\/es\/product\/ensamblaje-de-la-banda-del-tanque-sin-envoltura\/","url":"https:\/\/www.divingtangier.com\/es\/product\/ensamblaje-de-la-banda-del-tanque-sin-envoltura\/","name":"Ensamblaje de la Banda del Tanque sin Envoltura |","isPartOf":{"@id":"https:\/\/www.divingtangier.com\/es\/#website"},"primaryImageOfPage":{"@id":"https:\/\/www.divingtangier.com\/es\/product\/ensamblaje-de-la-banda-del-tanque-sin-envoltura\/#primaryimage"},"image":{"@id":"https:\/\/www.divingtangier.com\/es\/product\/ensamblaje-de-la-banda-del-tanque-sin-envoltura\/#primaryimage"},"thumbnailUrl":"https:\/\/www.divingtangier.com\/wp-content\/uploads\/2019\/02\/Non-Wrapture-Tank-Band-Assembley.jpg","datePublished":"2019-02-05T10:17:15+00:00","dateModified":"2024-10-17T16:04:00+00:00","breadcrumb":{"@id":"https:\/\/www.divingtangier.com\/es\/product\/ensamblaje-de-la-banda-del-tanque-sin-envoltura\/#breadcrumb"},"inLanguage":"es","potentialAction":[{"@type":"ReadAction","target":["https:\/\/www.divingtangier.com\/es\/product\/ensamblaje-de-la-banda-del-tanque-sin-envoltura\/"]}]},{"@type":"ImageObject","inLanguage":"es","@id":"https:\/\/www.divingtangier.com\/es\/product\/ensamblaje-de-la-banda-del-tanque-sin-envoltura\/#primaryimage","url":"https:\/\/www.divingtangier.com\/wp-content\/uploads\/2019\/02\/Non-Wrapture-Tank-Band-Assembley.jpg","contentUrl":"https:\/\/www.divingtangier.com\/wp-content\/uploads\/2019\/02\/Non-Wrapture-Tank-Band-Assembley.jpg","width":1000,"height":1000},{"@type":"BreadcrumbList","@id":"https:\/\/www.divingtangier.com\/es\/product\/ensamblaje-de-la-banda-del-tanque-sin-envoltura\/#breadcrumb","itemListElement":[{"@type":"ListItem","position":1,"name":"Home","item":"https:\/\/www.divingtangier.com\/es\/"},{"@type":"ListItem","position":2,"name":"Shop","item":"https:\/\/www.divingtangier.com\/shop\/"},{"@type":"ListItem","position":3,"name":"Ensamblaje de la Banda del Tanque sin Envoltura"}]},{"@type":"WebSite","@id":"https:\/\/www.divingtangier.com\/es\/#website","url":"https:\/\/www.divingtangier.com\/es\/","name":"https:\/\/www.divingtangier.com","description":"","publisher":{"@id":"https:\/\/www.divingtangier.com\/es\/#organization"},"alternateName":"www.divingtangier.com","potentialAction":[{"@type":"SearchAction","target":{"@type":"EntryPoint","urlTemplate":"https:\/\/www.divingtangier.com\/es\/?s={search_term_string}"},"query-input":{"@type":"PropertyValueSpecification","valueRequired":true,"valueName":"search_term_string"}}],"inLanguage":"es"},{"@type":"Organization","@id":"https:\/\/www.divingtangier.com\/es\/#organization","name":"Tanger Med Diving Center","url":"https:\/\/www.divingtangier.com\/es\/","logo":{"@type":"ImageObject","inLanguage":"es","@id":"https:\/\/www.divingtangier.com\/es\/#\/schema\/logo\/image\/","url":"https:\/\/www.divingtangier.com\/wp-content\/uploads\/2024\/10\/logo-Morroco-Diving-center-responsive.png","contentUrl":"https:\/\/www.divingtangier.com\/wp-content\/uploads\/2024\/10\/logo-Morroco-Diving-center-responsive.png","width":640,"height":640,"caption":"Tanger Med Diving Center"},"image":{"@id":"https:\/\/www.divingtangier.com\/es\/#\/schema\/logo\/image\/"},"sameAs":["https:\/\/www.facebook.com\/TMDCenter"]}]}},"_links":{"self":[{"href":"https:\/\/www.divingtangier.com\/es\/wp-json\/wp\/v2\/product\/5920","targetHints":{"allow":["GET"]}}],"collection":[{"href":"https:\/\/www.divingtangier.com\/es\/wp-json\/wp\/v2\/product"}],"about":[{"href":"https:\/\/www.divingtangier.com\/es\/wp-json\/wp\/v2\/types\/product"}],"replies":[{"embeddable":true,"href":"https:\/\/www.divingtangier.com\/es\/wp-json\/wp\/v2\/comments?post=5920"}],"wp:featuredmedia":[{"embeddable":true,"href":"https:\/\/www.divingtangier.com\/es\/wp-json\/wp\/v2\/media\/5066"}],"wp:attachment":[{"href":"https:\/\/www.divingtangier.com\/es\/wp-json\/wp\/v2\/media?parent=5920"}],"wp:term":[{"taxonomy":"product_brand","embeddable":true,"href":"https:\/\/www.divingtangier.com\/es\/wp-json\/wp\/v2\/product_brand?post=5920"},{"taxonomy":"product_cat","embeddable":true,"href":"https:\/\/www.divingtangier.com\/es\/wp-json\/wp\/v2\/product_cat?post=5920"},{"taxonomy":"product_tag","embeddable":true,"href":"https:\/\/www.divingtangier.com\/es\/wp-json\/wp\/v2\/product_tag?post=5920"}],"curies":[{"name":"wp","href":"https:\/\/api.w.org\/{rel}","templated":true}]}}