{"id":5917,"date":"2019-02-05T10:15:24","date_gmt":"2019-02-05T10:15:24","guid":{"rendered":"https:\/\/www.divingtangier.com\/product\/mascara-de-buceo-con-tubo\/"},"modified":"2024-10-17T16:04:49","modified_gmt":"2024-10-17T16:04:49","slug":"mascara-de-buceo-con-tubo","status":"publish","type":"product","link":"https:\/\/www.divingtangier.com\/es\/product\/mascara-de-buceo-con-tubo\/","title":{"rendered":"M\u00e1scara de buceo con tubo"},"content":{"rendered":"<p>Disfruta de unas vistas submarinas cristalinas con nuestra <strong>m\u00e1scara de buceo con tubo<\/strong>. La amplia lente de cristal templado ofrece un campo de visi\u00f3n panor\u00e1mico, mientras que el suave fald\u00f3n de silicona hipoalerg\u00e9nica garantiza un ajuste c\u00f3modo y a prueba de fugas. Dise\u00f1ada para ofrecer durabilidad y comodidad, esta m\u00e1scara es perfecta tanto para los aficionados al snorkel como al submarinismo.  <\/p>\n<h3><strong>Caracter\u00edsticas principales:<\/strong><\/h3>\n<ul>\n<li><strong>Lente panor\u00e1mica<\/strong>: cristal templado para mayor claridad y seguridad.<\/li>\n<li><strong>Ajuste c\u00f3modo<\/strong>: Correa de silicona suave y ajustable para un cierre seguro.<\/li>\n<li><strong>Dise\u00f1o duradero<\/strong>: Construido para resistir los elementos, lo que lo hace ideal para todas tus aventuras submarinas.<\/li>\n<\/ul>\n<p>Perfecta para todos los niveles de buceo, esta m\u00e1scara te permite explorar con facilidad y comodidad.<\/p>\n","protected":false},"excerpt":{"rendered":"<p>Explora bajo el agua con una visi\u00f3n clara y un ajuste c\u00f3modo. Nuestra <strong>m\u00e1scara<\/strong> de <strong>snorkel<\/strong> y <strong>submarinismo<\/strong> tiene una amplia lente de cristal templado para una visi\u00f3n panor\u00e1mica y una correa de silicona suave y ajustable para un sellado seguro y sin fugas. Perfecta tanto para esn\u00f3rquel como para submarinismo.  <\/p>\n","protected":false},"featured_media":5054,"comment_status":"open","ping_status":"closed","template":"","meta":{"_joinchat":[]},"product_brand":[],"product_cat":[341],"product_tag":[349,351,350],"class_list":{"0":"post-5917","1":"product","2":"type-product","3":"status-publish","4":"has-post-thumbnail","6":"product_cat-mascaras","7":"product_tag-bucea","8":"product_tag-engranaje","9":"product_tag-submarinismo","11":"first","12":"instock","13":"shipping-taxable","14":"product-type-simple"},"yoast_head":"<!-- This site is optimized with the Yoast SEO plugin v25.3.1 - https:\/\/yoast.com\/wordpress\/plugins\/seo\/ -->\n<title>M\u00e1scara de buceo con tubo |<\/title>\n<meta name=\"robots\" content=\"index, follow, max-snippet:-1, max-image-preview:large, max-video-preview:-1\" \/>\n<link rel=\"canonical\" href=\"https:\/\/www.divingtangier.com\/es\/product\/mascara-de-buceo-con-tubo\/\" \/>\n<meta property=\"og:locale\" content=\"es_ES\" \/>\n<meta property=\"og:type\" content=\"article\" \/>\n<meta property=\"og:title\" content=\"M\u00e1scara de buceo con tubo |\" \/>\n<meta property=\"og:description\" content=\"Explora bajo el agua con una visi\u00f3n clara y un ajuste c\u00f3modo. Nuestra m\u00e1scara de snorkel y submarinismo tiene una amplia lente de cristal templado para una visi\u00f3n panor\u00e1mica y una correa de silicona suave y ajustable para un sellado seguro y sin fugas. Perfecta tanto para esn\u00f3rquel como para submarinismo.\" \/>\n<meta property=\"og:url\" content=\"https:\/\/www.divingtangier.com\/es\/product\/mascara-de-buceo-con-tubo\/\" \/>\n<meta property=\"article:publisher\" content=\"https:\/\/www.facebook.com\/TMDCenter\" \/>\n<meta property=\"article:modified_time\" content=\"2024-10-17T16:04:49+00:00\" \/>\n<meta property=\"og:image\" content=\"https:\/\/www.divingtangier.com\/wp-content\/uploads\/2019\/02\/Snorkeling-Scuba-Diving-Mask.jpg\" \/>\n\t<meta property=\"og:image:width\" content=\"1000\" \/>\n\t<meta property=\"og:image:height\" content=\"1000\" \/>\n\t<meta property=\"og:image:type\" content=\"image\/jpeg\" \/>\n<meta name=\"twitter:card\" content=\"summary_large_image\" \/>\n<meta name=\"twitter:label1\" content=\"Tiempo de lectura\" \/>\n\t<meta name=\"twitter:data1\" content=\"1 minuto\" \/>\n<script type=\"application\/ld+json\" class=\"yoast-schema-graph\">{\"@context\":\"https:\/\/schema.org\",\"@graph\":[{\"@type\":\"WebPage\",\"@id\":\"https:\/\/www.divingtangier.com\/es\/product\/mascara-de-buceo-con-tubo\/\",\"url\":\"https:\/\/www.divingtangier.com\/es\/product\/mascara-de-buceo-con-tubo\/\",\"name\":\"M\u00e1scara de buceo con tubo |\",\"isPartOf\":{\"@id\":\"https:\/\/www.divingtangier.com\/es\/#website\"},\"primaryImageOfPage\":{\"@id\":\"https:\/\/www.divingtangier.com\/es\/product\/mascara-de-buceo-con-tubo\/#primaryimage\"},\"image\":{\"@id\":\"https:\/\/www.divingtangier.com\/es\/product\/mascara-de-buceo-con-tubo\/#primaryimage\"},\"thumbnailUrl\":\"https:\/\/www.divingtangier.com\/wp-content\/uploads\/2019\/02\/Snorkeling-Scuba-Diving-Mask.jpg\",\"datePublished\":\"2019-02-05T10:15:24+00:00\",\"dateModified\":\"2024-10-17T16:04:49+00:00\",\"breadcrumb\":{\"@id\":\"https:\/\/www.divingtangier.com\/es\/product\/mascara-de-buceo-con-tubo\/#breadcrumb\"},\"inLanguage\":\"es\",\"potentialAction\":[{\"@type\":\"ReadAction\",\"target\":[\"https:\/\/www.divingtangier.com\/es\/product\/mascara-de-buceo-con-tubo\/\"]}]},{\"@type\":\"ImageObject\",\"inLanguage\":\"es\",\"@id\":\"https:\/\/www.divingtangier.com\/es\/product\/mascara-de-buceo-con-tubo\/#primaryimage\",\"url\":\"https:\/\/www.divingtangier.com\/wp-content\/uploads\/2019\/02\/Snorkeling-Scuba-Diving-Mask.jpg\",\"contentUrl\":\"https:\/\/www.divingtangier.com\/wp-content\/uploads\/2019\/02\/Snorkeling-Scuba-Diving-Mask.jpg\",\"width\":1000,\"height\":1000},{\"@type\":\"BreadcrumbList\",\"@id\":\"https:\/\/www.divingtangier.com\/es\/product\/mascara-de-buceo-con-tubo\/#breadcrumb\",\"itemListElement\":[{\"@type\":\"ListItem\",\"position\":1,\"name\":\"Home\",\"item\":\"https:\/\/www.divingtangier.com\/es\/\"},{\"@type\":\"ListItem\",\"position\":2,\"name\":\"Shop\",\"item\":\"https:\/\/www.divingtangier.com\/shop\/\"},{\"@type\":\"ListItem\",\"position\":3,\"name\":\"M\u00e1scara de buceo con tubo\"}]},{\"@type\":\"WebSite\",\"@id\":\"https:\/\/www.divingtangier.com\/es\/#website\",\"url\":\"https:\/\/www.divingtangier.com\/es\/\",\"name\":\"https:\/\/www.divingtangier.com\",\"description\":\"\",\"publisher\":{\"@id\":\"https:\/\/www.divingtangier.com\/es\/#organization\"},\"alternateName\":\"www.divingtangier.com\",\"potentialAction\":[{\"@type\":\"SearchAction\",\"target\":{\"@type\":\"EntryPoint\",\"urlTemplate\":\"https:\/\/www.divingtangier.com\/es\/?s={search_term_string}\"},\"query-input\":{\"@type\":\"PropertyValueSpecification\",\"valueRequired\":true,\"valueName\":\"search_term_string\"}}],\"inLanguage\":\"es\"},{\"@type\":\"Organization\",\"@id\":\"https:\/\/www.divingtangier.com\/es\/#organization\",\"name\":\"Tanger Med Diving Center\",\"url\":\"https:\/\/www.divingtangier.com\/es\/\",\"logo\":{\"@type\":\"ImageObject\",\"inLanguage\":\"es\",\"@id\":\"https:\/\/www.divingtangier.com\/es\/#\/schema\/logo\/image\/\",\"url\":\"https:\/\/www.divingtangier.com\/wp-content\/uploads\/2024\/10\/logo-Morroco-Diving-center-responsive.png\",\"contentUrl\":\"https:\/\/www.divingtangier.com\/wp-content\/uploads\/2024\/10\/logo-Morroco-Diving-center-responsive.png\",\"width\":640,\"height\":640,\"caption\":\"Tanger Med Diving Center\"},\"image\":{\"@id\":\"https:\/\/www.divingtangier.com\/es\/#\/schema\/logo\/image\/\"},\"sameAs\":[\"https:\/\/www.facebook.com\/TMDCenter\"]}]}<\/script>\n<!-- \/ Yoast SEO plugin. -->","yoast_head_json":{"title":"M\u00e1scara de buceo con tubo |","robots":{"index":"index","follow":"follow","max-snippet":"max-snippet:-1","max-image-preview":"max-image-preview:large","max-video-preview":"max-video-preview:-1"},"canonical":"https:\/\/www.divingtangier.com\/es\/product\/mascara-de-buceo-con-tubo\/","og_locale":"es_ES","og_type":"article","og_title":"M\u00e1scara de buceo con tubo |","og_description":"Explora bajo el agua con una visi\u00f3n clara y un ajuste c\u00f3modo. Nuestra m\u00e1scara de snorkel y submarinismo tiene una amplia lente de cristal templado para una visi\u00f3n panor\u00e1mica y una correa de silicona suave y ajustable para un sellado seguro y sin fugas. Perfecta tanto para esn\u00f3rquel como para submarinismo.","og_url":"https:\/\/www.divingtangier.com\/es\/product\/mascara-de-buceo-con-tubo\/","article_publisher":"https:\/\/www.facebook.com\/TMDCenter","article_modified_time":"2024-10-17T16:04:49+00:00","og_image":[{"width":1000,"height":1000,"url":"https:\/\/www.divingtangier.com\/wp-content\/uploads\/2019\/02\/Snorkeling-Scuba-Diving-Mask.jpg","type":"image\/jpeg"}],"twitter_card":"summary_large_image","twitter_misc":{"Tiempo de lectura":"1 minuto"},"schema":{"@context":"https:\/\/schema.org","@graph":[{"@type":"WebPage","@id":"https:\/\/www.divingtangier.com\/es\/product\/mascara-de-buceo-con-tubo\/","url":"https:\/\/www.divingtangier.com\/es\/product\/mascara-de-buceo-con-tubo\/","name":"M\u00e1scara de buceo con tubo |","isPartOf":{"@id":"https:\/\/www.divingtangier.com\/es\/#website"},"primaryImageOfPage":{"@id":"https:\/\/www.divingtangier.com\/es\/product\/mascara-de-buceo-con-tubo\/#primaryimage"},"image":{"@id":"https:\/\/www.divingtangier.com\/es\/product\/mascara-de-buceo-con-tubo\/#primaryimage"},"thumbnailUrl":"https:\/\/www.divingtangier.com\/wp-content\/uploads\/2019\/02\/Snorkeling-Scuba-Diving-Mask.jpg","datePublished":"2019-02-05T10:15:24+00:00","dateModified":"2024-10-17T16:04:49+00:00","breadcrumb":{"@id":"https:\/\/www.divingtangier.com\/es\/product\/mascara-de-buceo-con-tubo\/#breadcrumb"},"inLanguage":"es","potentialAction":[{"@type":"ReadAction","target":["https:\/\/www.divingtangier.com\/es\/product\/mascara-de-buceo-con-tubo\/"]}]},{"@type":"ImageObject","inLanguage":"es","@id":"https:\/\/www.divingtangier.com\/es\/product\/mascara-de-buceo-con-tubo\/#primaryimage","url":"https:\/\/www.divingtangier.com\/wp-content\/uploads\/2019\/02\/Snorkeling-Scuba-Diving-Mask.jpg","contentUrl":"https:\/\/www.divingtangier.com\/wp-content\/uploads\/2019\/02\/Snorkeling-Scuba-Diving-Mask.jpg","width":1000,"height":1000},{"@type":"BreadcrumbList","@id":"https:\/\/www.divingtangier.com\/es\/product\/mascara-de-buceo-con-tubo\/#breadcrumb","itemListElement":[{"@type":"ListItem","position":1,"name":"Home","item":"https:\/\/www.divingtangier.com\/es\/"},{"@type":"ListItem","position":2,"name":"Shop","item":"https:\/\/www.divingtangier.com\/shop\/"},{"@type":"ListItem","position":3,"name":"M\u00e1scara de buceo con tubo"}]},{"@type":"WebSite","@id":"https:\/\/www.divingtangier.com\/es\/#website","url":"https:\/\/www.divingtangier.com\/es\/","name":"https:\/\/www.divingtangier.com","description":"","publisher":{"@id":"https:\/\/www.divingtangier.com\/es\/#organization"},"alternateName":"www.divingtangier.com","potentialAction":[{"@type":"SearchAction","target":{"@type":"EntryPoint","urlTemplate":"https:\/\/www.divingtangier.com\/es\/?s={search_term_string}"},"query-input":{"@type":"PropertyValueSpecification","valueRequired":true,"valueName":"search_term_string"}}],"inLanguage":"es"},{"@type":"Organization","@id":"https:\/\/www.divingtangier.com\/es\/#organization","name":"Tanger Med Diving Center","url":"https:\/\/www.divingtangier.com\/es\/","logo":{"@type":"ImageObject","inLanguage":"es","@id":"https:\/\/www.divingtangier.com\/es\/#\/schema\/logo\/image\/","url":"https:\/\/www.divingtangier.com\/wp-content\/uploads\/2024\/10\/logo-Morroco-Diving-center-responsive.png","contentUrl":"https:\/\/www.divingtangier.com\/wp-content\/uploads\/2024\/10\/logo-Morroco-Diving-center-responsive.png","width":640,"height":640,"caption":"Tanger Med Diving Center"},"image":{"@id":"https:\/\/www.divingtangier.com\/es\/#\/schema\/logo\/image\/"},"sameAs":["https:\/\/www.facebook.com\/TMDCenter"]}]}},"_links":{"self":[{"href":"https:\/\/www.divingtangier.com\/es\/wp-json\/wp\/v2\/product\/5917","targetHints":{"allow":["GET"]}}],"collection":[{"href":"https:\/\/www.divingtangier.com\/es\/wp-json\/wp\/v2\/product"}],"about":[{"href":"https:\/\/www.divingtangier.com\/es\/wp-json\/wp\/v2\/types\/product"}],"replies":[{"embeddable":true,"href":"https:\/\/www.divingtangier.com\/es\/wp-json\/wp\/v2\/comments?post=5917"}],"wp:featuredmedia":[{"embeddable":true,"href":"https:\/\/www.divingtangier.com\/es\/wp-json\/wp\/v2\/media\/5054"}],"wp:attachment":[{"href":"https:\/\/www.divingtangier.com\/es\/wp-json\/wp\/v2\/media?parent=5917"}],"wp:term":[{"taxonomy":"product_brand","embeddable":true,"href":"https:\/\/www.divingtangier.com\/es\/wp-json\/wp\/v2\/product_brand?post=5917"},{"taxonomy":"product_cat","embeddable":true,"href":"https:\/\/www.divingtangier.com\/es\/wp-json\/wp\/v2\/product_cat?post=5917"},{"taxonomy":"product_tag","embeddable":true,"href":"https:\/\/www.divingtangier.com\/es\/wp-json\/wp\/v2\/product_tag?post=5917"}],"curies":[{"name":"wp","href":"https:\/\/api.w.org\/{rel}","templated":true}]}}