{"id":5906,"date":"2019-02-04T08:17:59","date_gmt":"2019-02-04T08:17:59","guid":{"rendered":"https:\/\/www.divingtangier.com\/product\/aletas-de-buceo-rts-dive-rite-scuba\/"},"modified":"2024-10-17T16:03:18","modified_gmt":"2024-10-17T16:03:18","slug":"aletas-de-buceo-rts-dive-rite-scuba","status":"publish","type":"product","link":"https:\/\/www.divingtangier.com\/es\/product\/aletas-de-buceo-rts-dive-rite-scuba\/","title":{"rendered":"Aletas de buceo RTS Dive Rite Scuba"},"content":{"rendered":"<p>Las <strong>aletas de buceo RTS de Dive Rite<\/strong> est\u00e1n dise\u00f1adas para ofrecer precisi\u00f3n, potencia y comodidad, lo que las convierte en la elecci\u00f3n ideal tanto para buceadores t\u00e9cnicos como para entusiastas recreativos. Construidas con materiales duraderos y ligeros, estas aletas proporcionan un empuje excepcional con el m\u00ednimo esfuerzo, ayud\u00e1ndote a moverte suavemente por el agua. <\/p>\n<h3><strong>Caracter\u00edsticas principales:<\/strong><\/h3>\n<ul>\n<li><strong>Potente empuje<\/strong>: El dise\u00f1o r\u00edgido de las palas ofrece la m\u00e1xima propulsi\u00f3n con menos esfuerzo, lo que facilita recorrer distancias m\u00e1s largas.<\/li>\n<li><strong>Construcci\u00f3n ligera<\/strong>: Fabricadas con materiales de alta calidad, estas aletas son duraderas y f\u00e1ciles de manejar, lo que reduce la fatiga de las piernas durante inmersiones largas.<\/li>\n<li><strong>Ajuste c\u00f3modo<\/strong>: El dise\u00f1o de tal\u00f3n abierto y las correas ajustables garantizan un ajuste seguro y personalizado, adecuado para distintos tama\u00f1os de pie y condiciones de inmersi\u00f3n.<\/li>\n<li><strong>Dise\u00f1o t\u00e9cnico<\/strong>: Ideales para buceadores t\u00e9cnicos, las aletas RTS proporcionan una excelente maniobrabilidad en espacios reducidos o corrientes fuertes.<\/li>\n<li><strong>Compacto para viajar<\/strong>: Ligero y compacto, perfecto para viajar o guardarlo en tu bolsa de buceo.<\/li>\n<\/ul>\n<p>Tanto si exploras cuevas, pecios o aguas abiertas, las <strong>aletas de buceo RTS de Dive Rite<\/strong> te dar\u00e1n la potencia y el control que necesitas para una inmersi\u00f3n segura y agradable.<\/p>\n","protected":false},"excerpt":{"rendered":"<p>Las <strong>aletas de buceo RTS de Dive Rite<\/strong> ofrecen una potente propulsi\u00f3n y un control superior. Dise\u00f1adas para buceadores t\u00e9cnicos y recreativos, estas aletas ligeras presentan una pala r\u00edgida para una propulsi\u00f3n m\u00e1xima y un dise\u00f1o de tal\u00f3n abierto ajustable para un ajuste seguro y c\u00f3modo. Compactas y f\u00e1ciles de transportar, son perfectas para todos los entornos de buceo.  <\/p>\n","protected":false},"featured_media":5058,"comment_status":"open","ping_status":"closed","template":"","meta":{"_joinchat":[]},"product_brand":[],"product_cat":[305,307,306],"product_tag":[310,312,314],"class_list":{"0":"post-5906","1":"product","2":"type-product","3":"status-publish","4":"has-post-thumbnail","6":"product_cat-aletas","7":"product_cat-fusiles","8":"product_cat-nada","9":"product_tag-articulo","10":"product_tag-deporte","11":"product_tag-natacion","13":"first","14":"instock","15":"shipping-taxable","16":"product-type-simple"},"yoast_head":"<!-- This site is optimized with the Yoast SEO plugin v25.3.1 - https:\/\/yoast.com\/wordpress\/plugins\/seo\/ -->\n<title>Aletas de buceo RTS Dive Rite Scuba |<\/title>\n<meta name=\"robots\" content=\"index, follow, max-snippet:-1, max-image-preview:large, max-video-preview:-1\" \/>\n<link rel=\"canonical\" href=\"https:\/\/www.divingtangier.com\/es\/product\/aletas-de-buceo-rts-dive-rite-scuba\/\" \/>\n<meta property=\"og:locale\" content=\"es_ES\" \/>\n<meta property=\"og:type\" content=\"article\" \/>\n<meta property=\"og:title\" content=\"Aletas de buceo RTS Dive Rite Scuba |\" \/>\n<meta property=\"og:description\" content=\"Las aletas de buceo RTS de Dive Rite ofrecen una potente propulsi\u00f3n y un control superior. Dise\u00f1adas para buceadores t\u00e9cnicos y recreativos, estas aletas ligeras presentan una pala r\u00edgida para una propulsi\u00f3n m\u00e1xima y un dise\u00f1o de tal\u00f3n abierto ajustable para un ajuste seguro y c\u00f3modo. Compactas y f\u00e1ciles de transportar, son perfectas para todos los entornos de buceo.\" \/>\n<meta property=\"og:url\" content=\"https:\/\/www.divingtangier.com\/es\/product\/aletas-de-buceo-rts-dive-rite-scuba\/\" \/>\n<meta property=\"article:publisher\" content=\"https:\/\/www.facebook.com\/TMDCenter\" \/>\n<meta property=\"article:modified_time\" content=\"2024-10-17T16:03:18+00:00\" \/>\n<meta property=\"og:image\" content=\"https:\/\/www.divingtangier.com\/wp-content\/uploads\/2019\/02\/Dive-Rite-Scuba-RTS-Fins-Morocco.jpg\" \/>\n\t<meta property=\"og:image:width\" content=\"1000\" \/>\n\t<meta property=\"og:image:height\" content=\"1000\" \/>\n\t<meta property=\"og:image:type\" content=\"image\/jpeg\" \/>\n<meta name=\"twitter:card\" content=\"summary_large_image\" \/>\n<meta name=\"twitter:label1\" content=\"Tiempo de lectura\" \/>\n\t<meta name=\"twitter:data1\" content=\"1 minuto\" \/>\n<script type=\"application\/ld+json\" class=\"yoast-schema-graph\">{\"@context\":\"https:\/\/schema.org\",\"@graph\":[{\"@type\":\"WebPage\",\"@id\":\"https:\/\/www.divingtangier.com\/es\/product\/aletas-de-buceo-rts-dive-rite-scuba\/\",\"url\":\"https:\/\/www.divingtangier.com\/es\/product\/aletas-de-buceo-rts-dive-rite-scuba\/\",\"name\":\"Aletas de buceo RTS Dive Rite Scuba |\",\"isPartOf\":{\"@id\":\"https:\/\/www.divingtangier.com\/es\/#website\"},\"primaryImageOfPage\":{\"@id\":\"https:\/\/www.divingtangier.com\/es\/product\/aletas-de-buceo-rts-dive-rite-scuba\/#primaryimage\"},\"image\":{\"@id\":\"https:\/\/www.divingtangier.com\/es\/product\/aletas-de-buceo-rts-dive-rite-scuba\/#primaryimage\"},\"thumbnailUrl\":\"https:\/\/www.divingtangier.com\/wp-content\/uploads\/2019\/02\/Dive-Rite-Scuba-RTS-Fins-Morocco.jpg\",\"datePublished\":\"2019-02-04T08:17:59+00:00\",\"dateModified\":\"2024-10-17T16:03:18+00:00\",\"breadcrumb\":{\"@id\":\"https:\/\/www.divingtangier.com\/es\/product\/aletas-de-buceo-rts-dive-rite-scuba\/#breadcrumb\"},\"inLanguage\":\"es\",\"potentialAction\":[{\"@type\":\"ReadAction\",\"target\":[\"https:\/\/www.divingtangier.com\/es\/product\/aletas-de-buceo-rts-dive-rite-scuba\/\"]}]},{\"@type\":\"ImageObject\",\"inLanguage\":\"es\",\"@id\":\"https:\/\/www.divingtangier.com\/es\/product\/aletas-de-buceo-rts-dive-rite-scuba\/#primaryimage\",\"url\":\"https:\/\/www.divingtangier.com\/wp-content\/uploads\/2019\/02\/Dive-Rite-Scuba-RTS-Fins-Morocco.jpg\",\"contentUrl\":\"https:\/\/www.divingtangier.com\/wp-content\/uploads\/2019\/02\/Dive-Rite-Scuba-RTS-Fins-Morocco.jpg\",\"width\":1000,\"height\":1000},{\"@type\":\"BreadcrumbList\",\"@id\":\"https:\/\/www.divingtangier.com\/es\/product\/aletas-de-buceo-rts-dive-rite-scuba\/#breadcrumb\",\"itemListElement\":[{\"@type\":\"ListItem\",\"position\":1,\"name\":\"Home\",\"item\":\"https:\/\/www.divingtangier.com\/es\/\"},{\"@type\":\"ListItem\",\"position\":2,\"name\":\"Shop\",\"item\":\"https:\/\/www.divingtangier.com\/shop\/\"},{\"@type\":\"ListItem\",\"position\":3,\"name\":\"Aletas de buceo RTS Dive Rite Scuba\"}]},{\"@type\":\"WebSite\",\"@id\":\"https:\/\/www.divingtangier.com\/es\/#website\",\"url\":\"https:\/\/www.divingtangier.com\/es\/\",\"name\":\"https:\/\/www.divingtangier.com\",\"description\":\"\",\"publisher\":{\"@id\":\"https:\/\/www.divingtangier.com\/es\/#organization\"},\"alternateName\":\"www.divingtangier.com\",\"potentialAction\":[{\"@type\":\"SearchAction\",\"target\":{\"@type\":\"EntryPoint\",\"urlTemplate\":\"https:\/\/www.divingtangier.com\/es\/?s={search_term_string}\"},\"query-input\":{\"@type\":\"PropertyValueSpecification\",\"valueRequired\":true,\"valueName\":\"search_term_string\"}}],\"inLanguage\":\"es\"},{\"@type\":\"Organization\",\"@id\":\"https:\/\/www.divingtangier.com\/es\/#organization\",\"name\":\"Tanger Med Diving Center\",\"url\":\"https:\/\/www.divingtangier.com\/es\/\",\"logo\":{\"@type\":\"ImageObject\",\"inLanguage\":\"es\",\"@id\":\"https:\/\/www.divingtangier.com\/es\/#\/schema\/logo\/image\/\",\"url\":\"https:\/\/www.divingtangier.com\/wp-content\/uploads\/2024\/10\/logo-Morroco-Diving-center-responsive.png\",\"contentUrl\":\"https:\/\/www.divingtangier.com\/wp-content\/uploads\/2024\/10\/logo-Morroco-Diving-center-responsive.png\",\"width\":640,\"height\":640,\"caption\":\"Tanger Med Diving Center\"},\"image\":{\"@id\":\"https:\/\/www.divingtangier.com\/es\/#\/schema\/logo\/image\/\"},\"sameAs\":[\"https:\/\/www.facebook.com\/TMDCenter\"]}]}<\/script>\n<!-- \/ Yoast SEO plugin. -->","yoast_head_json":{"title":"Aletas de buceo RTS Dive Rite Scuba |","robots":{"index":"index","follow":"follow","max-snippet":"max-snippet:-1","max-image-preview":"max-image-preview:large","max-video-preview":"max-video-preview:-1"},"canonical":"https:\/\/www.divingtangier.com\/es\/product\/aletas-de-buceo-rts-dive-rite-scuba\/","og_locale":"es_ES","og_type":"article","og_title":"Aletas de buceo RTS Dive Rite Scuba |","og_description":"Las aletas de buceo RTS de Dive Rite ofrecen una potente propulsi\u00f3n y un control superior. Dise\u00f1adas para buceadores t\u00e9cnicos y recreativos, estas aletas ligeras presentan una pala r\u00edgida para una propulsi\u00f3n m\u00e1xima y un dise\u00f1o de tal\u00f3n abierto ajustable para un ajuste seguro y c\u00f3modo. Compactas y f\u00e1ciles de transportar, son perfectas para todos los entornos de buceo.","og_url":"https:\/\/www.divingtangier.com\/es\/product\/aletas-de-buceo-rts-dive-rite-scuba\/","article_publisher":"https:\/\/www.facebook.com\/TMDCenter","article_modified_time":"2024-10-17T16:03:18+00:00","og_image":[{"width":1000,"height":1000,"url":"https:\/\/www.divingtangier.com\/wp-content\/uploads\/2019\/02\/Dive-Rite-Scuba-RTS-Fins-Morocco.jpg","type":"image\/jpeg"}],"twitter_card":"summary_large_image","twitter_misc":{"Tiempo de lectura":"1 minuto"},"schema":{"@context":"https:\/\/schema.org","@graph":[{"@type":"WebPage","@id":"https:\/\/www.divingtangier.com\/es\/product\/aletas-de-buceo-rts-dive-rite-scuba\/","url":"https:\/\/www.divingtangier.com\/es\/product\/aletas-de-buceo-rts-dive-rite-scuba\/","name":"Aletas de buceo RTS Dive Rite Scuba |","isPartOf":{"@id":"https:\/\/www.divingtangier.com\/es\/#website"},"primaryImageOfPage":{"@id":"https:\/\/www.divingtangier.com\/es\/product\/aletas-de-buceo-rts-dive-rite-scuba\/#primaryimage"},"image":{"@id":"https:\/\/www.divingtangier.com\/es\/product\/aletas-de-buceo-rts-dive-rite-scuba\/#primaryimage"},"thumbnailUrl":"https:\/\/www.divingtangier.com\/wp-content\/uploads\/2019\/02\/Dive-Rite-Scuba-RTS-Fins-Morocco.jpg","datePublished":"2019-02-04T08:17:59+00:00","dateModified":"2024-10-17T16:03:18+00:00","breadcrumb":{"@id":"https:\/\/www.divingtangier.com\/es\/product\/aletas-de-buceo-rts-dive-rite-scuba\/#breadcrumb"},"inLanguage":"es","potentialAction":[{"@type":"ReadAction","target":["https:\/\/www.divingtangier.com\/es\/product\/aletas-de-buceo-rts-dive-rite-scuba\/"]}]},{"@type":"ImageObject","inLanguage":"es","@id":"https:\/\/www.divingtangier.com\/es\/product\/aletas-de-buceo-rts-dive-rite-scuba\/#primaryimage","url":"https:\/\/www.divingtangier.com\/wp-content\/uploads\/2019\/02\/Dive-Rite-Scuba-RTS-Fins-Morocco.jpg","contentUrl":"https:\/\/www.divingtangier.com\/wp-content\/uploads\/2019\/02\/Dive-Rite-Scuba-RTS-Fins-Morocco.jpg","width":1000,"height":1000},{"@type":"BreadcrumbList","@id":"https:\/\/www.divingtangier.com\/es\/product\/aletas-de-buceo-rts-dive-rite-scuba\/#breadcrumb","itemListElement":[{"@type":"ListItem","position":1,"name":"Home","item":"https:\/\/www.divingtangier.com\/es\/"},{"@type":"ListItem","position":2,"name":"Shop","item":"https:\/\/www.divingtangier.com\/shop\/"},{"@type":"ListItem","position":3,"name":"Aletas de buceo RTS Dive Rite Scuba"}]},{"@type":"WebSite","@id":"https:\/\/www.divingtangier.com\/es\/#website","url":"https:\/\/www.divingtangier.com\/es\/","name":"https:\/\/www.divingtangier.com","description":"","publisher":{"@id":"https:\/\/www.divingtangier.com\/es\/#organization"},"alternateName":"www.divingtangier.com","potentialAction":[{"@type":"SearchAction","target":{"@type":"EntryPoint","urlTemplate":"https:\/\/www.divingtangier.com\/es\/?s={search_term_string}"},"query-input":{"@type":"PropertyValueSpecification","valueRequired":true,"valueName":"search_term_string"}}],"inLanguage":"es"},{"@type":"Organization","@id":"https:\/\/www.divingtangier.com\/es\/#organization","name":"Tanger Med Diving Center","url":"https:\/\/www.divingtangier.com\/es\/","logo":{"@type":"ImageObject","inLanguage":"es","@id":"https:\/\/www.divingtangier.com\/es\/#\/schema\/logo\/image\/","url":"https:\/\/www.divingtangier.com\/wp-content\/uploads\/2024\/10\/logo-Morroco-Diving-center-responsive.png","contentUrl":"https:\/\/www.divingtangier.com\/wp-content\/uploads\/2024\/10\/logo-Morroco-Diving-center-responsive.png","width":640,"height":640,"caption":"Tanger Med Diving Center"},"image":{"@id":"https:\/\/www.divingtangier.com\/es\/#\/schema\/logo\/image\/"},"sameAs":["https:\/\/www.facebook.com\/TMDCenter"]}]}},"_links":{"self":[{"href":"https:\/\/www.divingtangier.com\/es\/wp-json\/wp\/v2\/product\/5906","targetHints":{"allow":["GET"]}}],"collection":[{"href":"https:\/\/www.divingtangier.com\/es\/wp-json\/wp\/v2\/product"}],"about":[{"href":"https:\/\/www.divingtangier.com\/es\/wp-json\/wp\/v2\/types\/product"}],"replies":[{"embeddable":true,"href":"https:\/\/www.divingtangier.com\/es\/wp-json\/wp\/v2\/comments?post=5906"}],"wp:featuredmedia":[{"embeddable":true,"href":"https:\/\/www.divingtangier.com\/es\/wp-json\/wp\/v2\/media\/5058"}],"wp:attachment":[{"href":"https:\/\/www.divingtangier.com\/es\/wp-json\/wp\/v2\/media?parent=5906"}],"wp:term":[{"taxonomy":"product_brand","embeddable":true,"href":"https:\/\/www.divingtangier.com\/es\/wp-json\/wp\/v2\/product_brand?post=5906"},{"taxonomy":"product_cat","embeddable":true,"href":"https:\/\/www.divingtangier.com\/es\/wp-json\/wp\/v2\/product_cat?post=5906"},{"taxonomy":"product_tag","embeddable":true,"href":"https:\/\/www.divingtangier.com\/es\/wp-json\/wp\/v2\/product_tag?post=5906"}],"curies":[{"name":"wp","href":"https:\/\/api.w.org\/{rel}","templated":true}]}}