{"id":5219,"date":"2019-01-25T11:11:03","date_gmt":"2019-01-25T11:11:03","guid":{"rendered":"https:\/\/www.divingtangier.com\/politica-de-privacidad\/"},"modified":"2024-10-17T12:47:15","modified_gmt":"2024-10-17T12:47:15","slug":"politica-de-privacidad","status":"publish","type":"page","link":"https:\/\/www.divingtangier.com\/es\/politica-de-privacidad\/","title":{"rendered":"Pol\u00edtica de privacidad"},"content":{"rendered":"\t\t<div data-elementor-type=\"wp-post\" data-elementor-id=\"5219\" class=\"elementor elementor-5219 elementor-69\">\n\t\t\t\t\t\t<section class=\"elementor-section elementor-top-section elementor-element elementor-element-19dac095 elementor-section-boxed elementor-section-height-default elementor-section-height-default\" data-id=\"19dac095\" data-element_type=\"section\" data-settings=\"{&quot;background_background&quot;:&quot;classic&quot;}\">\n\t\t\t\t\t\t<div class=\"elementor-container elementor-column-gap-wider\">\n\t\t\t\t\t<div class=\"elementor-column elementor-col-100 elementor-top-column elementor-element elementor-element-9e48320 sc_inner_width_none sc_layouts_column_icons_position_left\" data-id=\"9e48320\" data-element_type=\"column\">\n\t\t\t<div class=\"elementor-widget-wrap elementor-element-populated\">\n\t\t\t\t\t\t<div class=\"elementor-element elementor-element-197cb141 sc_fly_static elementor-widget elementor-widget-heading\" data-id=\"197cb141\" data-element_type=\"widget\" data-widget_type=\"heading.default\">\n\t\t\t\t<div class=\"elementor-widget-container\">\n\t\t\t<h5 class=\"elementor-heading-title elementor-size-default\">1. INTRODUCCI\u00d3N<\/h5>\t\t<\/div>\n\t\t\t\t<\/div>\n\t\t\t\t<div class=\"elementor-element elementor-element-11efeb81 sc_fly_static elementor-widget elementor-widget-text-editor\" data-id=\"11efeb81\" data-element_type=\"widget\" data-widget_type=\"text-editor.default\">\n\t\t\t\t<div class=\"elementor-widget-container\">\n\t\t\t\t\t\t\t<p>Fecha de entrada en vigor: Octubre de 2024<\/p>\n<p>En <strong>el Centro de Buceo Tanger Med<\/strong>, accesible desde <a href=\"https:\/\/www.divingtangier.com\/es\/\" target=\"_new\" rel=\"noopener\">https:\/\/www.divingtangier.com<\/a>, nos comprometemos a proteger tu privacidad. Este documento de Pol\u00edtica de Privacidad contiene los tipos de informaci\u00f3n que recogemos y registramos, y c\u00f3mo la utilizamos. <\/p>\n<p>Si tienes preguntas adicionales o necesitas m\u00e1s informaci\u00f3n sobre nuestra Pol\u00edtica de Privacidad, no dudes en ponerte en contacto con nosotros a trav\u00e9s del correo electr\u00f3nico en <strong><a rel=\"noopener\">info@divingtangier.com<\/a><\/strong> o por tel\u00e9fono al <strong>+212 615-821571<\/strong>.<\/p>\n\t\t\t\t\t\t<\/div>\n\t\t\t\t<\/div>\n\t\t\t\t\t<\/div>\n\t\t<\/div>\n\t\t\t\t\t<\/div>\n\t\t<\/section>\n\t\t\t\t<section class=\"elementor-section elementor-top-section elementor-element elementor-element-19fecaae elementor-section-boxed elementor-section-height-default elementor-section-height-default\" data-id=\"19fecaae\" data-element_type=\"section\">\n\t\t\t\t\t\t<div class=\"elementor-container elementor-column-gap-extended\">\n\t\t\t\t\t<div class=\"elementor-column elementor-col-100 elementor-top-column elementor-element elementor-element-57580bbc sc_inner_width_none sc_layouts_column_icons_position_left\" data-id=\"57580bbc\" data-element_type=\"column\">\n\t\t\t<div class=\"elementor-widget-wrap elementor-element-populated\">\n\t\t\t\t\t\t<div class=\"elementor-element elementor-element-4284bc9b sc_fly_static elementor-widget elementor-widget-spacer\" data-id=\"4284bc9b\" data-element_type=\"widget\" data-widget_type=\"spacer.default\">\n\t\t\t\t<div class=\"elementor-widget-container\">\n\t\t\t\t\t<div class=\"elementor-spacer\">\n\t\t\t<div class=\"elementor-spacer-inner\"><\/div>\n\t\t<\/div>\n\t\t\t\t<\/div>\n\t\t\t\t<\/div>\n\t\t\t\t\t<\/div>\n\t\t<\/div>\n\t\t\t\t\t<\/div>\n\t\t<\/section>\n\t\t\t\t<section class=\"elementor-section elementor-top-section elementor-element elementor-element-31bfd29e elementor-section-boxed elementor-section-height-default elementor-section-height-default\" data-id=\"31bfd29e\" data-element_type=\"section\" data-settings=\"{&quot;background_background&quot;:&quot;classic&quot;}\">\n\t\t\t\t\t\t<div class=\"elementor-container elementor-column-gap-wider\">\n\t\t\t\t\t<div class=\"elementor-column elementor-col-100 elementor-top-column elementor-element elementor-element-277cce3e sc_inner_width_none sc_layouts_column_icons_position_left\" data-id=\"277cce3e\" data-element_type=\"column\">\n\t\t\t<div class=\"elementor-widget-wrap elementor-element-populated\">\n\t\t\t\t\t\t<div class=\"elementor-element elementor-element-5b840aa0 sc_fly_static elementor-widget elementor-widget-spacer\" data-id=\"5b840aa0\" data-element_type=\"widget\" data-widget_type=\"spacer.default\">\n\t\t\t\t<div class=\"elementor-widget-container\">\n\t\t\t\t\t<div class=\"elementor-spacer\">\n\t\t\t<div class=\"elementor-spacer-inner\"><\/div>\n\t\t<\/div>\n\t\t\t\t<\/div>\n\t\t\t\t<\/div>\n\t\t\t\t<div class=\"elementor-element elementor-element-28ffd096 sc_fly_static elementor-widget elementor-widget-heading\" data-id=\"28ffd096\" data-element_type=\"widget\" data-widget_type=\"heading.default\">\n\t\t\t\t<div class=\"elementor-widget-container\">\n\t\t\t<h5 class=\"elementor-heading-title elementor-size-default\">2. Informaci\u00f3n que recogemos<\/h5>\t\t<\/div>\n\t\t\t\t<\/div>\n\t\t\t\t<div class=\"elementor-element elementor-element-18ee7638 sc_fly_static elementor-widget elementor-widget-text-editor\" data-id=\"18ee7638\" data-element_type=\"widget\" data-widget_type=\"text-editor.default\">\n\t\t\t\t<div class=\"elementor-widget-container\">\n\t\t\t\t\t\t\t<h3>1. <strong>Informaci\u00f3n que recogemos<\/strong><\/h3>\n<p>Cuando utilizas nuestro sitio web, podemos recoger la siguiente informaci\u00f3n:<\/p>\n<ul>\n<li><strong>Informaci\u00f3n de identificaci\u00f3n personal<\/strong> (nombre, direcci\u00f3n de correo electr\u00f3nico, n\u00famero de tel\u00e9fono, etc.)<\/li>\n<li><strong>Detalles de la reserva y la transacci\u00f3n<\/strong> (para servicios como paquetes de buceo, alquiler de equipos, etc.)<\/li>\n<li><strong>Datos recogidos autom\u00e1ticamente<\/strong>: Esto incluye direcciones IP, tipos de navegador y otra informaci\u00f3n recogida mediante cookies.<\/li>\n<\/ul>\n<h3>2. <strong>C\u00f3mo utilizamos tu informaci\u00f3n<\/strong><\/h3>\n<p>La informaci\u00f3n que recopilamos se utiliza de varias formas, entre ellas para:<\/p>\n<ul>\n<li>Procesar las reservas y prestar nuestros servicios.<\/li>\n<li>Comunicarnos contigo, incluido el servicio de atenci\u00f3n al cliente, consultas o actualizaciones relacionadas con nuestras ofertas.<\/li>\n<li>Mejorar nuestro sitio web, nuestros servicios y la experiencia del cliente.<\/li>\n<li>Enviar ofertas promocionales o actualizaciones, s\u00f3lo si has optado por recibir dichas comunicaciones.<\/li>\n<\/ul>\n<h3>3. <strong>Compartir tu informaci\u00f3n<\/strong><\/h3>\n<p>No vendemos, comerciamos ni transferimos a terceros tus datos personales. Sin embargo, podemos compartir tu informaci\u00f3n con socios de confianza para que nos ayuden en el funcionamiento de nuestro sitio web y en la realizaci\u00f3n de nuestros negocios, siempre que dichas partes se comprometan a mantener la confidencialidad de esta informaci\u00f3n. <\/p>\n<h3>4. <strong>Cookies y tecnolog\u00edas de seguimiento<\/strong><\/h3>\n<p>Utilizamos cookies para mejorar la experiencia del usuario en nuestro sitio web. Las cookies son peque\u00f1os archivos colocados en tu dispositivo que nos permiten rastrear tus preferencias y actividad. Puedes elegir desactivar las cookies en la configuraci\u00f3n de tu navegador, pero esto puede afectar a tu experiencia en nuestro sitio.  <\/p>\n<h3>5. <strong>Seguridad de los datos<\/strong><\/h3>\n<p>Aplicamos medidas de seguridad t\u00e9cnicas y organizativas adecuadas para proteger tus datos del acceso, la divulgaci\u00f3n, la alteraci\u00f3n o la destrucci\u00f3n no autorizados.<\/p>\n<h3>6. <strong>Tus derechos<\/strong><\/h3>\n<p>Tienes los siguientes derechos en relaci\u00f3n con tus datos personales:<\/p>\n<ul>\n<li><strong>El acceso<\/strong>: Puedes solicitar copias de tus datos personales.<\/li>\n<li><strong>Rectificaci\u00f3n<\/strong>: Puedes solicitar la rectificaci\u00f3n de cualquier dato inexacto que tengamos.<\/li>\n<li><strong>Supresi\u00f3n<\/strong>: Puedes solicitar la supresi\u00f3n de tus datos personales.<\/li>\n<li><strong>Oposici\u00f3n<\/strong>: Tienes derecho a oponerte a determinados tipos de tratamiento.<\/li>\n<\/ul>\n<p>Para ejercer cualquiera de estos derechos, ponte en contacto con nosotros en <strong><a rel=\"noopener\">info@divingtangier.com<\/a><\/strong> o <strong> al +212 615-821571<\/strong>.<\/p>\n<h3>7. <strong>Enlaces de terceros<\/strong><\/h3>\n<p>Nuestro sitio web puede contener enlaces a sitios web de terceros. No somos responsables de las pr\u00e1cticas de privacidad de otros sitios web. Animamos a los usuarios a que revisen las pol\u00edticas de privacidad de esos sitios de terceros antes de facilitar datos personales.  <\/p>\n<h3>8. <strong>Cambios en esta pol\u00edtica<\/strong><\/h3>\n<p>Nos reservamos el derecho a actualizar esta Pol\u00edtica de Privacidad en cualquier momento. Cualquier cambio se publicar\u00e1 en esta p\u00e1gina con la fecha de entrada en vigor actualizada. <\/p>\n<hr>\n<p>Para cualquier pregunta o duda sobre nuestra Pol\u00edtica de Privacidad, ponte en contacto con nosotros:<\/p>\n<ul>\n<li><strong>Tel:<\/strong>+212 615-821571<\/li>\n<li><strong>Correo electr\u00f3nico<\/strong>: <a rel=\"noopener\">info@divingtangier.com<\/a><\/li>\n<\/ul>\n\t\t\t\t\t\t<\/div>\n\t\t\t\t<\/div>\n\t\t\t\t<div class=\"elementor-element elementor-element-452c618 sc_fly_static elementor-widget elementor-widget-spacer\" data-id=\"452c618\" data-element_type=\"widget\" data-widget_type=\"spacer.default\">\n\t\t\t\t<div class=\"elementor-widget-container\">\n\t\t\t\t\t<div class=\"elementor-spacer\">\n\t\t\t<div class=\"elementor-spacer-inner\"><\/div>\n\t\t<\/div>\n\t\t\t\t<\/div>\n\t\t\t\t<\/div>\n\t\t\t\t\t<\/div>\n\t\t<\/div>\n\t\t\t\t\t<\/div>\n\t\t<\/section>\n\t\t\t\t<\/div>\n\t\t","protected":false},"excerpt":{"rendered":"<p>1. INTRODUCCI\u00d3N Fecha de entrada en vigor: Octubre de 2024 En el&hellip;<\/p>\n","protected":false},"author":3,"featured_media":0,"parent":0,"menu_order":0,"comment_status":"closed","ping_status":"closed","template":"","meta":{"_joinchat":[],"footnotes":""},"class_list":["post-5219","page","type-page","status-publish","hentry"],"yoast_head":"<!-- This site is optimized with the Yoast SEO plugin v25.3.1 - https:\/\/yoast.com\/wordpress\/plugins\/seo\/ -->\n<title>Pol\u00edtica de privacidad |<\/title>\n<meta name=\"robots\" content=\"index, follow, max-snippet:-1, max-image-preview:large, max-video-preview:-1\" \/>\n<link rel=\"canonical\" href=\"https:\/\/www.divingtangier.com\/es\/politica-de-privacidad\/\" \/>\n<meta property=\"og:locale\" content=\"es_ES\" \/>\n<meta property=\"og:type\" content=\"article\" \/>\n<meta property=\"og:title\" content=\"Pol\u00edtica de privacidad |\" \/>\n<meta property=\"og:description\" content=\"1. INTRODUCCI\u00d3N Fecha de entrada en vigor: Octubre de 2024 En el&hellip;\" \/>\n<meta property=\"og:url\" content=\"https:\/\/www.divingtangier.com\/es\/politica-de-privacidad\/\" \/>\n<meta property=\"article:publisher\" content=\"https:\/\/www.facebook.com\/TMDCenter\" \/>\n<meta property=\"article:modified_time\" content=\"2024-10-17T12:47:15+00:00\" \/>\n<meta property=\"og:image\" content=\"https:\/\/www.divingtangier.com\/wp-content\/uploads\/2024\/10\/cropped-favicon-Morroco-Diving-center-.jpg\" \/>\n\t<meta property=\"og:image:width\" content=\"512\" \/>\n\t<meta property=\"og:image:height\" content=\"512\" \/>\n\t<meta property=\"og:image:type\" content=\"image\/jpeg\" \/>\n<meta name=\"twitter:card\" content=\"summary_large_image\" \/>\n<meta name=\"twitter:label1\" content=\"Tiempo de lectura\" \/>\n\t<meta name=\"twitter:data1\" content=\"3 minutos\" \/>\n<script type=\"application\/ld+json\" class=\"yoast-schema-graph\">{\"@context\":\"https:\/\/schema.org\",\"@graph\":[{\"@type\":\"WebPage\",\"@id\":\"https:\/\/www.divingtangier.com\/es\/politica-de-privacidad\/\",\"url\":\"https:\/\/www.divingtangier.com\/es\/politica-de-privacidad\/\",\"name\":\"Pol\u00edtica de privacidad |\",\"isPartOf\":{\"@id\":\"https:\/\/www.divingtangier.com\/es\/#website\"},\"datePublished\":\"2019-01-25T11:11:03+00:00\",\"dateModified\":\"2024-10-17T12:47:15+00:00\",\"breadcrumb\":{\"@id\":\"https:\/\/www.divingtangier.com\/es\/politica-de-privacidad\/#breadcrumb\"},\"inLanguage\":\"es\",\"potentialAction\":[{\"@type\":\"ReadAction\",\"target\":[\"https:\/\/www.divingtangier.com\/es\/politica-de-privacidad\/\"]}]},{\"@type\":\"BreadcrumbList\",\"@id\":\"https:\/\/www.divingtangier.com\/es\/politica-de-privacidad\/#breadcrumb\",\"itemListElement\":[{\"@type\":\"ListItem\",\"position\":1,\"name\":\"Home\",\"item\":\"https:\/\/www.divingtangier.com\/es\/\"},{\"@type\":\"ListItem\",\"position\":2,\"name\":\"Pol\u00edtica de privacidad\"}]},{\"@type\":\"WebSite\",\"@id\":\"https:\/\/www.divingtangier.com\/es\/#website\",\"url\":\"https:\/\/www.divingtangier.com\/es\/\",\"name\":\"https:\/\/www.divingtangier.com\",\"description\":\"\",\"publisher\":{\"@id\":\"https:\/\/www.divingtangier.com\/es\/#organization\"},\"alternateName\":\"www.divingtangier.com\",\"potentialAction\":[{\"@type\":\"SearchAction\",\"target\":{\"@type\":\"EntryPoint\",\"urlTemplate\":\"https:\/\/www.divingtangier.com\/es\/?s={search_term_string}\"},\"query-input\":{\"@type\":\"PropertyValueSpecification\",\"valueRequired\":true,\"valueName\":\"search_term_string\"}}],\"inLanguage\":\"es\"},{\"@type\":\"Organization\",\"@id\":\"https:\/\/www.divingtangier.com\/es\/#organization\",\"name\":\"Tanger Med Diving Center\",\"url\":\"https:\/\/www.divingtangier.com\/es\/\",\"logo\":{\"@type\":\"ImageObject\",\"inLanguage\":\"es\",\"@id\":\"https:\/\/www.divingtangier.com\/es\/#\/schema\/logo\/image\/\",\"url\":\"https:\/\/www.divingtangier.com\/wp-content\/uploads\/2024\/10\/logo-Morroco-Diving-center-responsive.png\",\"contentUrl\":\"https:\/\/www.divingtangier.com\/wp-content\/uploads\/2024\/10\/logo-Morroco-Diving-center-responsive.png\",\"width\":640,\"height\":640,\"caption\":\"Tanger Med Diving Center\"},\"image\":{\"@id\":\"https:\/\/www.divingtangier.com\/es\/#\/schema\/logo\/image\/\"},\"sameAs\":[\"https:\/\/www.facebook.com\/TMDCenter\"]}]}<\/script>\n<!-- \/ Yoast SEO plugin. -->","yoast_head_json":{"title":"Pol\u00edtica de privacidad |","robots":{"index":"index","follow":"follow","max-snippet":"max-snippet:-1","max-image-preview":"max-image-preview:large","max-video-preview":"max-video-preview:-1"},"canonical":"https:\/\/www.divingtangier.com\/es\/politica-de-privacidad\/","og_locale":"es_ES","og_type":"article","og_title":"Pol\u00edtica de privacidad |","og_description":"1. INTRODUCCI\u00d3N Fecha de entrada en vigor: Octubre de 2024 En el&hellip;","og_url":"https:\/\/www.divingtangier.com\/es\/politica-de-privacidad\/","article_publisher":"https:\/\/www.facebook.com\/TMDCenter","article_modified_time":"2024-10-17T12:47:15+00:00","og_image":[{"width":512,"height":512,"url":"https:\/\/www.divingtangier.com\/wp-content\/uploads\/2024\/10\/cropped-favicon-Morroco-Diving-center-.jpg","type":"image\/jpeg"}],"twitter_card":"summary_large_image","twitter_misc":{"Tiempo de lectura":"3 minutos"},"schema":{"@context":"https:\/\/schema.org","@graph":[{"@type":"WebPage","@id":"https:\/\/www.divingtangier.com\/es\/politica-de-privacidad\/","url":"https:\/\/www.divingtangier.com\/es\/politica-de-privacidad\/","name":"Pol\u00edtica de privacidad |","isPartOf":{"@id":"https:\/\/www.divingtangier.com\/es\/#website"},"datePublished":"2019-01-25T11:11:03+00:00","dateModified":"2024-10-17T12:47:15+00:00","breadcrumb":{"@id":"https:\/\/www.divingtangier.com\/es\/politica-de-privacidad\/#breadcrumb"},"inLanguage":"es","potentialAction":[{"@type":"ReadAction","target":["https:\/\/www.divingtangier.com\/es\/politica-de-privacidad\/"]}]},{"@type":"BreadcrumbList","@id":"https:\/\/www.divingtangier.com\/es\/politica-de-privacidad\/#breadcrumb","itemListElement":[{"@type":"ListItem","position":1,"name":"Home","item":"https:\/\/www.divingtangier.com\/es\/"},{"@type":"ListItem","position":2,"name":"Pol\u00edtica de privacidad"}]},{"@type":"WebSite","@id":"https:\/\/www.divingtangier.com\/es\/#website","url":"https:\/\/www.divingtangier.com\/es\/","name":"https:\/\/www.divingtangier.com","description":"","publisher":{"@id":"https:\/\/www.divingtangier.com\/es\/#organization"},"alternateName":"www.divingtangier.com","potentialAction":[{"@type":"SearchAction","target":{"@type":"EntryPoint","urlTemplate":"https:\/\/www.divingtangier.com\/es\/?s={search_term_string}"},"query-input":{"@type":"PropertyValueSpecification","valueRequired":true,"valueName":"search_term_string"}}],"inLanguage":"es"},{"@type":"Organization","@id":"https:\/\/www.divingtangier.com\/es\/#organization","name":"Tanger Med Diving Center","url":"https:\/\/www.divingtangier.com\/es\/","logo":{"@type":"ImageObject","inLanguage":"es","@id":"https:\/\/www.divingtangier.com\/es\/#\/schema\/logo\/image\/","url":"https:\/\/www.divingtangier.com\/wp-content\/uploads\/2024\/10\/logo-Morroco-Diving-center-responsive.png","contentUrl":"https:\/\/www.divingtangier.com\/wp-content\/uploads\/2024\/10\/logo-Morroco-Diving-center-responsive.png","width":640,"height":640,"caption":"Tanger Med Diving Center"},"image":{"@id":"https:\/\/www.divingtangier.com\/es\/#\/schema\/logo\/image\/"},"sameAs":["https:\/\/www.facebook.com\/TMDCenter"]}]}},"_links":{"self":[{"href":"https:\/\/www.divingtangier.com\/es\/wp-json\/wp\/v2\/pages\/5219","targetHints":{"allow":["GET"]}}],"collection":[{"href":"https:\/\/www.divingtangier.com\/es\/wp-json\/wp\/v2\/pages"}],"about":[{"href":"https:\/\/www.divingtangier.com\/es\/wp-json\/wp\/v2\/types\/page"}],"author":[{"embeddable":true,"href":"https:\/\/www.divingtangier.com\/es\/wp-json\/wp\/v2\/users\/3"}],"replies":[{"embeddable":true,"href":"https:\/\/www.divingtangier.com\/es\/wp-json\/wp\/v2\/comments?post=5219"}],"version-history":[{"count":2,"href":"https:\/\/www.divingtangier.com\/es\/wp-json\/wp\/v2\/pages\/5219\/revisions"}],"predecessor-version":[{"id":5221,"href":"https:\/\/www.divingtangier.com\/es\/wp-json\/wp\/v2\/pages\/5219\/revisions\/5221"}],"wp:attachment":[{"href":"https:\/\/www.divingtangier.com\/es\/wp-json\/wp\/v2\/media?parent=5219"}],"curies":[{"name":"wp","href":"https:\/\/api.w.org\/{rel}","templated":true}]}}