{"id":5929,"date":"2019-02-05T09:24:11","date_gmt":"2019-02-05T09:24:11","guid":{"rendered":"https:\/\/www.divingtangier.com\/product\/tauchcomputer-uhr-fuer-das-handgelenk\/"},"modified":"2024-10-17T16:05:04","modified_gmt":"2024-10-17T16:05:04","slug":"tauchcomputer-uhr-fuer-das-handgelenk","status":"publish","type":"product","link":"https:\/\/www.divingtangier.com\/de\/product\/tauchcomputer-uhr-fuer-das-handgelenk\/","title":{"rendered":"Tauchcomputer-Uhr f\u00fcr das Handgelenk"},"content":{"rendered":"<h3>Wichtige Merkmale:<\/h3>\n<ul>\n<li><strong>Anpassbare Tauchmodi<\/strong>: W\u00e4hlen Sie zwischen Luft-, Nitrox- und Freitauchmodi, um Ihren Tauchstil anzupassen.<\/li>\n<li><strong>Daten in Echtzeit<\/strong>: Verfolgen Sie Ihre Tiefe, Tauchzeit, Aufstiegsgeschwindigkeit und Wassertemperatur sofort auf einem klaren, leicht ablesbaren Display.<\/li>\n<li><strong>Mehrere Gase<\/strong>: Unterst\u00fctzung f\u00fcr mehrere Gasgemische mit bis zu 3 Nitrox-Einstellungen f\u00fcr das technische Tauchen.<\/li>\n<li><strong>Dekompressionsinformationen<\/strong>: Bleiben Sie sicher mit visuellen Warnungen und Dekompressionsberechnungen, um Unf\u00e4lle zu vermeiden.<\/li>\n<li><strong>Langlebig und wasserdicht<\/strong>: Gebaut, um den h\u00e4rtesten Unterwasserbedingungen standzuhalten, mit einer Wasserfestigkeit von bis zu 100 Metern (330 Fu\u00df).<\/li>\n<li><strong>Drahtlose Konnektivit\u00e4t<\/strong>: Synchronisieren Sie Ihre Tauchg\u00e4nge drahtlos mit der Suunto App, um Ihre Tauchdaten zu \u00fcberpr\u00fcfen und Ihre Erfahrungen zu teilen.<\/li>\n<li><strong>Lange Batterielebensdauer<\/strong>: Tauchen Sie l\u00e4nger mit einer beeindruckenden Akkulaufzeit, die auch bei l\u00e4ngeren Ausfl\u00fcgen zuverl\u00e4ssig ist.<\/li>\n<\/ul>\n","protected":false},"excerpt":{"rendered":"<p><strong>Suunto Handgelenk-Tauchcomputeruhr &#8211; Ihr ultimativer Tauchbegleiter<\/strong><\/p>\n<p>Bringen Sie Ihr Taucherlebnis auf die n\u00e4chste Stufe mit der <strong>Suunto Tauchcomputeruhr f\u00fcr das Handgelenk<\/strong>. Dieser fortschrittliche Tauchcomputer wurde sowohl f\u00fcr Anf\u00e4nger als auch f\u00fcr erfahrene Taucher entwickelt und kombiniert modernste Technologie mit benutzerfreundlichen Funktionen, um ein sicheres und angenehmes Unterwasserabenteuer zu gew\u00e4hrleisten. <\/p>\n<h3><\/h3>\n","protected":false},"featured_media":4945,"comment_status":"open","ping_status":"closed","template":"","meta":{"_joinchat":[]},"product_brand":[],"product_cat":[360],"product_tag":[355,353,354],"class_list":{"0":"post-5929","1":"product","2":"type-product","3":"status-publish","4":"has-post-thumbnail","6":"product_cat-getriebe","7":"product_tag-getriebe","8":"product_tag-tauchen","9":"product_tag-tauchen-de","11":"first","12":"instock","13":"shipping-taxable","14":"product-type-simple"},"yoast_head":"<!-- This site is optimized with the Yoast SEO plugin v25.3.1 - https:\/\/yoast.com\/wordpress\/plugins\/seo\/ -->\n<title>Tauchcomputer-Uhr f\u00fcr das Handgelenk |<\/title>\n<meta name=\"robots\" content=\"index, follow, max-snippet:-1, max-image-preview:large, max-video-preview:-1\" \/>\n<link rel=\"canonical\" href=\"https:\/\/www.divingtangier.com\/de\/product\/tauchcomputer-uhr-fuer-das-handgelenk\/\" \/>\n<meta property=\"og:locale\" content=\"de_DE\" \/>\n<meta property=\"og:type\" content=\"article\" \/>\n<meta property=\"og:title\" content=\"Tauchcomputer-Uhr f\u00fcr das Handgelenk |\" \/>\n<meta property=\"og:description\" content=\"Suunto Handgelenk-Tauchcomputeruhr - Ihr ultimativer Tauchbegleiter Bringen Sie Ihr Taucherlebnis auf die n\u00e4chste Stufe mit der Suunto Tauchcomputeruhr f\u00fcr das Handgelenk. Dieser fortschrittliche Tauchcomputer wurde sowohl f\u00fcr Anf\u00e4nger als auch f\u00fcr erfahrene Taucher entwickelt und kombiniert modernste Technologie mit benutzerfreundlichen Funktionen, um ein sicheres und angenehmes Unterwasserabenteuer zu gew\u00e4hrleisten.\" \/>\n<meta property=\"og:url\" content=\"https:\/\/www.divingtangier.com\/de\/product\/tauchcomputer-uhr-fuer-das-handgelenk\/\" \/>\n<meta property=\"article:publisher\" content=\"https:\/\/www.facebook.com\/TMDCenter\" \/>\n<meta property=\"article:modified_time\" content=\"2024-10-17T16:05:04+00:00\" \/>\n<meta property=\"og:image\" content=\"https:\/\/www.divingtangier.com\/wp-content\/uploads\/2019\/02\/Wrist-Dive-Computer-Watch-SUNTO-Morroco-diving-equitment-for-sale-.jpg\" \/>\n\t<meta property=\"og:image:width\" content=\"1000\" \/>\n\t<meta property=\"og:image:height\" content=\"1000\" \/>\n\t<meta property=\"og:image:type\" content=\"image\/jpeg\" \/>\n<meta name=\"twitter:card\" content=\"summary_large_image\" \/>\n<meta name=\"twitter:label1\" content=\"Gesch\u00e4tzte Lesezeit\" \/>\n\t<meta name=\"twitter:data1\" content=\"1\u00a0Minute\" \/>\n<script type=\"application\/ld+json\" class=\"yoast-schema-graph\">{\"@context\":\"https:\/\/schema.org\",\"@graph\":[{\"@type\":\"WebPage\",\"@id\":\"https:\/\/www.divingtangier.com\/de\/product\/tauchcomputer-uhr-fuer-das-handgelenk\/\",\"url\":\"https:\/\/www.divingtangier.com\/de\/product\/tauchcomputer-uhr-fuer-das-handgelenk\/\",\"name\":\"Tauchcomputer-Uhr f\u00fcr das Handgelenk |\",\"isPartOf\":{\"@id\":\"https:\/\/www.divingtangier.com\/de\/#website\"},\"primaryImageOfPage\":{\"@id\":\"https:\/\/www.divingtangier.com\/de\/product\/tauchcomputer-uhr-fuer-das-handgelenk\/#primaryimage\"},\"image\":{\"@id\":\"https:\/\/www.divingtangier.com\/de\/product\/tauchcomputer-uhr-fuer-das-handgelenk\/#primaryimage\"},\"thumbnailUrl\":\"https:\/\/www.divingtangier.com\/wp-content\/uploads\/2019\/02\/Wrist-Dive-Computer-Watch-SUNTO-Morroco-diving-equitment-for-sale-.jpg\",\"datePublished\":\"2019-02-05T09:24:11+00:00\",\"dateModified\":\"2024-10-17T16:05:04+00:00\",\"breadcrumb\":{\"@id\":\"https:\/\/www.divingtangier.com\/de\/product\/tauchcomputer-uhr-fuer-das-handgelenk\/#breadcrumb\"},\"inLanguage\":\"de\",\"potentialAction\":[{\"@type\":\"ReadAction\",\"target\":[\"https:\/\/www.divingtangier.com\/de\/product\/tauchcomputer-uhr-fuer-das-handgelenk\/\"]}]},{\"@type\":\"ImageObject\",\"inLanguage\":\"de\",\"@id\":\"https:\/\/www.divingtangier.com\/de\/product\/tauchcomputer-uhr-fuer-das-handgelenk\/#primaryimage\",\"url\":\"https:\/\/www.divingtangier.com\/wp-content\/uploads\/2019\/02\/Wrist-Dive-Computer-Watch-SUNTO-Morroco-diving-equitment-for-sale-.jpg\",\"contentUrl\":\"https:\/\/www.divingtangier.com\/wp-content\/uploads\/2019\/02\/Wrist-Dive-Computer-Watch-SUNTO-Morroco-diving-equitment-for-sale-.jpg\",\"width\":1000,\"height\":1000},{\"@type\":\"BreadcrumbList\",\"@id\":\"https:\/\/www.divingtangier.com\/de\/product\/tauchcomputer-uhr-fuer-das-handgelenk\/#breadcrumb\",\"itemListElement\":[{\"@type\":\"ListItem\",\"position\":1,\"name\":\"Home\",\"item\":\"https:\/\/www.divingtangier.com\/de\/\"},{\"@type\":\"ListItem\",\"position\":2,\"name\":\"Shop\",\"item\":\"https:\/\/www.divingtangier.com\/shop\/\"},{\"@type\":\"ListItem\",\"position\":3,\"name\":\"Tauchcomputer-Uhr f\u00fcr das Handgelenk\"}]},{\"@type\":\"WebSite\",\"@id\":\"https:\/\/www.divingtangier.com\/de\/#website\",\"url\":\"https:\/\/www.divingtangier.com\/de\/\",\"name\":\"https:\/\/www.divingtangier.com\",\"description\":\"\",\"publisher\":{\"@id\":\"https:\/\/www.divingtangier.com\/de\/#organization\"},\"alternateName\":\"www.divingtangier.com\",\"potentialAction\":[{\"@type\":\"SearchAction\",\"target\":{\"@type\":\"EntryPoint\",\"urlTemplate\":\"https:\/\/www.divingtangier.com\/de\/?s={search_term_string}\"},\"query-input\":{\"@type\":\"PropertyValueSpecification\",\"valueRequired\":true,\"valueName\":\"search_term_string\"}}],\"inLanguage\":\"de\"},{\"@type\":\"Organization\",\"@id\":\"https:\/\/www.divingtangier.com\/de\/#organization\",\"name\":\"Tanger Med Diving Center\",\"url\":\"https:\/\/www.divingtangier.com\/de\/\",\"logo\":{\"@type\":\"ImageObject\",\"inLanguage\":\"de\",\"@id\":\"https:\/\/www.divingtangier.com\/de\/#\/schema\/logo\/image\/\",\"url\":\"https:\/\/www.divingtangier.com\/wp-content\/uploads\/2024\/10\/logo-Morroco-Diving-center-responsive.png\",\"contentUrl\":\"https:\/\/www.divingtangier.com\/wp-content\/uploads\/2024\/10\/logo-Morroco-Diving-center-responsive.png\",\"width\":640,\"height\":640,\"caption\":\"Tanger Med Diving Center\"},\"image\":{\"@id\":\"https:\/\/www.divingtangier.com\/de\/#\/schema\/logo\/image\/\"},\"sameAs\":[\"https:\/\/www.facebook.com\/TMDCenter\"]}]}<\/script>\n<!-- \/ Yoast SEO plugin. -->","yoast_head_json":{"title":"Tauchcomputer-Uhr f\u00fcr das Handgelenk |","robots":{"index":"index","follow":"follow","max-snippet":"max-snippet:-1","max-image-preview":"max-image-preview:large","max-video-preview":"max-video-preview:-1"},"canonical":"https:\/\/www.divingtangier.com\/de\/product\/tauchcomputer-uhr-fuer-das-handgelenk\/","og_locale":"de_DE","og_type":"article","og_title":"Tauchcomputer-Uhr f\u00fcr das Handgelenk |","og_description":"Suunto Handgelenk-Tauchcomputeruhr - Ihr ultimativer Tauchbegleiter Bringen Sie Ihr Taucherlebnis auf die n\u00e4chste Stufe mit der Suunto Tauchcomputeruhr f\u00fcr das Handgelenk. Dieser fortschrittliche Tauchcomputer wurde sowohl f\u00fcr Anf\u00e4nger als auch f\u00fcr erfahrene Taucher entwickelt und kombiniert modernste Technologie mit benutzerfreundlichen Funktionen, um ein sicheres und angenehmes Unterwasserabenteuer zu gew\u00e4hrleisten.","og_url":"https:\/\/www.divingtangier.com\/de\/product\/tauchcomputer-uhr-fuer-das-handgelenk\/","article_publisher":"https:\/\/www.facebook.com\/TMDCenter","article_modified_time":"2024-10-17T16:05:04+00:00","og_image":[{"width":1000,"height":1000,"url":"https:\/\/www.divingtangier.com\/wp-content\/uploads\/2019\/02\/Wrist-Dive-Computer-Watch-SUNTO-Morroco-diving-equitment-for-sale-.jpg","type":"image\/jpeg"}],"twitter_card":"summary_large_image","twitter_misc":{"Gesch\u00e4tzte Lesezeit":"1\u00a0Minute"},"schema":{"@context":"https:\/\/schema.org","@graph":[{"@type":"WebPage","@id":"https:\/\/www.divingtangier.com\/de\/product\/tauchcomputer-uhr-fuer-das-handgelenk\/","url":"https:\/\/www.divingtangier.com\/de\/product\/tauchcomputer-uhr-fuer-das-handgelenk\/","name":"Tauchcomputer-Uhr f\u00fcr das Handgelenk |","isPartOf":{"@id":"https:\/\/www.divingtangier.com\/de\/#website"},"primaryImageOfPage":{"@id":"https:\/\/www.divingtangier.com\/de\/product\/tauchcomputer-uhr-fuer-das-handgelenk\/#primaryimage"},"image":{"@id":"https:\/\/www.divingtangier.com\/de\/product\/tauchcomputer-uhr-fuer-das-handgelenk\/#primaryimage"},"thumbnailUrl":"https:\/\/www.divingtangier.com\/wp-content\/uploads\/2019\/02\/Wrist-Dive-Computer-Watch-SUNTO-Morroco-diving-equitment-for-sale-.jpg","datePublished":"2019-02-05T09:24:11+00:00","dateModified":"2024-10-17T16:05:04+00:00","breadcrumb":{"@id":"https:\/\/www.divingtangier.com\/de\/product\/tauchcomputer-uhr-fuer-das-handgelenk\/#breadcrumb"},"inLanguage":"de","potentialAction":[{"@type":"ReadAction","target":["https:\/\/www.divingtangier.com\/de\/product\/tauchcomputer-uhr-fuer-das-handgelenk\/"]}]},{"@type":"ImageObject","inLanguage":"de","@id":"https:\/\/www.divingtangier.com\/de\/product\/tauchcomputer-uhr-fuer-das-handgelenk\/#primaryimage","url":"https:\/\/www.divingtangier.com\/wp-content\/uploads\/2019\/02\/Wrist-Dive-Computer-Watch-SUNTO-Morroco-diving-equitment-for-sale-.jpg","contentUrl":"https:\/\/www.divingtangier.com\/wp-content\/uploads\/2019\/02\/Wrist-Dive-Computer-Watch-SUNTO-Morroco-diving-equitment-for-sale-.jpg","width":1000,"height":1000},{"@type":"BreadcrumbList","@id":"https:\/\/www.divingtangier.com\/de\/product\/tauchcomputer-uhr-fuer-das-handgelenk\/#breadcrumb","itemListElement":[{"@type":"ListItem","position":1,"name":"Home","item":"https:\/\/www.divingtangier.com\/de\/"},{"@type":"ListItem","position":2,"name":"Shop","item":"https:\/\/www.divingtangier.com\/shop\/"},{"@type":"ListItem","position":3,"name":"Tauchcomputer-Uhr f\u00fcr das Handgelenk"}]},{"@type":"WebSite","@id":"https:\/\/www.divingtangier.com\/de\/#website","url":"https:\/\/www.divingtangier.com\/de\/","name":"https:\/\/www.divingtangier.com","description":"","publisher":{"@id":"https:\/\/www.divingtangier.com\/de\/#organization"},"alternateName":"www.divingtangier.com","potentialAction":[{"@type":"SearchAction","target":{"@type":"EntryPoint","urlTemplate":"https:\/\/www.divingtangier.com\/de\/?s={search_term_string}"},"query-input":{"@type":"PropertyValueSpecification","valueRequired":true,"valueName":"search_term_string"}}],"inLanguage":"de"},{"@type":"Organization","@id":"https:\/\/www.divingtangier.com\/de\/#organization","name":"Tanger Med Diving Center","url":"https:\/\/www.divingtangier.com\/de\/","logo":{"@type":"ImageObject","inLanguage":"de","@id":"https:\/\/www.divingtangier.com\/de\/#\/schema\/logo\/image\/","url":"https:\/\/www.divingtangier.com\/wp-content\/uploads\/2024\/10\/logo-Morroco-Diving-center-responsive.png","contentUrl":"https:\/\/www.divingtangier.com\/wp-content\/uploads\/2024\/10\/logo-Morroco-Diving-center-responsive.png","width":640,"height":640,"caption":"Tanger Med Diving Center"},"image":{"@id":"https:\/\/www.divingtangier.com\/de\/#\/schema\/logo\/image\/"},"sameAs":["https:\/\/www.facebook.com\/TMDCenter"]}]}},"_links":{"self":[{"href":"https:\/\/www.divingtangier.com\/de\/wp-json\/wp\/v2\/product\/5929","targetHints":{"allow":["GET"]}}],"collection":[{"href":"https:\/\/www.divingtangier.com\/de\/wp-json\/wp\/v2\/product"}],"about":[{"href":"https:\/\/www.divingtangier.com\/de\/wp-json\/wp\/v2\/types\/product"}],"replies":[{"embeddable":true,"href":"https:\/\/www.divingtangier.com\/de\/wp-json\/wp\/v2\/comments?post=5929"}],"wp:featuredmedia":[{"embeddable":true,"href":"https:\/\/www.divingtangier.com\/de\/wp-json\/wp\/v2\/media\/4945"}],"wp:attachment":[{"href":"https:\/\/www.divingtangier.com\/de\/wp-json\/wp\/v2\/media?parent=5929"}],"wp:term":[{"taxonomy":"product_brand","embeddable":true,"href":"https:\/\/www.divingtangier.com\/de\/wp-json\/wp\/v2\/product_brand?post=5929"},{"taxonomy":"product_cat","embeddable":true,"href":"https:\/\/www.divingtangier.com\/de\/wp-json\/wp\/v2\/product_cat?post=5929"},{"taxonomy":"product_tag","embeddable":true,"href":"https:\/\/www.divingtangier.com\/de\/wp-json\/wp\/v2\/product_tag?post=5929"}],"curies":[{"name":"wp","href":"https:\/\/api.w.org\/{rel}","templated":true}]}}