{"id":5913,"date":"2019-02-05T10:09:26","date_gmt":"2019-02-05T10:09:26","guid":{"rendered":"https:\/\/www.divingtangier.com\/product\/gopro-hero5-und-session-tauchmaske\/"},"modified":"2024-10-17T16:06:24","modified_gmt":"2024-10-17T16:06:24","slug":"gopro-hero5-und-session-tauchmaske","status":"publish","type":"product","link":"https:\/\/www.divingtangier.com\/de\/product\/gopro-hero5-und-session-tauchmaske\/","title":{"rendered":"GoPro Hero5 und Session-Tauchmaske"},"content":{"rendered":"<p>Halten Sie Ihre Unterwasserabenteuer mit der <strong>GoPro Hero5 Tauchmaske<\/strong> ganz einfach fest. Diese speziell entwickelte Maske h\u00e4lt Ihre GoPro Hero5 Kamera sicher fest und erm\u00f6glicht es Ihnen, beim Tauchen oder Schnorcheln freih\u00e4ndig zu filmen. Das Glas aus geh\u00e4rtetem Glas sorgt f\u00fcr eine klare Sicht, und der bequeme Silikonrand bietet einen bequemen, auslaufsicheren Sitz.  <\/p>\n<h4><strong>Wichtige Merkmale:<\/strong><\/h4>\n<ul>\n<li><strong>GoPro Hero5-kompatibel<\/strong>: Eingebaute Halterung f\u00fcr einfache Befestigung.<\/li>\n<li><strong>Weitwinkellinse<\/strong>: Geh\u00e4rtetes Glas f\u00fcr Klarheit und Haltbarkeit.<\/li>\n<li><strong>Auslaufsicherer Sitz<\/strong>: Das weiche, verstellbare Silikonband sorgt f\u00fcr Komfort und Sicherheit.<\/li>\n<li><strong>Freih\u00e4ndiges Filmen<\/strong>: Perfekt f\u00fcr die Aufnahme von Unterwasseraufnahmen ohne Ablenkung.<\/li>\n<\/ul>\n","protected":false},"excerpt":{"rendered":"<p>Die <strong>GoPro Hero5 Tauchmaske<\/strong> erm\u00f6glicht freih\u00e4ndiges Filmen beim Tauchen oder Schnorcheln. Mit einer integrierten Halterung f\u00fcr Ihre GoPro Hero5, geh\u00e4rtetem Glas f\u00fcr klare Sicht und einer bequemen, auslaufsicheren Silikonpassform ist diese Maske perfekt, um Ihre Unterwassererlebnisse festzuhalten. <\/p>\n","protected":false},"featured_media":5061,"comment_status":"open","ping_status":"closed","template":"","meta":{"_joinchat":[]},"product_brand":[],"product_cat":[339],"product_tag":[309,313,311],"class_list":{"0":"post-5913","1":"product","2":"type-product","3":"status-publish","4":"has-post-thumbnail","6":"product_cat-foto-video-de","7":"product_tag-artikel","8":"product_tag-schwimmen","9":"product_tag-sport-de","11":"first","12":"instock","13":"shipping-taxable","14":"product-type-simple"},"yoast_head":"<!-- This site is optimized with the Yoast SEO plugin v25.3.1 - https:\/\/yoast.com\/wordpress\/plugins\/seo\/ -->\n<title>GoPro Hero5 und Session-Tauchmaske |<\/title>\n<meta name=\"robots\" content=\"index, follow, max-snippet:-1, max-image-preview:large, max-video-preview:-1\" \/>\n<link rel=\"canonical\" href=\"https:\/\/www.divingtangier.com\/de\/product\/gopro-hero5-und-session-tauchmaske\/\" \/>\n<meta property=\"og:locale\" content=\"de_DE\" \/>\n<meta property=\"og:type\" content=\"article\" \/>\n<meta property=\"og:title\" content=\"GoPro Hero5 und Session-Tauchmaske |\" \/>\n<meta property=\"og:description\" content=\"Die GoPro Hero5 Tauchmaske erm\u00f6glicht freih\u00e4ndiges Filmen beim Tauchen oder Schnorcheln. Mit einer integrierten Halterung f\u00fcr Ihre GoPro Hero5, geh\u00e4rtetem Glas f\u00fcr klare Sicht und einer bequemen, auslaufsicheren Silikonpassform ist diese Maske perfekt, um Ihre Unterwassererlebnisse festzuhalten.\" \/>\n<meta property=\"og:url\" content=\"https:\/\/www.divingtangier.com\/de\/product\/gopro-hero5-und-session-tauchmaske\/\" \/>\n<meta property=\"article:publisher\" content=\"https:\/\/www.facebook.com\/TMDCenter\" \/>\n<meta property=\"article:modified_time\" content=\"2024-10-17T16:06:24+00:00\" \/>\n<meta property=\"og:image\" content=\"https:\/\/www.divingtangier.com\/wp-content\/uploads\/2019\/02\/GoPro-Hero5-and-Session-Dive-Mask.jpg\" \/>\n\t<meta property=\"og:image:width\" content=\"1000\" \/>\n\t<meta property=\"og:image:height\" content=\"1000\" \/>\n\t<meta property=\"og:image:type\" content=\"image\/jpeg\" \/>\n<meta name=\"twitter:card\" content=\"summary_large_image\" \/>\n<meta name=\"twitter:label1\" content=\"Gesch\u00e4tzte Lesezeit\" \/>\n\t<meta name=\"twitter:data1\" content=\"1\u00a0Minute\" \/>\n<script type=\"application\/ld+json\" class=\"yoast-schema-graph\">{\"@context\":\"https:\/\/schema.org\",\"@graph\":[{\"@type\":\"WebPage\",\"@id\":\"https:\/\/www.divingtangier.com\/de\/product\/gopro-hero5-und-session-tauchmaske\/\",\"url\":\"https:\/\/www.divingtangier.com\/de\/product\/gopro-hero5-und-session-tauchmaske\/\",\"name\":\"GoPro Hero5 und Session-Tauchmaske |\",\"isPartOf\":{\"@id\":\"https:\/\/www.divingtangier.com\/de\/#website\"},\"primaryImageOfPage\":{\"@id\":\"https:\/\/www.divingtangier.com\/de\/product\/gopro-hero5-und-session-tauchmaske\/#primaryimage\"},\"image\":{\"@id\":\"https:\/\/www.divingtangier.com\/de\/product\/gopro-hero5-und-session-tauchmaske\/#primaryimage\"},\"thumbnailUrl\":\"https:\/\/www.divingtangier.com\/wp-content\/uploads\/2019\/02\/GoPro-Hero5-and-Session-Dive-Mask.jpg\",\"datePublished\":\"2019-02-05T10:09:26+00:00\",\"dateModified\":\"2024-10-17T16:06:24+00:00\",\"breadcrumb\":{\"@id\":\"https:\/\/www.divingtangier.com\/de\/product\/gopro-hero5-und-session-tauchmaske\/#breadcrumb\"},\"inLanguage\":\"de\",\"potentialAction\":[{\"@type\":\"ReadAction\",\"target\":[\"https:\/\/www.divingtangier.com\/de\/product\/gopro-hero5-und-session-tauchmaske\/\"]}]},{\"@type\":\"ImageObject\",\"inLanguage\":\"de\",\"@id\":\"https:\/\/www.divingtangier.com\/de\/product\/gopro-hero5-und-session-tauchmaske\/#primaryimage\",\"url\":\"https:\/\/www.divingtangier.com\/wp-content\/uploads\/2019\/02\/GoPro-Hero5-and-Session-Dive-Mask.jpg\",\"contentUrl\":\"https:\/\/www.divingtangier.com\/wp-content\/uploads\/2019\/02\/GoPro-Hero5-and-Session-Dive-Mask.jpg\",\"width\":1000,\"height\":1000},{\"@type\":\"BreadcrumbList\",\"@id\":\"https:\/\/www.divingtangier.com\/de\/product\/gopro-hero5-und-session-tauchmaske\/#breadcrumb\",\"itemListElement\":[{\"@type\":\"ListItem\",\"position\":1,\"name\":\"Home\",\"item\":\"https:\/\/www.divingtangier.com\/de\/\"},{\"@type\":\"ListItem\",\"position\":2,\"name\":\"Shop\",\"item\":\"https:\/\/www.divingtangier.com\/shop\/\"},{\"@type\":\"ListItem\",\"position\":3,\"name\":\"GoPro Hero5 und Session-Tauchmaske\"}]},{\"@type\":\"WebSite\",\"@id\":\"https:\/\/www.divingtangier.com\/de\/#website\",\"url\":\"https:\/\/www.divingtangier.com\/de\/\",\"name\":\"https:\/\/www.divingtangier.com\",\"description\":\"\",\"publisher\":{\"@id\":\"https:\/\/www.divingtangier.com\/de\/#organization\"},\"alternateName\":\"www.divingtangier.com\",\"potentialAction\":[{\"@type\":\"SearchAction\",\"target\":{\"@type\":\"EntryPoint\",\"urlTemplate\":\"https:\/\/www.divingtangier.com\/de\/?s={search_term_string}\"},\"query-input\":{\"@type\":\"PropertyValueSpecification\",\"valueRequired\":true,\"valueName\":\"search_term_string\"}}],\"inLanguage\":\"de\"},{\"@type\":\"Organization\",\"@id\":\"https:\/\/www.divingtangier.com\/de\/#organization\",\"name\":\"Tanger Med Diving Center\",\"url\":\"https:\/\/www.divingtangier.com\/de\/\",\"logo\":{\"@type\":\"ImageObject\",\"inLanguage\":\"de\",\"@id\":\"https:\/\/www.divingtangier.com\/de\/#\/schema\/logo\/image\/\",\"url\":\"https:\/\/www.divingtangier.com\/wp-content\/uploads\/2024\/10\/logo-Morroco-Diving-center-responsive.png\",\"contentUrl\":\"https:\/\/www.divingtangier.com\/wp-content\/uploads\/2024\/10\/logo-Morroco-Diving-center-responsive.png\",\"width\":640,\"height\":640,\"caption\":\"Tanger Med Diving Center\"},\"image\":{\"@id\":\"https:\/\/www.divingtangier.com\/de\/#\/schema\/logo\/image\/\"},\"sameAs\":[\"https:\/\/www.facebook.com\/TMDCenter\"]}]}<\/script>\n<!-- \/ Yoast SEO plugin. -->","yoast_head_json":{"title":"GoPro Hero5 und Session-Tauchmaske |","robots":{"index":"index","follow":"follow","max-snippet":"max-snippet:-1","max-image-preview":"max-image-preview:large","max-video-preview":"max-video-preview:-1"},"canonical":"https:\/\/www.divingtangier.com\/de\/product\/gopro-hero5-und-session-tauchmaske\/","og_locale":"de_DE","og_type":"article","og_title":"GoPro Hero5 und Session-Tauchmaske |","og_description":"Die GoPro Hero5 Tauchmaske erm\u00f6glicht freih\u00e4ndiges Filmen beim Tauchen oder Schnorcheln. Mit einer integrierten Halterung f\u00fcr Ihre GoPro Hero5, geh\u00e4rtetem Glas f\u00fcr klare Sicht und einer bequemen, auslaufsicheren Silikonpassform ist diese Maske perfekt, um Ihre Unterwassererlebnisse festzuhalten.","og_url":"https:\/\/www.divingtangier.com\/de\/product\/gopro-hero5-und-session-tauchmaske\/","article_publisher":"https:\/\/www.facebook.com\/TMDCenter","article_modified_time":"2024-10-17T16:06:24+00:00","og_image":[{"width":1000,"height":1000,"url":"https:\/\/www.divingtangier.com\/wp-content\/uploads\/2019\/02\/GoPro-Hero5-and-Session-Dive-Mask.jpg","type":"image\/jpeg"}],"twitter_card":"summary_large_image","twitter_misc":{"Gesch\u00e4tzte Lesezeit":"1\u00a0Minute"},"schema":{"@context":"https:\/\/schema.org","@graph":[{"@type":"WebPage","@id":"https:\/\/www.divingtangier.com\/de\/product\/gopro-hero5-und-session-tauchmaske\/","url":"https:\/\/www.divingtangier.com\/de\/product\/gopro-hero5-und-session-tauchmaske\/","name":"GoPro Hero5 und Session-Tauchmaske |","isPartOf":{"@id":"https:\/\/www.divingtangier.com\/de\/#website"},"primaryImageOfPage":{"@id":"https:\/\/www.divingtangier.com\/de\/product\/gopro-hero5-und-session-tauchmaske\/#primaryimage"},"image":{"@id":"https:\/\/www.divingtangier.com\/de\/product\/gopro-hero5-und-session-tauchmaske\/#primaryimage"},"thumbnailUrl":"https:\/\/www.divingtangier.com\/wp-content\/uploads\/2019\/02\/GoPro-Hero5-and-Session-Dive-Mask.jpg","datePublished":"2019-02-05T10:09:26+00:00","dateModified":"2024-10-17T16:06:24+00:00","breadcrumb":{"@id":"https:\/\/www.divingtangier.com\/de\/product\/gopro-hero5-und-session-tauchmaske\/#breadcrumb"},"inLanguage":"de","potentialAction":[{"@type":"ReadAction","target":["https:\/\/www.divingtangier.com\/de\/product\/gopro-hero5-und-session-tauchmaske\/"]}]},{"@type":"ImageObject","inLanguage":"de","@id":"https:\/\/www.divingtangier.com\/de\/product\/gopro-hero5-und-session-tauchmaske\/#primaryimage","url":"https:\/\/www.divingtangier.com\/wp-content\/uploads\/2019\/02\/GoPro-Hero5-and-Session-Dive-Mask.jpg","contentUrl":"https:\/\/www.divingtangier.com\/wp-content\/uploads\/2019\/02\/GoPro-Hero5-and-Session-Dive-Mask.jpg","width":1000,"height":1000},{"@type":"BreadcrumbList","@id":"https:\/\/www.divingtangier.com\/de\/product\/gopro-hero5-und-session-tauchmaske\/#breadcrumb","itemListElement":[{"@type":"ListItem","position":1,"name":"Home","item":"https:\/\/www.divingtangier.com\/de\/"},{"@type":"ListItem","position":2,"name":"Shop","item":"https:\/\/www.divingtangier.com\/shop\/"},{"@type":"ListItem","position":3,"name":"GoPro Hero5 und Session-Tauchmaske"}]},{"@type":"WebSite","@id":"https:\/\/www.divingtangier.com\/de\/#website","url":"https:\/\/www.divingtangier.com\/de\/","name":"https:\/\/www.divingtangier.com","description":"","publisher":{"@id":"https:\/\/www.divingtangier.com\/de\/#organization"},"alternateName":"www.divingtangier.com","potentialAction":[{"@type":"SearchAction","target":{"@type":"EntryPoint","urlTemplate":"https:\/\/www.divingtangier.com\/de\/?s={search_term_string}"},"query-input":{"@type":"PropertyValueSpecification","valueRequired":true,"valueName":"search_term_string"}}],"inLanguage":"de"},{"@type":"Organization","@id":"https:\/\/www.divingtangier.com\/de\/#organization","name":"Tanger Med Diving Center","url":"https:\/\/www.divingtangier.com\/de\/","logo":{"@type":"ImageObject","inLanguage":"de","@id":"https:\/\/www.divingtangier.com\/de\/#\/schema\/logo\/image\/","url":"https:\/\/www.divingtangier.com\/wp-content\/uploads\/2024\/10\/logo-Morroco-Diving-center-responsive.png","contentUrl":"https:\/\/www.divingtangier.com\/wp-content\/uploads\/2024\/10\/logo-Morroco-Diving-center-responsive.png","width":640,"height":640,"caption":"Tanger Med Diving Center"},"image":{"@id":"https:\/\/www.divingtangier.com\/de\/#\/schema\/logo\/image\/"},"sameAs":["https:\/\/www.facebook.com\/TMDCenter"]}]}},"_links":{"self":[{"href":"https:\/\/www.divingtangier.com\/de\/wp-json\/wp\/v2\/product\/5913","targetHints":{"allow":["GET"]}}],"collection":[{"href":"https:\/\/www.divingtangier.com\/de\/wp-json\/wp\/v2\/product"}],"about":[{"href":"https:\/\/www.divingtangier.com\/de\/wp-json\/wp\/v2\/types\/product"}],"replies":[{"embeddable":true,"href":"https:\/\/www.divingtangier.com\/de\/wp-json\/wp\/v2\/comments?post=5913"}],"wp:featuredmedia":[{"embeddable":true,"href":"https:\/\/www.divingtangier.com\/de\/wp-json\/wp\/v2\/media\/5061"}],"wp:attachment":[{"href":"https:\/\/www.divingtangier.com\/de\/wp-json\/wp\/v2\/media?parent=5913"}],"wp:term":[{"taxonomy":"product_brand","embeddable":true,"href":"https:\/\/www.divingtangier.com\/de\/wp-json\/wp\/v2\/product_brand?post=5913"},{"taxonomy":"product_cat","embeddable":true,"href":"https:\/\/www.divingtangier.com\/de\/wp-json\/wp\/v2\/product_cat?post=5913"},{"taxonomy":"product_tag","embeddable":true,"href":"https:\/\/www.divingtangier.com\/de\/wp-json\/wp\/v2\/product_tag?post=5913"}],"curies":[{"name":"wp","href":"https:\/\/api.w.org\/{rel}","templated":true}]}}