{"id":5905,"date":"2019-02-05T10:21:18","date_gmt":"2019-02-05T10:21:18","guid":{"rendered":"https:\/\/www.divingtangier.com\/product\/tauchen-maske-schnorchel-set\/"},"modified":"2024-10-17T16:05:31","modified_gmt":"2024-10-17T16:05:31","slug":"tauchen-maske-schnorchel-set","status":"publish","type":"product","link":"https:\/\/www.divingtangier.com\/de\/product\/tauchen-maske-schnorchel-set\/","title":{"rendered":"Tauchen Maske Schnorchel Set"},"content":{"rendered":"<p>Entdecken Sie die Sch\u00f6nheit der Unterwasserwelt mit unserem hochwertigen <strong>Scuba Diving Mask &amp; Snorkel Set<\/strong>. Dieses Set wurde sowohl f\u00fcr Anf\u00e4nger als auch f\u00fcr erfahrene Taucher entwickelt und bietet maximalen Komfort, Sicherheit und eine klare Sicht auf Ihre Umgebung. <\/p>\n<h3><strong>Wichtige Merkmale:<\/strong><\/h3>\n<ul>\n<li><strong>Kristallklare Sicht<\/strong>: Die Maske verf\u00fcgt \u00fcber ein breites, geh\u00e4rtetes Glasobjektiv, das einen verzerrungsfreien Panoramablick auf die Unterwasserlandschaft gew\u00e4hrleistet.<\/li>\n<li><strong>Bequemer Sitz<\/strong>: Die aus weichem, hypoallergenem Silikon gefertigte Maske bietet mit ihrem Rand und dem verstellbaren Band eine sichere, auslaufsichere Abdichtung ohne Druck oder Unbehagen.<\/li>\n<li><strong>Dry-Top Schnorchel Technologie<\/strong>: Der Schnorchel ist mit einem Dry-Top-System ausgestattet, das verhindert, dass Wasser eindringt, selbst wenn er untergetaucht ist, so dass Sie leicht und sicher atmen k\u00f6nnen.<\/li>\n<li><strong>Ergonomisches Design<\/strong>: Das Mundst\u00fcck des Schnorchels ist aus flexiblem, lebensmittelechtem Silikon gefertigt, das auch bei l\u00e4ngerem Gebrauch bequem sitzt.<\/li>\n<li><strong>Einfach zu benutzen<\/strong>: Dieses leichte und einfach einzustellende Set ist sowohl f\u00fcr Anf\u00e4nger als auch f\u00fcr fortgeschrittene Taucher geeignet und bietet schnelle und sichere Einstellungen f\u00fcr unterwegs.<\/li>\n<\/ul>\n<h3><strong>Warum sollten Sie dieses Set w\u00e4hlen?<\/strong><\/h3>\n<p>Unser <strong>Tauchmasken- und Schnorchelset<\/strong> ist f\u00fcr Abenteuer gemacht. Ganz gleich, ob Sie in flachen Gew\u00e4ssern schnorcheln oder in die Tiefe tauchen, Sie k\u00f6nnen sich darauf verlassen, dass dieses Set eine au\u00dfergew\u00f6hnliche Leistung bietet. Die fortschrittliche Dry-Top-Technologie h\u00e4lt Ihren Schnorchel frei von Wasser, und das beschlagfreie Glas erm\u00f6glicht Ihnen eine kristallklare Sicht ohne Unterbrechung. Der Schnorchel ist langlebig, leicht zu tragen und f\u00fcr alle K\u00f6nnerstufen geeignet.   <\/p>\n","protected":false},"excerpt":{"rendered":"<p>Tauchen Sie ein in Komfort und Klarheit mit unserem Scuba Diving Mask &amp; Snorkel Set. Mit einer Maske aus geh\u00e4rtetem Glas mit breiter Sicht, einem verstellbaren Silikonband und einem Trockenschnorchel, der das Eindringen von Wasser verhindert, ist dieses Set perfekt f\u00fcr alle K\u00f6nnerstufen. Genie\u00dfen Sie einen auslaufsicheren Sitz und leichtes Atmen f\u00fcr ein sicheres und unterhaltsames Unterwasserabenteuer.  <\/p>\n","protected":false},"featured_media":5049,"comment_status":"open","ping_status":"closed","template":"","meta":{"_joinchat":[]},"product_brand":[],"product_cat":[308],"product_tag":[309,313,311],"class_list":{"0":"post-5905","1":"product","2":"type-product","3":"status-publish","4":"has-post-thumbnail","6":"product_cat-masken","7":"product_tag-artikel","8":"product_tag-schwimmen","9":"product_tag-sport-de","11":"first","12":"instock","13":"shipping-taxable","14":"product-type-simple"},"yoast_head":"<!-- This site is optimized with the Yoast SEO plugin v25.3.1 - https:\/\/yoast.com\/wordpress\/plugins\/seo\/ -->\n<title>Tauchen Maske Schnorchel Set |<\/title>\n<meta name=\"robots\" content=\"index, follow, max-snippet:-1, max-image-preview:large, max-video-preview:-1\" \/>\n<link rel=\"canonical\" href=\"https:\/\/www.divingtangier.com\/de\/product\/tauchen-maske-schnorchel-set\/\" \/>\n<meta property=\"og:locale\" content=\"de_DE\" \/>\n<meta property=\"og:type\" content=\"article\" \/>\n<meta property=\"og:title\" content=\"Tauchen Maske Schnorchel Set |\" \/>\n<meta property=\"og:description\" content=\"Tauchen Sie ein in Komfort und Klarheit mit unserem Scuba Diving Mask &amp; Snorkel Set. Mit einer Maske aus geh\u00e4rtetem Glas mit breiter Sicht, einem verstellbaren Silikonband und einem Trockenschnorchel, der das Eindringen von Wasser verhindert, ist dieses Set perfekt f\u00fcr alle K\u00f6nnerstufen. Genie\u00dfen Sie einen auslaufsicheren Sitz und leichtes Atmen f\u00fcr ein sicheres und unterhaltsames Unterwasserabenteuer.\" \/>\n<meta property=\"og:url\" content=\"https:\/\/www.divingtangier.com\/de\/product\/tauchen-maske-schnorchel-set\/\" \/>\n<meta property=\"article:publisher\" content=\"https:\/\/www.facebook.com\/TMDCenter\" \/>\n<meta property=\"article:modified_time\" content=\"2024-10-17T16:05:31+00:00\" \/>\n<meta property=\"og:image\" content=\"https:\/\/www.divingtangier.com\/wp-content\/uploads\/2019\/02\/Scuba-Diving-Mask-Snorkel-Set.jpg\" \/>\n\t<meta property=\"og:image:width\" content=\"1000\" \/>\n\t<meta property=\"og:image:height\" content=\"1000\" \/>\n\t<meta property=\"og:image:type\" content=\"image\/jpeg\" \/>\n<meta name=\"twitter:card\" content=\"summary_large_image\" \/>\n<meta name=\"twitter:label1\" content=\"Gesch\u00e4tzte Lesezeit\" \/>\n\t<meta name=\"twitter:data1\" content=\"1\u00a0Minute\" \/>\n<script type=\"application\/ld+json\" class=\"yoast-schema-graph\">{\"@context\":\"https:\/\/schema.org\",\"@graph\":[{\"@type\":\"WebPage\",\"@id\":\"https:\/\/www.divingtangier.com\/de\/product\/tauchen-maske-schnorchel-set\/\",\"url\":\"https:\/\/www.divingtangier.com\/de\/product\/tauchen-maske-schnorchel-set\/\",\"name\":\"Tauchen Maske Schnorchel Set |\",\"isPartOf\":{\"@id\":\"https:\/\/www.divingtangier.com\/de\/#website\"},\"primaryImageOfPage\":{\"@id\":\"https:\/\/www.divingtangier.com\/de\/product\/tauchen-maske-schnorchel-set\/#primaryimage\"},\"image\":{\"@id\":\"https:\/\/www.divingtangier.com\/de\/product\/tauchen-maske-schnorchel-set\/#primaryimage\"},\"thumbnailUrl\":\"https:\/\/www.divingtangier.com\/wp-content\/uploads\/2019\/02\/Scuba-Diving-Mask-Snorkel-Set.jpg\",\"datePublished\":\"2019-02-05T10:21:18+00:00\",\"dateModified\":\"2024-10-17T16:05:31+00:00\",\"breadcrumb\":{\"@id\":\"https:\/\/www.divingtangier.com\/de\/product\/tauchen-maske-schnorchel-set\/#breadcrumb\"},\"inLanguage\":\"de\",\"potentialAction\":[{\"@type\":\"ReadAction\",\"target\":[\"https:\/\/www.divingtangier.com\/de\/product\/tauchen-maske-schnorchel-set\/\"]}]},{\"@type\":\"ImageObject\",\"inLanguage\":\"de\",\"@id\":\"https:\/\/www.divingtangier.com\/de\/product\/tauchen-maske-schnorchel-set\/#primaryimage\",\"url\":\"https:\/\/www.divingtangier.com\/wp-content\/uploads\/2019\/02\/Scuba-Diving-Mask-Snorkel-Set.jpg\",\"contentUrl\":\"https:\/\/www.divingtangier.com\/wp-content\/uploads\/2019\/02\/Scuba-Diving-Mask-Snorkel-Set.jpg\",\"width\":1000,\"height\":1000},{\"@type\":\"BreadcrumbList\",\"@id\":\"https:\/\/www.divingtangier.com\/de\/product\/tauchen-maske-schnorchel-set\/#breadcrumb\",\"itemListElement\":[{\"@type\":\"ListItem\",\"position\":1,\"name\":\"Home\",\"item\":\"https:\/\/www.divingtangier.com\/de\/\"},{\"@type\":\"ListItem\",\"position\":2,\"name\":\"Shop\",\"item\":\"https:\/\/www.divingtangier.com\/shop\/\"},{\"@type\":\"ListItem\",\"position\":3,\"name\":\"Tauchen Maske Schnorchel Set\"}]},{\"@type\":\"WebSite\",\"@id\":\"https:\/\/www.divingtangier.com\/de\/#website\",\"url\":\"https:\/\/www.divingtangier.com\/de\/\",\"name\":\"https:\/\/www.divingtangier.com\",\"description\":\"\",\"publisher\":{\"@id\":\"https:\/\/www.divingtangier.com\/de\/#organization\"},\"alternateName\":\"www.divingtangier.com\",\"potentialAction\":[{\"@type\":\"SearchAction\",\"target\":{\"@type\":\"EntryPoint\",\"urlTemplate\":\"https:\/\/www.divingtangier.com\/de\/?s={search_term_string}\"},\"query-input\":{\"@type\":\"PropertyValueSpecification\",\"valueRequired\":true,\"valueName\":\"search_term_string\"}}],\"inLanguage\":\"de\"},{\"@type\":\"Organization\",\"@id\":\"https:\/\/www.divingtangier.com\/de\/#organization\",\"name\":\"Tanger Med Diving Center\",\"url\":\"https:\/\/www.divingtangier.com\/de\/\",\"logo\":{\"@type\":\"ImageObject\",\"inLanguage\":\"de\",\"@id\":\"https:\/\/www.divingtangier.com\/de\/#\/schema\/logo\/image\/\",\"url\":\"https:\/\/www.divingtangier.com\/wp-content\/uploads\/2024\/10\/logo-Morroco-Diving-center-responsive.png\",\"contentUrl\":\"https:\/\/www.divingtangier.com\/wp-content\/uploads\/2024\/10\/logo-Morroco-Diving-center-responsive.png\",\"width\":640,\"height\":640,\"caption\":\"Tanger Med Diving Center\"},\"image\":{\"@id\":\"https:\/\/www.divingtangier.com\/de\/#\/schema\/logo\/image\/\"},\"sameAs\":[\"https:\/\/www.facebook.com\/TMDCenter\"]}]}<\/script>\n<!-- \/ Yoast SEO plugin. -->","yoast_head_json":{"title":"Tauchen Maske Schnorchel Set |","robots":{"index":"index","follow":"follow","max-snippet":"max-snippet:-1","max-image-preview":"max-image-preview:large","max-video-preview":"max-video-preview:-1"},"canonical":"https:\/\/www.divingtangier.com\/de\/product\/tauchen-maske-schnorchel-set\/","og_locale":"de_DE","og_type":"article","og_title":"Tauchen Maske Schnorchel Set |","og_description":"Tauchen Sie ein in Komfort und Klarheit mit unserem Scuba Diving Mask &amp; Snorkel Set. Mit einer Maske aus geh\u00e4rtetem Glas mit breiter Sicht, einem verstellbaren Silikonband und einem Trockenschnorchel, der das Eindringen von Wasser verhindert, ist dieses Set perfekt f\u00fcr alle K\u00f6nnerstufen. Genie\u00dfen Sie einen auslaufsicheren Sitz und leichtes Atmen f\u00fcr ein sicheres und unterhaltsames Unterwasserabenteuer.","og_url":"https:\/\/www.divingtangier.com\/de\/product\/tauchen-maske-schnorchel-set\/","article_publisher":"https:\/\/www.facebook.com\/TMDCenter","article_modified_time":"2024-10-17T16:05:31+00:00","og_image":[{"width":1000,"height":1000,"url":"https:\/\/www.divingtangier.com\/wp-content\/uploads\/2019\/02\/Scuba-Diving-Mask-Snorkel-Set.jpg","type":"image\/jpeg"}],"twitter_card":"summary_large_image","twitter_misc":{"Gesch\u00e4tzte Lesezeit":"1\u00a0Minute"},"schema":{"@context":"https:\/\/schema.org","@graph":[{"@type":"WebPage","@id":"https:\/\/www.divingtangier.com\/de\/product\/tauchen-maske-schnorchel-set\/","url":"https:\/\/www.divingtangier.com\/de\/product\/tauchen-maske-schnorchel-set\/","name":"Tauchen Maske Schnorchel Set |","isPartOf":{"@id":"https:\/\/www.divingtangier.com\/de\/#website"},"primaryImageOfPage":{"@id":"https:\/\/www.divingtangier.com\/de\/product\/tauchen-maske-schnorchel-set\/#primaryimage"},"image":{"@id":"https:\/\/www.divingtangier.com\/de\/product\/tauchen-maske-schnorchel-set\/#primaryimage"},"thumbnailUrl":"https:\/\/www.divingtangier.com\/wp-content\/uploads\/2019\/02\/Scuba-Diving-Mask-Snorkel-Set.jpg","datePublished":"2019-02-05T10:21:18+00:00","dateModified":"2024-10-17T16:05:31+00:00","breadcrumb":{"@id":"https:\/\/www.divingtangier.com\/de\/product\/tauchen-maske-schnorchel-set\/#breadcrumb"},"inLanguage":"de","potentialAction":[{"@type":"ReadAction","target":["https:\/\/www.divingtangier.com\/de\/product\/tauchen-maske-schnorchel-set\/"]}]},{"@type":"ImageObject","inLanguage":"de","@id":"https:\/\/www.divingtangier.com\/de\/product\/tauchen-maske-schnorchel-set\/#primaryimage","url":"https:\/\/www.divingtangier.com\/wp-content\/uploads\/2019\/02\/Scuba-Diving-Mask-Snorkel-Set.jpg","contentUrl":"https:\/\/www.divingtangier.com\/wp-content\/uploads\/2019\/02\/Scuba-Diving-Mask-Snorkel-Set.jpg","width":1000,"height":1000},{"@type":"BreadcrumbList","@id":"https:\/\/www.divingtangier.com\/de\/product\/tauchen-maske-schnorchel-set\/#breadcrumb","itemListElement":[{"@type":"ListItem","position":1,"name":"Home","item":"https:\/\/www.divingtangier.com\/de\/"},{"@type":"ListItem","position":2,"name":"Shop","item":"https:\/\/www.divingtangier.com\/shop\/"},{"@type":"ListItem","position":3,"name":"Tauchen Maske Schnorchel Set"}]},{"@type":"WebSite","@id":"https:\/\/www.divingtangier.com\/de\/#website","url":"https:\/\/www.divingtangier.com\/de\/","name":"https:\/\/www.divingtangier.com","description":"","publisher":{"@id":"https:\/\/www.divingtangier.com\/de\/#organization"},"alternateName":"www.divingtangier.com","potentialAction":[{"@type":"SearchAction","target":{"@type":"EntryPoint","urlTemplate":"https:\/\/www.divingtangier.com\/de\/?s={search_term_string}"},"query-input":{"@type":"PropertyValueSpecification","valueRequired":true,"valueName":"search_term_string"}}],"inLanguage":"de"},{"@type":"Organization","@id":"https:\/\/www.divingtangier.com\/de\/#organization","name":"Tanger Med Diving Center","url":"https:\/\/www.divingtangier.com\/de\/","logo":{"@type":"ImageObject","inLanguage":"de","@id":"https:\/\/www.divingtangier.com\/de\/#\/schema\/logo\/image\/","url":"https:\/\/www.divingtangier.com\/wp-content\/uploads\/2024\/10\/logo-Morroco-Diving-center-responsive.png","contentUrl":"https:\/\/www.divingtangier.com\/wp-content\/uploads\/2024\/10\/logo-Morroco-Diving-center-responsive.png","width":640,"height":640,"caption":"Tanger Med Diving Center"},"image":{"@id":"https:\/\/www.divingtangier.com\/de\/#\/schema\/logo\/image\/"},"sameAs":["https:\/\/www.facebook.com\/TMDCenter"]}]}},"_links":{"self":[{"href":"https:\/\/www.divingtangier.com\/de\/wp-json\/wp\/v2\/product\/5905","targetHints":{"allow":["GET"]}}],"collection":[{"href":"https:\/\/www.divingtangier.com\/de\/wp-json\/wp\/v2\/product"}],"about":[{"href":"https:\/\/www.divingtangier.com\/de\/wp-json\/wp\/v2\/types\/product"}],"replies":[{"embeddable":true,"href":"https:\/\/www.divingtangier.com\/de\/wp-json\/wp\/v2\/comments?post=5905"}],"wp:featuredmedia":[{"embeddable":true,"href":"https:\/\/www.divingtangier.com\/de\/wp-json\/wp\/v2\/media\/5049"}],"wp:attachment":[{"href":"https:\/\/www.divingtangier.com\/de\/wp-json\/wp\/v2\/media?parent=5905"}],"wp:term":[{"taxonomy":"product_brand","embeddable":true,"href":"https:\/\/www.divingtangier.com\/de\/wp-json\/wp\/v2\/product_brand?post=5905"},{"taxonomy":"product_cat","embeddable":true,"href":"https:\/\/www.divingtangier.com\/de\/wp-json\/wp\/v2\/product_cat?post=5905"},{"taxonomy":"product_tag","embeddable":true,"href":"https:\/\/www.divingtangier.com\/de\/wp-json\/wp\/v2\/product_tag?post=5905"}],"curies":[{"name":"wp","href":"https:\/\/api.w.org\/{rel}","templated":true}]}}