{"id":5477,"date":"2024-10-14T11:09:57","date_gmt":"2024-10-14T11:09:57","guid":{"rendered":"https:\/\/www.divingtangier.com\/rueckerstattung-und-rueckgabebedingungen\/"},"modified":"2024-10-17T13:08:17","modified_gmt":"2024-10-17T13:08:17","slug":"rueckerstattung-und-rueckgabebedingungen","status":"publish","type":"page","link":"https:\/\/www.divingtangier.com\/de\/rueckerstattung-und-rueckgabebedingungen\/","title":{"rendered":"R\u00fcckerstattung und R\u00fcckgabebedingungen"},"content":{"rendered":"\t\t<div data-elementor-type=\"wp-page\" data-elementor-id=\"5477\" class=\"elementor elementor-5477 elementor-4309\">\n\t\t\t\t\t\t<section class=\"elementor-section elementor-top-section elementor-element elementor-element-2aed5e1e elementor-section-boxed elementor-section-height-default elementor-section-height-default\" data-id=\"2aed5e1e\" data-element_type=\"section\">\n\t\t\t\t\t\t<div class=\"elementor-container elementor-column-gap-extended\">\n\t\t\t\t\t<div class=\"elementor-column elementor-col-100 elementor-top-column elementor-element elementor-element-6f2c7218 sc_inner_width_none sc_layouts_column_icons_position_left\" data-id=\"6f2c7218\" data-element_type=\"column\">\n\t\t\t<div class=\"elementor-widget-wrap elementor-element-populated\">\n\t\t\t\t\t\t<div class=\"elementor-element elementor-element-792f36b7 sc_fly_static elementor-widget elementor-widget-text-editor\" data-id=\"792f36b7\" data-element_type=\"widget\" data-widget_type=\"text-editor.default\">\n\t\t\t\t<div class=\"elementor-widget-container\">\n\t\t\t\t\t\t\t\n<p>Im <strong>Tanger Med Diving Center<\/strong> sind wir bestrebt, unseren Kunden au\u00dfergew\u00f6hnliche Taucherlebnisse und erstklassigen Service zu bieten. Wir verstehen, dass unvorhergesehene Umst\u00e4nde eintreten k\u00f6nnen, und wir bem\u00fchen uns, bei Stornierungen, Erstattungen und R\u00fcckgaben so kulant wie m\u00f6glich zu sein. Bitte lesen Sie die folgenden Richtlinien, um zu verstehen, wie Erstattungen und R\u00fcckgaben gehandhabt werden.  <\/p>\n<h2>1. <strong>Stornierungen und Erstattungen<\/strong><\/h2>\n<h3><strong>Tauchkurse und -ausfl\u00fcge<\/strong><\/h3>\n<ul>\n<li><strong>Stornierungen, die 14 Tage oder mehr vor dem geplanten Termin erfolgen<\/strong>: Sie erhalten eine volle R\u00fcckerstattung.<\/li>\n<li><strong>Stornierungen, die 7 bis 13 Tage vor dem geplanten Termin erfolgen<\/strong>: 50% Erstattung.<\/li>\n<li><strong>Stornierungen, die weniger als 7 Tage vor dem geplanten Termin erfolgen<\/strong>: Es erfolgt keine R\u00fcckerstattung, es sei denn, es liegen medizinische Gr\u00fcnde vor (Dokumentation erforderlich).<\/li>\n<\/ul>\n<h3><strong>Wetterbedingte Annullierungen<\/strong><\/h3>\n<p>Im Falle von schlechtem Wetter oder unsicheren Bedingungen auf See kann die Tauchbasis Ihre Reise stornieren oder verschieben. Bei einer Stornierung durch das <strong>Tanger Med Diving Center<\/strong> haben Sie die M\u00f6glichkeit, Ihre Buchung zu verschieben oder eine vollst\u00e4ndige R\u00fcckerstattung zu erhalten. <\/p>\n<h3><strong>Nichterscheinen<\/strong><\/h3>\n<p>Kunden, die ohne vorherige Ank\u00fcndigung nicht zu ihrem geplanten Tauchgang erscheinen, haben keinen Anspruch auf eine R\u00fcckerstattung.<\/p>\n<h2>2. <strong>R\u00fcckgabe und Umtausch von Ausr\u00fcstung<\/strong><\/h2>\n<p>Wenn Sie eine Tauchausr\u00fcstung bei <strong>Tanger Med Diving Center<\/strong> gekauft haben, gelten die folgenden R\u00fcckgabe- und Umtauschbedingungen:<\/p>\n<h3><strong>R\u00fcckgabebedingungen<\/strong><\/h3>\n<ul>\n<li>Die R\u00fcckgabe muss innerhalb von <strong>30 Tagen nach dem Kauf<\/strong> erfolgen.<\/li>\n<li>Die Artikel m\u00fcssen unbenutzt und in der Originalverpackung sein.<\/li>\n<li>F\u00fcr alle R\u00fcckgaben ist eine Quittung oder ein Kaufbeleg erforderlich.<\/li>\n<li>Erstattungen werden \u00fcber die urspr\u00fcngliche Zahlungsmethode abgewickelt.<\/li>\n<\/ul>\n<h3><strong>Tauschen Sie<\/strong><\/h3>\n<ul>\n<li>Wenn der gekaufte Artikel defekt oder besch\u00e4digt ist, kann er gegen den gleichen oder einen gleichwertigen Artikel umgetauscht werden.<\/li>\n<li>Der Umtausch muss innerhalb von <strong>30 Tagen<\/strong> nach dem Kauf erfolgen.<\/li>\n<\/ul>\n<h3><strong>Nicht umtauschbare Artikel<\/strong><\/h3>\n<ul>\n<li>Ma\u00dfgeschneiderte oder personalisierte Ausr\u00fcstung.<\/li>\n<li>Ausverkaufte Artikel sind endg\u00fcltig und k\u00f6nnen nicht zur\u00fcckgegeben oder erstattet werden.<\/li>\n<\/ul>\n<h2>3. <strong>Erstattungsprozess<\/strong><\/h2>\n<p>Sobald Ihre R\u00fcckgabe oder Stornierung genehmigt ist:<\/p>\n<ul>\n<li>Die R\u00fcckerstattung wird innerhalb von <strong>7 Werktagen<\/strong> bearbeitet.<\/li>\n<li>Je nach Ihrem Zahlungsanbieter kann es weitere 3-5 Werktage dauern, bis die R\u00fcckerstattung auf Ihrem Konto erscheint.<\/li>\n<li>Wenn Sie nach 10 Werktagen noch keine Erstattung erhalten haben, kontaktieren Sie uns bitte unter <strong><a rel=\"noopener\">info@divingtangier.com<\/a><\/strong> oder rufen Sie <strong>+212 615-821571<\/strong> an.<\/li>\n<\/ul>\n<h2>4. <strong>Wie Sie eine R\u00fcckerstattung oder R\u00fcckgabe beantragen<\/strong><\/h2>\n<p>Um eine Erstattung oder R\u00fcckgabe zu veranlassen, kontaktieren Sie uns bitte \u00fcber:<\/p>\n<ul>\n<li><strong>E-Mail<\/strong>: <a rel=\"noopener\">info@divingtangier.com<\/a><\/li>\n<li><strong>Telefon<\/strong>: +212 615-821571<\/li>\n<\/ul>\n<p>Bitte geben Sie in Ihrer Anfrage Ihre Buchungs- oder Kaufdetails an. Wir werden Sie durch den Prozess leiten und Ihnen mitteilen, ob zus\u00e4tzliche Informationen erforderlich sind. <\/p>\n\t\t\t\t\t\t<\/div>\n\t\t\t\t<\/div>\n\t\t\t\t\t<\/div>\n\t\t<\/div>\n\t\t\t\t\t<\/div>\n\t\t<\/section>\n\t\t\t\t<\/div>\n\t\t","protected":false},"excerpt":{"rendered":"<p>Im Tanger Med Diving Center sind wir bestrebt, unseren Kunden au\u00dfergew\u00f6hnliche Taucherlebnisse&hellip;<\/p>\n","protected":false},"author":3,"featured_media":0,"parent":0,"menu_order":0,"comment_status":"closed","ping_status":"closed","template":"","meta":{"_joinchat":[],"footnotes":""},"class_list":["post-5477","page","type-page","status-publish","hentry"],"yoast_head":"<!-- This site is optimized with the Yoast SEO plugin v25.3.1 - https:\/\/yoast.com\/wordpress\/plugins\/seo\/ -->\n<title>R\u00fcckerstattung und R\u00fcckgabebedingungen |<\/title>\n<meta name=\"robots\" content=\"index, follow, max-snippet:-1, max-image-preview:large, max-video-preview:-1\" \/>\n<link rel=\"canonical\" href=\"https:\/\/www.divingtangier.com\/de\/rueckerstattung-und-rueckgabebedingungen\/\" \/>\n<meta property=\"og:locale\" content=\"de_DE\" \/>\n<meta property=\"og:type\" content=\"article\" \/>\n<meta property=\"og:title\" content=\"R\u00fcckerstattung und R\u00fcckgabebedingungen |\" \/>\n<meta property=\"og:description\" content=\"Im Tanger Med Diving Center sind wir bestrebt, unseren Kunden au\u00dfergew\u00f6hnliche Taucherlebnisse&hellip;\" \/>\n<meta property=\"og:url\" content=\"https:\/\/www.divingtangier.com\/de\/rueckerstattung-und-rueckgabebedingungen\/\" \/>\n<meta property=\"article:publisher\" content=\"https:\/\/www.facebook.com\/TMDCenter\" \/>\n<meta property=\"article:modified_time\" content=\"2024-10-17T13:08:17+00:00\" \/>\n<meta property=\"og:image\" content=\"https:\/\/www.divingtangier.com\/wp-content\/uploads\/2024\/10\/cropped-favicon-Morroco-Diving-center-.jpg\" \/>\n\t<meta property=\"og:image:width\" content=\"512\" \/>\n\t<meta property=\"og:image:height\" content=\"512\" \/>\n\t<meta property=\"og:image:type\" content=\"image\/jpeg\" \/>\n<meta name=\"twitter:card\" content=\"summary_large_image\" \/>\n<meta name=\"twitter:label1\" content=\"Gesch\u00e4tzte Lesezeit\" \/>\n\t<meta name=\"twitter:data1\" content=\"2\u00a0Minuten\" \/>\n<script type=\"application\/ld+json\" class=\"yoast-schema-graph\">{\"@context\":\"https:\/\/schema.org\",\"@graph\":[{\"@type\":\"WebPage\",\"@id\":\"https:\/\/www.divingtangier.com\/de\/rueckerstattung-und-rueckgabebedingungen\/\",\"url\":\"https:\/\/www.divingtangier.com\/de\/rueckerstattung-und-rueckgabebedingungen\/\",\"name\":\"R\u00fcckerstattung und R\u00fcckgabebedingungen |\",\"isPartOf\":{\"@id\":\"https:\/\/www.divingtangier.com\/de\/#website\"},\"datePublished\":\"2024-10-14T11:09:57+00:00\",\"dateModified\":\"2024-10-17T13:08:17+00:00\",\"breadcrumb\":{\"@id\":\"https:\/\/www.divingtangier.com\/de\/rueckerstattung-und-rueckgabebedingungen\/#breadcrumb\"},\"inLanguage\":\"de\",\"potentialAction\":[{\"@type\":\"ReadAction\",\"target\":[\"https:\/\/www.divingtangier.com\/de\/rueckerstattung-und-rueckgabebedingungen\/\"]}]},{\"@type\":\"BreadcrumbList\",\"@id\":\"https:\/\/www.divingtangier.com\/de\/rueckerstattung-und-rueckgabebedingungen\/#breadcrumb\",\"itemListElement\":[{\"@type\":\"ListItem\",\"position\":1,\"name\":\"Home\",\"item\":\"https:\/\/www.divingtangier.com\/de\/\"},{\"@type\":\"ListItem\",\"position\":2,\"name\":\"R\u00fcckerstattung und R\u00fcckgabebedingungen\"}]},{\"@type\":\"WebSite\",\"@id\":\"https:\/\/www.divingtangier.com\/de\/#website\",\"url\":\"https:\/\/www.divingtangier.com\/de\/\",\"name\":\"https:\/\/www.divingtangier.com\",\"description\":\"\",\"publisher\":{\"@id\":\"https:\/\/www.divingtangier.com\/de\/#organization\"},\"alternateName\":\"www.divingtangier.com\",\"potentialAction\":[{\"@type\":\"SearchAction\",\"target\":{\"@type\":\"EntryPoint\",\"urlTemplate\":\"https:\/\/www.divingtangier.com\/de\/?s={search_term_string}\"},\"query-input\":{\"@type\":\"PropertyValueSpecification\",\"valueRequired\":true,\"valueName\":\"search_term_string\"}}],\"inLanguage\":\"de\"},{\"@type\":\"Organization\",\"@id\":\"https:\/\/www.divingtangier.com\/de\/#organization\",\"name\":\"Tanger Med Diving Center\",\"url\":\"https:\/\/www.divingtangier.com\/de\/\",\"logo\":{\"@type\":\"ImageObject\",\"inLanguage\":\"de\",\"@id\":\"https:\/\/www.divingtangier.com\/de\/#\/schema\/logo\/image\/\",\"url\":\"https:\/\/www.divingtangier.com\/wp-content\/uploads\/2024\/10\/logo-Morroco-Diving-center-responsive.png\",\"contentUrl\":\"https:\/\/www.divingtangier.com\/wp-content\/uploads\/2024\/10\/logo-Morroco-Diving-center-responsive.png\",\"width\":640,\"height\":640,\"caption\":\"Tanger Med Diving Center\"},\"image\":{\"@id\":\"https:\/\/www.divingtangier.com\/de\/#\/schema\/logo\/image\/\"},\"sameAs\":[\"https:\/\/www.facebook.com\/TMDCenter\"]}]}<\/script>\n<!-- \/ Yoast SEO plugin. -->","yoast_head_json":{"title":"R\u00fcckerstattung und R\u00fcckgabebedingungen |","robots":{"index":"index","follow":"follow","max-snippet":"max-snippet:-1","max-image-preview":"max-image-preview:large","max-video-preview":"max-video-preview:-1"},"canonical":"https:\/\/www.divingtangier.com\/de\/rueckerstattung-und-rueckgabebedingungen\/","og_locale":"de_DE","og_type":"article","og_title":"R\u00fcckerstattung und R\u00fcckgabebedingungen |","og_description":"Im Tanger Med Diving Center sind wir bestrebt, unseren Kunden au\u00dfergew\u00f6hnliche Taucherlebnisse&hellip;","og_url":"https:\/\/www.divingtangier.com\/de\/rueckerstattung-und-rueckgabebedingungen\/","article_publisher":"https:\/\/www.facebook.com\/TMDCenter","article_modified_time":"2024-10-17T13:08:17+00:00","og_image":[{"width":512,"height":512,"url":"https:\/\/www.divingtangier.com\/wp-content\/uploads\/2024\/10\/cropped-favicon-Morroco-Diving-center-.jpg","type":"image\/jpeg"}],"twitter_card":"summary_large_image","twitter_misc":{"Gesch\u00e4tzte Lesezeit":"2\u00a0Minuten"},"schema":{"@context":"https:\/\/schema.org","@graph":[{"@type":"WebPage","@id":"https:\/\/www.divingtangier.com\/de\/rueckerstattung-und-rueckgabebedingungen\/","url":"https:\/\/www.divingtangier.com\/de\/rueckerstattung-und-rueckgabebedingungen\/","name":"R\u00fcckerstattung und R\u00fcckgabebedingungen |","isPartOf":{"@id":"https:\/\/www.divingtangier.com\/de\/#website"},"datePublished":"2024-10-14T11:09:57+00:00","dateModified":"2024-10-17T13:08:17+00:00","breadcrumb":{"@id":"https:\/\/www.divingtangier.com\/de\/rueckerstattung-und-rueckgabebedingungen\/#breadcrumb"},"inLanguage":"de","potentialAction":[{"@type":"ReadAction","target":["https:\/\/www.divingtangier.com\/de\/rueckerstattung-und-rueckgabebedingungen\/"]}]},{"@type":"BreadcrumbList","@id":"https:\/\/www.divingtangier.com\/de\/rueckerstattung-und-rueckgabebedingungen\/#breadcrumb","itemListElement":[{"@type":"ListItem","position":1,"name":"Home","item":"https:\/\/www.divingtangier.com\/de\/"},{"@type":"ListItem","position":2,"name":"R\u00fcckerstattung und R\u00fcckgabebedingungen"}]},{"@type":"WebSite","@id":"https:\/\/www.divingtangier.com\/de\/#website","url":"https:\/\/www.divingtangier.com\/de\/","name":"https:\/\/www.divingtangier.com","description":"","publisher":{"@id":"https:\/\/www.divingtangier.com\/de\/#organization"},"alternateName":"www.divingtangier.com","potentialAction":[{"@type":"SearchAction","target":{"@type":"EntryPoint","urlTemplate":"https:\/\/www.divingtangier.com\/de\/?s={search_term_string}"},"query-input":{"@type":"PropertyValueSpecification","valueRequired":true,"valueName":"search_term_string"}}],"inLanguage":"de"},{"@type":"Organization","@id":"https:\/\/www.divingtangier.com\/de\/#organization","name":"Tanger Med Diving Center","url":"https:\/\/www.divingtangier.com\/de\/","logo":{"@type":"ImageObject","inLanguage":"de","@id":"https:\/\/www.divingtangier.com\/de\/#\/schema\/logo\/image\/","url":"https:\/\/www.divingtangier.com\/wp-content\/uploads\/2024\/10\/logo-Morroco-Diving-center-responsive.png","contentUrl":"https:\/\/www.divingtangier.com\/wp-content\/uploads\/2024\/10\/logo-Morroco-Diving-center-responsive.png","width":640,"height":640,"caption":"Tanger Med Diving Center"},"image":{"@id":"https:\/\/www.divingtangier.com\/de\/#\/schema\/logo\/image\/"},"sameAs":["https:\/\/www.facebook.com\/TMDCenter"]}]}},"_links":{"self":[{"href":"https:\/\/www.divingtangier.com\/de\/wp-json\/wp\/v2\/pages\/5477","targetHints":{"allow":["GET"]}}],"collection":[{"href":"https:\/\/www.divingtangier.com\/de\/wp-json\/wp\/v2\/pages"}],"about":[{"href":"https:\/\/www.divingtangier.com\/de\/wp-json\/wp\/v2\/types\/page"}],"author":[{"embeddable":true,"href":"https:\/\/www.divingtangier.com\/de\/wp-json\/wp\/v2\/users\/3"}],"replies":[{"embeddable":true,"href":"https:\/\/www.divingtangier.com\/de\/wp-json\/wp\/v2\/comments?post=5477"}],"version-history":[{"count":8,"href":"https:\/\/www.divingtangier.com\/de\/wp-json\/wp\/v2\/pages\/5477\/revisions"}],"predecessor-version":[{"id":5508,"href":"https:\/\/www.divingtangier.com\/de\/wp-json\/wp\/v2\/pages\/5477\/revisions\/5508"}],"wp:attachment":[{"href":"https:\/\/www.divingtangier.com\/de\/wp-json\/wp\/v2\/media?parent=5477"}],"curies":[{"name":"wp","href":"https:\/\/api.w.org\/{rel}","templated":true}]}}