{"id":5432,"date":"2019-01-25T11:11:03","date_gmt":"2019-01-25T11:11:03","guid":{"rendered":"https:\/\/www.divingtangier.com\/datenschutzbestimmungen\/"},"modified":"2024-10-17T13:07:39","modified_gmt":"2024-10-17T13:07:39","slug":"datenschutzbestimmungen","status":"publish","type":"page","link":"https:\/\/www.divingtangier.com\/de\/datenschutzbestimmungen\/","title":{"rendered":"Datenschutzbestimmungen"},"content":{"rendered":"\t\t<div data-elementor-type=\"wp-post\" data-elementor-id=\"5432\" class=\"elementor elementor-5432 elementor-69\">\n\t\t\t\t\t\t<section class=\"elementor-section elementor-top-section elementor-element elementor-element-19dac095 elementor-section-boxed elementor-section-height-default elementor-section-height-default\" data-id=\"19dac095\" data-element_type=\"section\" data-settings=\"{&quot;background_background&quot;:&quot;classic&quot;}\">\n\t\t\t\t\t\t<div class=\"elementor-container elementor-column-gap-wider\">\n\t\t\t\t\t<div class=\"elementor-column elementor-col-100 elementor-top-column elementor-element elementor-element-9e48320 sc_inner_width_none sc_layouts_column_icons_position_left\" data-id=\"9e48320\" data-element_type=\"column\">\n\t\t\t<div class=\"elementor-widget-wrap elementor-element-populated\">\n\t\t\t\t\t\t<div class=\"elementor-element elementor-element-197cb141 sc_fly_static elementor-widget elementor-widget-heading\" data-id=\"197cb141\" data-element_type=\"widget\" data-widget_type=\"heading.default\">\n\t\t\t\t<div class=\"elementor-widget-container\">\n\t\t\t<h5 class=\"elementor-heading-title elementor-size-default\">1. EINLEITUNG<\/h5>\t\t<\/div>\n\t\t\t\t<\/div>\n\t\t\t\t<div class=\"elementor-element elementor-element-11efeb81 sc_fly_static elementor-widget elementor-widget-text-editor\" data-id=\"11efeb81\" data-element_type=\"widget\" data-widget_type=\"text-editor.default\">\n\t\t\t\t<div class=\"elementor-widget-container\">\n\t\t\t\t\t\t\t<p>Datum des Inkrafttretens: Oktober 2024<\/p>\n<p>Im <strong>Tanger Med Diving Center<\/strong>, erreichbar \u00fcber <a href=\"https:\/\/www.divingtangier.com\/de\/\" target=\"_new\" rel=\"noopener\">https:\/\/www.divingtangier.com,<\/a> verpflichten wir uns, Ihre Privatsph\u00e4re zu sch\u00fctzen. Dieses Dokument zum Datenschutz enth\u00e4lt die Arten von Informationen, die wir sammeln und aufzeichnen, und wie wir sie verwenden. <\/p>\n<p>Wenn Sie weitere Fragen haben oder mehr Informationen \u00fcber unsere Datenschutzrichtlinie ben\u00f6tigen, z\u00f6gern Sie nicht, uns per E-Mail zu kontaktieren unter <strong><a rel=\"noopener\">info@divingtangier.com<\/a><\/strong> oder per Telefon unter <strong>+212 615-821571<\/strong>.<\/p>\n\t\t\t\t\t\t<\/div>\n\t\t\t\t<\/div>\n\t\t\t\t\t<\/div>\n\t\t<\/div>\n\t\t\t\t\t<\/div>\n\t\t<\/section>\n\t\t\t\t<section class=\"elementor-section elementor-top-section elementor-element elementor-element-19fecaae elementor-section-boxed elementor-section-height-default elementor-section-height-default\" data-id=\"19fecaae\" data-element_type=\"section\">\n\t\t\t\t\t\t<div class=\"elementor-container elementor-column-gap-extended\">\n\t\t\t\t\t<div class=\"elementor-column elementor-col-100 elementor-top-column elementor-element elementor-element-57580bbc sc_inner_width_none sc_layouts_column_icons_position_left\" data-id=\"57580bbc\" data-element_type=\"column\">\n\t\t\t<div class=\"elementor-widget-wrap elementor-element-populated\">\n\t\t\t\t\t\t<div class=\"elementor-element elementor-element-4284bc9b sc_fly_static elementor-widget elementor-widget-spacer\" data-id=\"4284bc9b\" data-element_type=\"widget\" data-widget_type=\"spacer.default\">\n\t\t\t\t<div class=\"elementor-widget-container\">\n\t\t\t\t\t<div class=\"elementor-spacer\">\n\t\t\t<div class=\"elementor-spacer-inner\"><\/div>\n\t\t<\/div>\n\t\t\t\t<\/div>\n\t\t\t\t<\/div>\n\t\t\t\t\t<\/div>\n\t\t<\/div>\n\t\t\t\t\t<\/div>\n\t\t<\/section>\n\t\t\t\t<section class=\"elementor-section elementor-top-section elementor-element elementor-element-31bfd29e elementor-section-boxed elementor-section-height-default elementor-section-height-default\" data-id=\"31bfd29e\" data-element_type=\"section\" data-settings=\"{&quot;background_background&quot;:&quot;classic&quot;}\">\n\t\t\t\t\t\t<div class=\"elementor-container elementor-column-gap-wider\">\n\t\t\t\t\t<div class=\"elementor-column elementor-col-100 elementor-top-column elementor-element elementor-element-277cce3e sc_inner_width_none sc_layouts_column_icons_position_left\" data-id=\"277cce3e\" data-element_type=\"column\">\n\t\t\t<div class=\"elementor-widget-wrap elementor-element-populated\">\n\t\t\t\t\t\t<div class=\"elementor-element elementor-element-5b840aa0 sc_fly_static elementor-widget elementor-widget-spacer\" data-id=\"5b840aa0\" data-element_type=\"widget\" data-widget_type=\"spacer.default\">\n\t\t\t\t<div class=\"elementor-widget-container\">\n\t\t\t\t\t<div class=\"elementor-spacer\">\n\t\t\t<div class=\"elementor-spacer-inner\"><\/div>\n\t\t<\/div>\n\t\t\t\t<\/div>\n\t\t\t\t<\/div>\n\t\t\t\t<div class=\"elementor-element elementor-element-28ffd096 sc_fly_static elementor-widget elementor-widget-heading\" data-id=\"28ffd096\" data-element_type=\"widget\" data-widget_type=\"heading.default\">\n\t\t\t\t<div class=\"elementor-widget-container\">\n\t\t\t<h5 class=\"elementor-heading-title elementor-size-default\">2. von uns gesammelte Informationen<\/h5>\t\t<\/div>\n\t\t\t\t<\/div>\n\t\t\t\t<div class=\"elementor-element elementor-element-18ee7638 sc_fly_static elementor-widget elementor-widget-text-editor\" data-id=\"18ee7638\" data-element_type=\"widget\" data-widget_type=\"text-editor.default\">\n\t\t\t\t<div class=\"elementor-widget-container\">\n\t\t\t\t\t\t\t<h3>1. <strong>Informationen, die wir sammeln<\/strong><\/h3>\n<p>Wenn Sie unsere Website nutzen, k\u00f6nnen wir die folgenden Informationen sammeln:<\/p>\n<ul>\n<li><strong>Pers\u00f6nliche Identifikationsdaten<\/strong> (Name, E-Mail-Adresse, Telefonnummer usw.)<\/li>\n<li><strong>Buchungs- und Transaktionsdetails<\/strong> (f\u00fcr Dienstleistungen wie Tauchpakete, Ausr\u00fcstungsverleih usw.)<\/li>\n<li><strong>Automatisch erfasste Daten<\/strong>: Dazu geh\u00f6ren IP-Adressen, Browsertypen und andere Informationen, die \u00fcber Cookies gesammelt werden.<\/li>\n<\/ul>\n<h3>2. <strong>Wie wir Ihre Informationen verwenden<\/strong><\/h3>\n<p>Die von uns gesammelten Informationen werden auf verschiedene Weise verwendet, unter anderem um:<\/p>\n<ul>\n<li>Bearbeiten Sie Buchungen und erbringen Sie unsere Dienstleistungen.<\/li>\n<li>Kommunikation mit Ihnen, einschlie\u00dflich Kundendienst, Anfragen oder Aktualisierungen in Bezug auf unsere Angebote.<\/li>\n<li>Verbessern Sie unsere Website, unsere Dienstleistungen und unser Kundenerlebnis.<\/li>\n<li>Zusendung von Werbeangeboten oder Aktualisierungen, wenn Sie sich f\u00fcr den Erhalt solcher Mitteilungen entschieden haben.<\/li>\n<\/ul>\n<h3>3. <strong>Weitergabe Ihrer Informationen<\/strong><\/h3>\n<p>Wir werden Ihre personenbezogenen Daten nicht verkaufen, tauschen oder anderweitig an Dritte weitergeben. Wir k\u00f6nnen Ihre Daten jedoch an vertrauensw\u00fcrdige Partner weitergeben, die uns beim Betrieb unserer Website und bei der Durchf\u00fchrung unserer Gesch\u00e4fte unterst\u00fctzen, sofern diese Parteien sich verpflichten, diese Daten vertraulich zu behandeln. <\/p>\n<h3>4. <strong>Cookies und Tracking-Technologien<\/strong><\/h3>\n<p>Wir verwenden Cookies, um die Benutzererfahrung auf unserer Website zu verbessern. Cookies sind kleine Dateien, die auf Ihrem Ger\u00e4t gespeichert werden und die es uns erm\u00f6glichen, Ihre Pr\u00e4ferenzen und Aktivit\u00e4ten zu verfolgen. Sie k\u00f6nnen Cookies in den Einstellungen Ihres Browsers deaktivieren, aber das kann Ihre Erfahrung auf unserer Website beeintr\u00e4chtigen.  <\/p>\n<h3>5. <strong>Datensicherheit<\/strong><\/h3>\n<p>Wir setzen angemessene technische und organisatorische Sicherheitsma\u00dfnahmen ein, um Ihre Daten vor unberechtigtem Zugriff, Offenlegung, Ver\u00e4nderung oder Zerst\u00f6rung zu sch\u00fctzen.<\/p>\n<h3>6. <strong>Ihre Rechte<\/strong><\/h3>\n<p>Sie haben die folgenden Rechte in Bezug auf Ihre pers\u00f6nlichen Daten:<\/p>\n<ul>\n<li><strong>Zugang<\/strong>: Sie k\u00f6nnen Kopien Ihrer pers\u00f6nlichen Daten anfordern.<\/li>\n<li><strong>Richtigstellung<\/strong>: Sie k\u00f6nnen die Berichtigung unrichtiger Daten verlangen, die wir gespeichert haben.<\/li>\n<li><strong>L\u00f6schung<\/strong>: Sie k\u00f6nnen die L\u00f6schung Ihrer pers\u00f6nlichen Daten beantragen.<\/li>\n<li><strong>Einspruch<\/strong>: Sie haben das Recht, gegen bestimmte Arten der Verarbeitung Widerspruch einzulegen.<\/li>\n<\/ul>\n<p>Um eines dieser Rechte auszu\u00fcben, kontaktieren Sie uns unter <strong><a rel=\"noopener\">info@divingtangier.com<\/a><\/strong> oder <strong>+212 615-821571<\/strong>.<\/p>\n<h3>7. <strong>Links von Drittanbietern<\/strong><\/h3>\n<p>Unsere Website kann Links zu Websites Dritter enthalten. Wir sind nicht verantwortlich f\u00fcr die Datenschutzpraktiken anderer Websites. Wir empfehlen unseren Nutzern, die Datenschutzrichtlinien dieser Websites Dritter zu lesen, bevor sie pers\u00f6nliche Daten angeben.  <\/p>\n<h3>8. <strong>\u00c4nderungen an dieser Richtlinie<\/strong><\/h3>\n<p>Wir behalten uns das Recht vor, diese Datenschutzrichtlinie jederzeit zu aktualisieren. Alle \u00c4nderungen werden auf dieser Seite mit dem aktualisierten Datum des Inkrafttretens ver\u00f6ffentlicht. <\/p>\n<hr>\n<p>Wenn Sie Fragen oder Bedenken bez\u00fcglich unserer Datenschutzrichtlinie haben, kontaktieren Sie uns bitte:<\/p>\n<ul>\n<li><strong>Telefon<\/strong>: +212 615-821571<\/li>\n<li><strong>E-Mail<\/strong>: <a rel=\"noopener\">info@divingtangier.com<\/a><\/li>\n<\/ul>\n\t\t\t\t\t\t<\/div>\n\t\t\t\t<\/div>\n\t\t\t\t<div class=\"elementor-element elementor-element-452c618 sc_fly_static elementor-widget elementor-widget-spacer\" data-id=\"452c618\" data-element_type=\"widget\" data-widget_type=\"spacer.default\">\n\t\t\t\t<div class=\"elementor-widget-container\">\n\t\t\t\t\t<div class=\"elementor-spacer\">\n\t\t\t<div class=\"elementor-spacer-inner\"><\/div>\n\t\t<\/div>\n\t\t\t\t<\/div>\n\t\t\t\t<\/div>\n\t\t\t\t\t<\/div>\n\t\t<\/div>\n\t\t\t\t\t<\/div>\n\t\t<\/section>\n\t\t\t\t<\/div>\n\t\t","protected":false},"excerpt":{"rendered":"<p>1. EINLEITUNG Datum des Inkrafttretens: Oktober 2024 Im Tanger Med Diving Center,&hellip;<\/p>\n","protected":false},"author":3,"featured_media":0,"parent":0,"menu_order":0,"comment_status":"closed","ping_status":"closed","template":"","meta":{"_joinchat":[],"footnotes":""},"class_list":["post-5432","page","type-page","status-publish","hentry"],"yoast_head":"<!-- This site is optimized with the Yoast SEO plugin v25.3.1 - https:\/\/yoast.com\/wordpress\/plugins\/seo\/ -->\n<title>Datenschutzbestimmungen |<\/title>\n<meta name=\"robots\" content=\"index, follow, max-snippet:-1, max-image-preview:large, max-video-preview:-1\" \/>\n<link rel=\"canonical\" href=\"https:\/\/www.divingtangier.com\/de\/datenschutzbestimmungen\/\" \/>\n<meta property=\"og:locale\" content=\"de_DE\" \/>\n<meta property=\"og:type\" content=\"article\" \/>\n<meta property=\"og:title\" content=\"Datenschutzbestimmungen |\" \/>\n<meta property=\"og:description\" content=\"1. EINLEITUNG Datum des Inkrafttretens: Oktober 2024 Im Tanger Med Diving Center,&hellip;\" \/>\n<meta property=\"og:url\" content=\"https:\/\/www.divingtangier.com\/de\/datenschutzbestimmungen\/\" \/>\n<meta property=\"article:publisher\" content=\"https:\/\/www.facebook.com\/TMDCenter\" \/>\n<meta property=\"article:modified_time\" content=\"2024-10-17T13:07:39+00:00\" \/>\n<meta property=\"og:image\" content=\"https:\/\/www.divingtangier.com\/wp-content\/uploads\/2024\/10\/cropped-favicon-Morroco-Diving-center-.jpg\" \/>\n\t<meta property=\"og:image:width\" content=\"512\" \/>\n\t<meta property=\"og:image:height\" content=\"512\" \/>\n\t<meta property=\"og:image:type\" content=\"image\/jpeg\" \/>\n<meta name=\"twitter:card\" content=\"summary_large_image\" \/>\n<meta name=\"twitter:label1\" content=\"Gesch\u00e4tzte Lesezeit\" \/>\n\t<meta name=\"twitter:data1\" content=\"2\u00a0Minuten\" \/>\n<script type=\"application\/ld+json\" class=\"yoast-schema-graph\">{\"@context\":\"https:\/\/schema.org\",\"@graph\":[{\"@type\":\"WebPage\",\"@id\":\"https:\/\/www.divingtangier.com\/de\/datenschutzbestimmungen\/\",\"url\":\"https:\/\/www.divingtangier.com\/de\/datenschutzbestimmungen\/\",\"name\":\"Datenschutzbestimmungen |\",\"isPartOf\":{\"@id\":\"https:\/\/www.divingtangier.com\/de\/#website\"},\"datePublished\":\"2019-01-25T11:11:03+00:00\",\"dateModified\":\"2024-10-17T13:07:39+00:00\",\"breadcrumb\":{\"@id\":\"https:\/\/www.divingtangier.com\/de\/datenschutzbestimmungen\/#breadcrumb\"},\"inLanguage\":\"de\",\"potentialAction\":[{\"@type\":\"ReadAction\",\"target\":[\"https:\/\/www.divingtangier.com\/de\/datenschutzbestimmungen\/\"]}]},{\"@type\":\"BreadcrumbList\",\"@id\":\"https:\/\/www.divingtangier.com\/de\/datenschutzbestimmungen\/#breadcrumb\",\"itemListElement\":[{\"@type\":\"ListItem\",\"position\":1,\"name\":\"Home\",\"item\":\"https:\/\/www.divingtangier.com\/de\/\"},{\"@type\":\"ListItem\",\"position\":2,\"name\":\"Datenschutzbestimmungen\"}]},{\"@type\":\"WebSite\",\"@id\":\"https:\/\/www.divingtangier.com\/de\/#website\",\"url\":\"https:\/\/www.divingtangier.com\/de\/\",\"name\":\"https:\/\/www.divingtangier.com\",\"description\":\"\",\"publisher\":{\"@id\":\"https:\/\/www.divingtangier.com\/de\/#organization\"},\"alternateName\":\"www.divingtangier.com\",\"potentialAction\":[{\"@type\":\"SearchAction\",\"target\":{\"@type\":\"EntryPoint\",\"urlTemplate\":\"https:\/\/www.divingtangier.com\/de\/?s={search_term_string}\"},\"query-input\":{\"@type\":\"PropertyValueSpecification\",\"valueRequired\":true,\"valueName\":\"search_term_string\"}}],\"inLanguage\":\"de\"},{\"@type\":\"Organization\",\"@id\":\"https:\/\/www.divingtangier.com\/de\/#organization\",\"name\":\"Tanger Med Diving Center\",\"url\":\"https:\/\/www.divingtangier.com\/de\/\",\"logo\":{\"@type\":\"ImageObject\",\"inLanguage\":\"de\",\"@id\":\"https:\/\/www.divingtangier.com\/de\/#\/schema\/logo\/image\/\",\"url\":\"https:\/\/www.divingtangier.com\/wp-content\/uploads\/2024\/10\/logo-Morroco-Diving-center-responsive.png\",\"contentUrl\":\"https:\/\/www.divingtangier.com\/wp-content\/uploads\/2024\/10\/logo-Morroco-Diving-center-responsive.png\",\"width\":640,\"height\":640,\"caption\":\"Tanger Med Diving Center\"},\"image\":{\"@id\":\"https:\/\/www.divingtangier.com\/de\/#\/schema\/logo\/image\/\"},\"sameAs\":[\"https:\/\/www.facebook.com\/TMDCenter\"]}]}<\/script>\n<!-- \/ Yoast SEO plugin. -->","yoast_head_json":{"title":"Datenschutzbestimmungen |","robots":{"index":"index","follow":"follow","max-snippet":"max-snippet:-1","max-image-preview":"max-image-preview:large","max-video-preview":"max-video-preview:-1"},"canonical":"https:\/\/www.divingtangier.com\/de\/datenschutzbestimmungen\/","og_locale":"de_DE","og_type":"article","og_title":"Datenschutzbestimmungen |","og_description":"1. EINLEITUNG Datum des Inkrafttretens: Oktober 2024 Im Tanger Med Diving Center,&hellip;","og_url":"https:\/\/www.divingtangier.com\/de\/datenschutzbestimmungen\/","article_publisher":"https:\/\/www.facebook.com\/TMDCenter","article_modified_time":"2024-10-17T13:07:39+00:00","og_image":[{"width":512,"height":512,"url":"https:\/\/www.divingtangier.com\/wp-content\/uploads\/2024\/10\/cropped-favicon-Morroco-Diving-center-.jpg","type":"image\/jpeg"}],"twitter_card":"summary_large_image","twitter_misc":{"Gesch\u00e4tzte Lesezeit":"2\u00a0Minuten"},"schema":{"@context":"https:\/\/schema.org","@graph":[{"@type":"WebPage","@id":"https:\/\/www.divingtangier.com\/de\/datenschutzbestimmungen\/","url":"https:\/\/www.divingtangier.com\/de\/datenschutzbestimmungen\/","name":"Datenschutzbestimmungen |","isPartOf":{"@id":"https:\/\/www.divingtangier.com\/de\/#website"},"datePublished":"2019-01-25T11:11:03+00:00","dateModified":"2024-10-17T13:07:39+00:00","breadcrumb":{"@id":"https:\/\/www.divingtangier.com\/de\/datenschutzbestimmungen\/#breadcrumb"},"inLanguage":"de","potentialAction":[{"@type":"ReadAction","target":["https:\/\/www.divingtangier.com\/de\/datenschutzbestimmungen\/"]}]},{"@type":"BreadcrumbList","@id":"https:\/\/www.divingtangier.com\/de\/datenschutzbestimmungen\/#breadcrumb","itemListElement":[{"@type":"ListItem","position":1,"name":"Home","item":"https:\/\/www.divingtangier.com\/de\/"},{"@type":"ListItem","position":2,"name":"Datenschutzbestimmungen"}]},{"@type":"WebSite","@id":"https:\/\/www.divingtangier.com\/de\/#website","url":"https:\/\/www.divingtangier.com\/de\/","name":"https:\/\/www.divingtangier.com","description":"","publisher":{"@id":"https:\/\/www.divingtangier.com\/de\/#organization"},"alternateName":"www.divingtangier.com","potentialAction":[{"@type":"SearchAction","target":{"@type":"EntryPoint","urlTemplate":"https:\/\/www.divingtangier.com\/de\/?s={search_term_string}"},"query-input":{"@type":"PropertyValueSpecification","valueRequired":true,"valueName":"search_term_string"}}],"inLanguage":"de"},{"@type":"Organization","@id":"https:\/\/www.divingtangier.com\/de\/#organization","name":"Tanger Med Diving Center","url":"https:\/\/www.divingtangier.com\/de\/","logo":{"@type":"ImageObject","inLanguage":"de","@id":"https:\/\/www.divingtangier.com\/de\/#\/schema\/logo\/image\/","url":"https:\/\/www.divingtangier.com\/wp-content\/uploads\/2024\/10\/logo-Morroco-Diving-center-responsive.png","contentUrl":"https:\/\/www.divingtangier.com\/wp-content\/uploads\/2024\/10\/logo-Morroco-Diving-center-responsive.png","width":640,"height":640,"caption":"Tanger Med Diving Center"},"image":{"@id":"https:\/\/www.divingtangier.com\/de\/#\/schema\/logo\/image\/"},"sameAs":["https:\/\/www.facebook.com\/TMDCenter"]}]}},"_links":{"self":[{"href":"https:\/\/www.divingtangier.com\/de\/wp-json\/wp\/v2\/pages\/5432","targetHints":{"allow":["GET"]}}],"collection":[{"href":"https:\/\/www.divingtangier.com\/de\/wp-json\/wp\/v2\/pages"}],"about":[{"href":"https:\/\/www.divingtangier.com\/de\/wp-json\/wp\/v2\/types\/page"}],"author":[{"embeddable":true,"href":"https:\/\/www.divingtangier.com\/de\/wp-json\/wp\/v2\/users\/3"}],"replies":[{"embeddable":true,"href":"https:\/\/www.divingtangier.com\/de\/wp-json\/wp\/v2\/comments?post=5432"}],"version-history":[{"count":2,"href":"https:\/\/www.divingtangier.com\/de\/wp-json\/wp\/v2\/pages\/5432\/revisions"}],"predecessor-version":[{"id":5434,"href":"https:\/\/www.divingtangier.com\/de\/wp-json\/wp\/v2\/pages\/5432\/revisions\/5434"}],"wp:attachment":[{"href":"https:\/\/www.divingtangier.com\/de\/wp-json\/wp\/v2\/media?parent=5432"}],"curies":[{"name":"wp","href":"https:\/\/api.w.org\/{rel}","templated":true}]}}